{"id":4842,"date":"2025-03-25T10:07:35","date_gmt":"2025-03-25T10:07:35","guid":{"rendered":"https:\/\/inclusive-future.eu\/?page_id=4842"},"modified":"2025-06-10T13:22:28","modified_gmt":"2025-06-10T13:22:28","slug":"raising-awareness","status":"publish","type":"page","link":"https:\/\/inclusive-future.eu\/tr\/raising-awareness","title":{"rendered":"Raising awareness"},"content":{"rendered":"\t\t<div data-elementor-type=\"wp-page\" data-elementor-id=\"4842\" class=\"elementor elementor-4842 elementor-2423\" data-elementor-post-type=\"page\">\n\t\t\t\t<div class=\"elementor-element elementor-element-b52d114 e-con-full e-flex e-con e-parent\" data-id=\"b52d114\" data-element_type=\"container\" data-e-type=\"container\" data-settings=\"{&quot;background_background&quot;:&quot;classic&quot;,&quot;jet_parallax_layout_list&quot;:[]}\">\n\t\t\t\t<div class=\"elementor-element elementor-element-d79b225 elementor-widget__width-initial elementor-invisible elementor-widget elementor-widget-heading\" data-id=\"d79b225\" data-element_type=\"widget\" data-e-type=\"widget\" data-settings=\"{&quot;_animation&quot;:&quot;fadeInDown&quot;}\" data-widget_type=\"heading.default\">\n\t\t\t\t<div class=\"elementor-widget-container\">\n\t\t\t\t\t<h2 class=\"elementor-heading-title elementor-size-default\">FARKINDALI\u011eIN ARTIRILMASI<\/h2>\t\t\t\t<\/div>\n\t\t\t\t<\/div>\n\t\t\t\t<\/div>\n\t\t<div class=\"elementor-element elementor-element-46d9f8b e-flex e-con-boxed e-con e-parent\" data-id=\"46d9f8b\" data-element_type=\"container\" data-e-type=\"container\" data-settings=\"{&quot;background_background&quot;:&quot;classic&quot;,&quot;jet_parallax_layout_list&quot;:[]}\">\n\t\t\t\t\t<div class=\"e-con-inner\">\n\t\t\t\t<div class=\"elementor-element elementor-element-f764f70 elementor-widget elementor-widget-text-editor\" data-id=\"f764f70\" data-element_type=\"widget\" data-e-type=\"widget\" data-widget_type=\"text-editor.default\">\n\t\t\t\t<div class=\"elementor-widget-container\">\n\t\t\t\t\t\t\t\t\t<p>Bu giri\u015fim, proje sonu\u00e7lar\u0131n\u0131n yayg\u0131n ileti\u015fimini, yayg\u0131nla\u015ft\u0131r\u0131lmas\u0131n\u0131 ve uzun vadeli s\u00fcrd\u00fcr\u00fclebilirli\u011fini sa\u011flar. Kapsaml\u0131 bir yayg\u0131nla\u015ft\u0131rma stratejisi, markala\u015fma materyalleri, politika savunuculu\u011fu \u00e7abalar\u0131 ve payda\u015f kat\u0131l\u0131m\u0131n\u0131 i\u00e7erir. Dijital ara\u00e7lardan, politika tart\u0131\u015fmalar\u0131ndan ve a\u011f olu\u015fturma etkinliklerinden yararlanan bu giri\u015fim, okullarda s\u00fcrd\u00fcr\u00fclebilirlik e\u011fitiminin g\u00f6r\u00fcn\u00fcrl\u00fc\u011f\u00fcn\u00fc, etkisini ve uzun vadede benimsenmesini en \u00fcst d\u00fczeye \u00e7\u0131karmaktad\u0131r.<\/p>\t\t\t\t\t\t\t\t<\/div>\n\t\t\t\t<\/div>\n\t\t<div class=\"elementor-element elementor-element-ab0afd9 e-grid e-con-full bdt-backdrop-filter-yes bdt-filter-backdrop e-con e-child\" data-id=\"ab0afd9\" data-element_type=\"container\" data-e-type=\"container\" data-settings=\"{&quot;jet_parallax_layout_list&quot;:[]}\">\n\t\t\t\t<div class=\"elementor-element elementor-element-b8418a6 elementor-flip-box--effect-push animated-fast elementor-flip-box--direction-up elementor-invisible elementor-widget elementor-widget-flip-box\" data-id=\"b8418a6\" data-element_type=\"widget\" data-e-type=\"widget\" data-settings=\"{&quot;_animation&quot;:&quot;zoomIn&quot;}\" data-widget_type=\"flip-box.default\">\n\t\t\t\t<div class=\"elementor-widget-container\">\n\t\t\t\t\t\t\t<div class=\"elementor-flip-box\" tabindex=\"0\">\n\t\t\t<div class=\"elementor-flip-box__layer elementor-flip-box__front\">\n\t\t\t\t<div class=\"elementor-flip-box__layer__overlay\">\n\t\t\t\t\t<div class=\"elementor-flip-box__layer__inner\">\n\t\t\t\t\t\t\n\t\t\t\t\t\t\t\t\t\t\t\t\t<h3 class=\"elementor-flip-box__layer__title\">\n\t\t\t\t\t\t\t\tNational Policy Roundtables\t\t\t\t\t\t\t<\/h3>\n\t\t\t\t\t\t\n\t\t\t\t\t\t\t\t\t\t\t<\/div>\n\t\t\t\t<\/div>\n\t\t\t<\/div>\n\t\t\t<div class=\"elementor-flip-box__layer elementor-flip-box__back\">\n\t\t\t<div class=\"elementor-flip-box__layer__overlay\">\n\t\t\t\t<div class=\"elementor-flip-box__layer__inner\">\n\t\t\t\t\t\n\t\t\t\t\t\t\t\t\t\t\t<div class=\"elementor-flip-box__layer__description\">\n\t\t\t\t\t\t\tUlusal yuvarlak masa toplant\u0131lar\u0131 s\u0131ras\u0131nda politika yap\u0131c\u0131lar, e\u011fitimciler ve payda\u015flarla yap\u0131lan tart\u0131\u015fmalar\u0131n kapsaml\u0131 bir \u00f6zetidir. S\u00fcrd\u00fcr\u00fclebilirlik yeterliliklerinin e\u011fitim politikalar\u0131na entegre edilmesine y\u00f6nelik temel i\u00e7g\u00f6r\u00fcleri, zorluklar\u0131 ve politika \u00f6nerilerini bir araya getirmektedir. Bu belge, ulusal d\u00fczeyde ve AB d\u00fczeyinde politika savunuculu\u011fu \u00e7abalar\u0131n\u0131 desteklemektedir.\t\t\t\t\t\t<\/div>\n\t\t\t\t\t\n\t\t\t\t\t\t\t\t\t\t\t<a class=\"elementor-flip-box__button elementor-button elementor-size-sm\">\n\t\t\t\t\t\t\tUlusal Politika Yuvarlak Masa Toplant\u0131lar\u0131 \u00f6zetini indirmek i\u00e7in buraya t\u0131klay\u0131n\t\t\t\t\t\t<\/a>\n\t\t\t\t\t\t\t\t<\/div>\n\t\t<\/div>\n\t\t<\/div>\n\t\t<\/div>\n\t\t\t\t\t\t<\/div>\n\t\t\t\t<\/div>\n\t\t\t\t<div class=\"elementor-element elementor-element-7f119be elementor-flip-box--effect-push animated-fast elementor-flip-box--direction-up elementor-invisible elementor-widget elementor-widget-flip-box\" data-id=\"7f119be\" data-element_type=\"widget\" data-e-type=\"widget\" data-settings=\"{&quot;_animation&quot;:&quot;zoomIn&quot;}\" data-widget_type=\"flip-box.default\">\n\t\t\t\t<div class=\"elementor-widget-container\">\n\t\t\t\t\t\t\t<div class=\"elementor-flip-box\" tabindex=\"0\">\n\t\t\t<div class=\"elementor-flip-box__layer elementor-flip-box__front\">\n\t\t\t\t<div class=\"elementor-flip-box__layer__overlay\">\n\t\t\t\t\t<div class=\"elementor-flip-box__layer__inner\">\n\t\t\t\t\t\t\n\t\t\t\t\t\t\t\t\t\t\t\t\t<h3 class=\"elementor-flip-box__layer__title\">\n\t\t\t\t\t\t\t\tPolicy Brief\t\t\t\t\t\t\t<\/h3>\n\t\t\t\t\t\t\n\t\t\t\t\t\t\t\t\t\t\t<\/div>\n\t\t\t\t<\/div>\n\t\t\t<\/div>\n\t\t\t<div class=\"elementor-flip-box__layer elementor-flip-box__back\">\n\t\t\t<div class=\"elementor-flip-box__layer__overlay\">\n\t\t\t\t<div class=\"elementor-flip-box__layer__inner\">\n\t\t\t\t\t\n\t\t\t\t\t\t\t\t\t\t\t<div class=\"elementor-flip-box__layer__description\">\n\t\t\t\t\t\t\tThe <b>policy brief<\/b> provides a <b>roadmap for integrating sustainability competences into national and European education policies<\/b>. It incorporates <b>research findings, stakeholder feedback, and project results<\/b>, refining initial recommendations. The document offers <b>practical strategies<\/b> for embedding sustainability in curricula, teacher training, and school policies, ensuring <b>long-term impact and alignment with EU priorities<\/b> for a greener and more inclusive education system.\t\t\t\t\t\t<\/div>\n\t\t\t\t\t\n\t\t\t\t\t\t\t\t\t\t\t<a class=\"elementor-flip-box__button elementor-button elementor-size-sm\">\n\t\t\t\t\t\t\tTo download the policy brief, click here\t\t\t\t\t\t<\/a>\n\t\t\t\t\t\t\t\t<\/div>\n\t\t<\/div>\n\t\t<\/div>\n\t\t<\/div>\n\t\t\t\t\t\t<\/div>\n\t\t\t\t<\/div>\n\t\t\t\t<div class=\"elementor-element elementor-element-25b2671 elementor-flip-box--effect-push animated-fast elementor-flip-box--direction-up elementor-invisible elementor-widget elementor-widget-flip-box\" data-id=\"25b2671\" data-element_type=\"widget\" data-e-type=\"widget\" data-settings=\"{&quot;_animation&quot;:&quot;zoomIn&quot;}\" data-widget_type=\"flip-box.default\">\n\t\t\t\t<div class=\"elementor-widget-container\">\n\t\t\t\t\t\t\t<div class=\"elementor-flip-box\" tabindex=\"0\">\n\t\t\t<div class=\"elementor-flip-box__layer elementor-flip-box__front\">\n\t\t\t\t<div class=\"elementor-flip-box__layer__overlay\">\n\t\t\t\t\t<div class=\"elementor-flip-box__layer__inner\">\n\t\t\t\t\t\t\n\t\t\t\t\t\t\t\t\t\t\t\t\t<h3 class=\"elementor-flip-box__layer__title\">\n\t\t\t\t\t\t\t\tS\u00fcrd\u00fcr\u00fclebilir Okul Etkinlikleri\t\t\t\t\t\t\t<\/h3>\n\t\t\t\t\t\t\n\t\t\t\t\t\t\t\t\t\t\t<\/div>\n\t\t\t\t<\/div>\n\t\t\t<\/div>\n\t\t\t<div class=\"elementor-flip-box__layer elementor-flip-box__back\">\n\t\t\t<div class=\"elementor-flip-box__layer__overlay\">\n\t\t\t\t<div class=\"elementor-flip-box__layer__inner\">\n\t\t\t\t\t\n\t\t\t\t\t\t\t\t\t\t\t<div class=\"elementor-flip-box__layer__description\">\n\t\t\t\t\t\t\tOrtak \u00fclkelerdeki okullarda d\u00fczenlenen s\u00fcrd\u00fcr\u00fclebilirlik odakl\u0131 etkinliklerin bir dok\u00fcmantasyonu. Bu rapor, s\u00fcrd\u00fcr\u00fclebilirlik yeterliliklerini te\u015fvik eden \u00f6\u011frenci liderli\u011findeki giri\u015fimleri, at\u00f6lye \u00e7al\u0131\u015fmalar\u0131n\u0131 ve projeleri vurgulamaktad\u0131r. Di\u011fer okullar\u0131n da bu etkinlikleri tekrarlamas\u0131 i\u00e7in bir ilham kayna\u011f\u0131 ve rehber niteli\u011findedir.\t\t\t\t\t\t<\/div>\n\t\t\t\t\t\n\t\t\t\t\t\t\t\t\t\t\t<a class=\"elementor-flip-box__button elementor-button elementor-size-sm\">\n\t\t\t\t\t\t\tS\u00fcrd\u00fcr\u00fclebilir okul etkinlikleri hakk\u0131nda daha fazla bilgiye buradan ula\u015fabilirsiniz\t\t\t\t\t\t<\/a>\n\t\t\t\t\t\t\t\t<\/div>\n\t\t<\/div>\n\t\t<\/div>\n\t\t<\/div>\n\t\t\t\t\t\t<\/div>\n\t\t\t\t<\/div>\n\t\t\t\t<div class=\"elementor-element elementor-element-6e70f44 elementor-flip-box--effect-push animated-fast elementor-flip-box--direction-up elementor-invisible elementor-widget elementor-widget-flip-box\" data-id=\"6e70f44\" data-element_type=\"widget\" data-e-type=\"widget\" data-settings=\"{&quot;_animation&quot;:&quot;zoomIn&quot;}\" data-widget_type=\"flip-box.default\">\n\t\t\t\t<div class=\"elementor-widget-container\">\n\t\t\t\t\t\t\t<div class=\"elementor-flip-box\" tabindex=\"0\">\n\t\t\t<div class=\"elementor-flip-box__layer elementor-flip-box__front\">\n\t\t\t\t<div class=\"elementor-flip-box__layer__overlay\">\n\t\t\t\t\t<div class=\"elementor-flip-box__layer__inner\">\n\t\t\t\t\t\t\n\t\t\t\t\t\t\t\t\t\t\t\t\t<h3 class=\"elementor-flip-box__layer__title\">\n\t\t\t\t\t\t\t\tDi\u011fer Politika Deneme Projeleri ile \u0130rtibat Kurulmas\u0131\t\t\t\t\t\t\t<\/h3>\n\t\t\t\t\t\t\n\t\t\t\t\t\t\t\t\t\t\t<\/div>\n\t\t\t\t<\/div>\n\t\t\t<\/div>\n\t\t\t<div class=\"elementor-flip-box__layer elementor-flip-box__back\">\n\t\t\t<div class=\"elementor-flip-box__layer__overlay\">\n\t\t\t\t<div class=\"elementor-flip-box__layer__inner\">\n\t\t\t\t\t\n\t\t\t\t\t\t\t\t\t\t\t<div class=\"elementor-flip-box__layer__description\">\n\t\t\t\t\t\t\tA report summarizing the collaborations and knowledge exchange with similar European policy experimentation projects. It identifies synergies, shared challenges, and cross-project recommendations, reinforcing a collective approach to sustainability education.\t\t\t\t\t\t<\/div>\n\t\t\t\t\t\n\t\t\t\t\t\t\t\t\t\t\t<a class=\"elementor-flip-box__button elementor-button elementor-size-sm\">\n\t\t\t\t\t\t\tTo download the report, click here\t\t\t\t\t\t<\/a>\n\t\t\t\t\t\t\t\t<\/div>\n\t\t<\/div>\n\t\t<\/div>\n\t\t<\/div>\n\t\t\t\t\t\t<\/div>\n\t\t\t\t<\/div>\n\t\t\t\t<div class=\"elementor-element elementor-element-c654fdb elementor-flip-box--effect-push animated-fast elementor-flip-box--direction-up elementor-invisible elementor-widget elementor-widget-flip-box\" data-id=\"c654fdb\" data-element_type=\"widget\" data-e-type=\"widget\" data-settings=\"{&quot;_animation&quot;:&quot;zoomIn&quot;}\" data-widget_type=\"flip-box.default\">\n\t\t\t\t<div class=\"elementor-widget-container\">\n\t\t\t\t\t\t\t<div class=\"elementor-flip-box\" tabindex=\"0\">\n\t\t\t<div class=\"elementor-flip-box__layer elementor-flip-box__front\">\n\t\t\t\t<div class=\"elementor-flip-box__layer__overlay\">\n\t\t\t\t\t<div class=\"elementor-flip-box__layer__inner\">\n\t\t\t\t\t\t\n\t\t\t\t\t\t\t\t\t\t\t\t\t<h3 class=\"elementor-flip-box__layer__title\">\n\t\t\t\t\t\t\t\tKapsay\u0131c\u0131 gelecek ekosistemi\t\t\t\t\t\t\t<\/h3>\n\t\t\t\t\t\t\n\t\t\t\t\t\t\t\t\t\t\t<\/div>\n\t\t\t\t<\/div>\n\t\t\t<\/div>\n\t\t\t<div class=\"elementor-flip-box__layer elementor-flip-box__back\">\n\t\t\t<div class=\"elementor-flip-box__layer__overlay\">\n\t\t\t\t<div class=\"elementor-flip-box__layer__inner\">\n\t\t\t\t\t\n\t\t\t\t\t\t\t\t\t\t\t<div class=\"elementor-flip-box__layer__description\">\n\t\t\t\t\t\t\tKapsay\u0131c\u0131 Gelecek Ekosistemi, s\u00fcrd\u00fcr\u00fclebilirlik e\u011fitimini ve politika inovasyonunu te\u015fvik etmek i\u00e7in kilit payda\u015flar\u0131 birbirine ba\u011flar. \u00d6\u011fretmenleri, okul m\u00fcd\u00fcrlerini, politika yap\u0131c\u0131lar\u0131, ara\u015ft\u0131rmac\u0131lar\u0131, m\u00fcfredat geli\u015ftiricileri ve STK'lar\u0131 i\u00e7erir ve geni\u015f bir etki sa\u011flar. Di\u011fer payda\u015flar aras\u0131nda y\u00fcksek\u00f6\u011fretim kurumlar\u0131, yerel y\u00f6netimler, veliler, \u00f6\u011frenciler, \u00f6zel sekt\u00f6r ortaklar\u0131 ve AB politika yap\u0131c\u0131lar\u0131 yer almaktad\u0131r. Bu ekosistem, kal\u0131c\u0131 de\u011fi\u015fim i\u00e7in i\u015fbirli\u011fini, kaynak payla\u015f\u0131m\u0131n\u0131 ve politika uyumunu te\u015fvik etmektedir.\t\t\t\t\t\t<\/div>\n\t\t\t\t\t\n\t\t\t\t\t\t\t\t\t\t\t<a class=\"elementor-flip-box__button elementor-button elementor-size-sm\">\n\t\t\t\t\t\t\tDaha fazla bilgi i\u00e7in buraya t\u0131klay\u0131n\t\t\t\t\t\t<\/a>\n\t\t\t\t\t\t\t\t<\/div>\n\t\t<\/div>\n\t\t<\/div>\n\t\t<\/div>\n\t\t\t\t\t\t<\/div>\n\t\t\t\t<\/div>\n\t\t\t\t<\/div>\n\t\t\t\t\t<\/div>\n\t\t\t\t<\/div>\n\t\t\t\t<\/div>\n\t\t","protected":false},"excerpt":{"rendered":"<p>FARKINDALI\u011eIN ARTIRILMASI Bu giri\u015fim, proje sonu\u00e7lar\u0131n\u0131n yayg\u0131n ileti\u015fimini, yayg\u0131nla\u015ft\u0131r\u0131lmas\u0131n\u0131 ve uzun vadeli s\u00fcrd\u00fcr\u00fclebilirli\u011fini sa\u011flar. Kapsaml\u0131 bir yayg\u0131nla\u015ft\u0131rma stratejisi, markala\u015fma materyalleri, [&hellip;]<\/p>\n","protected":false},"author":1,"featured_media":0,"parent":0,"menu_order":0,"comment_status":"closed","ping_status":"closed","template":"","meta":{"site-sidebar-layout":"no-sidebar","site-content-layout":"","ast-site-content-layout":"full-width-container","site-content-style":"default","site-sidebar-style":"default","ast-global-header-display":"","ast-banner-title-visibility":"","ast-main-header-display":"","ast-hfb-above-header-display":"","ast-hfb-below-header-display":"","ast-hfb-mobile-header-display":"","site-post-title":"disabled","ast-breadcrumbs-content":"","ast-featured-img":"disabled","footer-sml-layout":"","ast-disable-related-posts":"","theme-transparent-header-meta":"default","adv-header-id-meta":"","stick-header-meta":"","header-above-stick-meta":"","header-main-stick-meta":"","header-below-stick-meta":"","astra-migrate-meta-layouts":"set","ast-page-background-enabled":"default","ast-page-background-meta":{"desktop":{"background-color":"var(--ast-global-color-5)","background-image":"","background-repeat":"repeat","background-position":"center center","background-size":"auto","background-attachment":"scroll","background-type":"","background-media":"","overlay-type":"","overlay-color":"","overlay-opacity":"","overlay-gradient":""},"tablet":{"background-color":"","background-image":"","background-repeat":"repeat","background-position":"center center","background-size":"auto","background-attachment":"scroll","background-type":"","background-media":"","overlay-type":"","overlay-color":"","overlay-opacity":"","overlay-gradient":""},"mobile":{"background-color":"","background-image":"","background-repeat":"repeat","background-position":"center center","background-size":"auto","background-attachment":"scroll","background-type":"","background-media":"","overlay-type":"","overlay-color":"","overlay-opacity":"","overlay-gradient":""}},"ast-content-background-meta":{"desktop":{"background-color":"var(--ast-global-color-4)","background-image":"","background-repeat":"repeat","background-position":"center center","background-size":"auto","background-attachment":"scroll","background-type":"","background-media":"","overlay-type":"","overlay-color":"","overlay-opacity":"","overlay-gradient":""},"tablet":{"background-color":"var(--ast-global-color-4)","background-image":"","background-repeat":"repeat","background-position":"center center","background-size":"auto","background-attachment":"scroll","background-type":"","background-media":"","overlay-type":"","overlay-color":"","overlay-opacity":"","overlay-gradient":""},"mobile":{"background-color":"var(--ast-global-color-4)","background-image":"","background-repeat":"repeat","background-position":"center center","background-size":"auto","background-attachment":"scroll","background-type":"","background-media":"","overlay-type":"","overlay-color":"","overlay-opacity":"","overlay-gradient":""}},"footnotes":""},"class_list":["post-4842","page","type-page","status-publish","hentry"],"_links":{"self":[{"href":"https:\/\/inclusive-future.eu\/tr\/wp-json\/wp\/v2\/pages\/4842","targetHints":{"allow":["GET"]}}],"collection":[{"href":"https:\/\/inclusive-future.eu\/tr\/wp-json\/wp\/v2\/pages"}],"about":[{"href":"https:\/\/inclusive-future.eu\/tr\/wp-json\/wp\/v2\/types\/page"}],"author":[{"embeddable":true,"href":"https:\/\/inclusive-future.eu\/tr\/wp-json\/wp\/v2\/users\/1"}],"replies":[{"embeddable":true,"href":"https:\/\/inclusive-future.eu\/tr\/wp-json\/wp\/v2\/comments?post=4842"}],"version-history":[{"count":7,"href":"https:\/\/inclusive-future.eu\/tr\/wp-json\/wp\/v2\/pages\/4842\/revisions"}],"predecessor-version":[{"id":5698,"href":"https:\/\/inclusive-future.eu\/tr\/wp-json\/wp\/v2\/pages\/4842\/revisions\/5698"}],"wp:attachment":[{"href":"https:\/\/inclusive-future.eu\/tr\/wp-json\/wp\/v2\/media?parent=4842"}],"curies":[{"name":"wp","href":"https:\/\/api.w.org\/{rel}","templated":true}]}}