{"id":4786,"date":"2025-03-25T10:07:25","date_gmt":"2025-03-25T10:07:25","guid":{"rendered":"https:\/\/inclusive-future.eu\/?page_id=4786"},"modified":"2025-06-10T13:25:10","modified_gmt":"2025-06-10T13:25:10","slug":"certification-and-recognition","status":"publish","type":"page","link":"https:\/\/inclusive-future.eu\/tr\/certification-and-recognition","title":{"rendered":"Certification and recognition"},"content":{"rendered":"\t\t<div data-elementor-type=\"wp-page\" data-elementor-id=\"4786\" class=\"elementor elementor-4786 elementor-2421\" data-elementor-post-type=\"page\">\n\t\t\t\t<div class=\"elementor-element elementor-element-6dd5cf7 e-con-full e-flex e-con e-parent\" data-id=\"6dd5cf7\" data-element_type=\"container\" data-e-type=\"container\" data-settings=\"{&quot;background_background&quot;:&quot;classic&quot;,&quot;jet_parallax_layout_list&quot;:[]}\">\n\t\t\t\t<div class=\"elementor-element elementor-element-93ebf6b elementor-widget__width-initial elementor-invisible elementor-widget elementor-widget-heading\" data-id=\"93ebf6b\" data-element_type=\"widget\" data-e-type=\"widget\" data-settings=\"{&quot;_animation&quot;:&quot;fadeInDown&quot;}\" data-widget_type=\"heading.default\">\n\t\t\t\t<div class=\"elementor-widget-container\">\n\t\t\t\t\t<h2 class=\"elementor-heading-title elementor-size-default\">SERTIFIKASYON VE TANINMA<\/h2>\t\t\t\t<\/div>\n\t\t\t\t<\/div>\n\t\t\t\t<\/div>\n\t\t<div class=\"elementor-element elementor-element-91951f3 e-flex e-con-boxed e-con e-parent\" data-id=\"91951f3\" data-element_type=\"container\" data-e-type=\"container\" data-settings=\"{&quot;background_background&quot;:&quot;classic&quot;,&quot;jet_parallax_layout_list&quot;:[]}\">\n\t\t\t\t\t<div class=\"e-con-inner\">\n\t\t\t\t<div class=\"elementor-element elementor-element-282f7fd elementor-widget elementor-widget-text-editor\" data-id=\"282f7fd\" data-element_type=\"widget\" data-e-type=\"widget\" data-widget_type=\"text-editor.default\">\n\t\t\t\t<div class=\"elementor-widget-container\">\n\t\t\t\t\t\t\t\t\t<p>Bu giri\u015fim, s\u00fcrd\u00fcr\u00fclebilirlik yetkinliklerini e\u011fitim uygulamalar\u0131na ba\u015far\u0131l\u0131 bir \u015fekilde entegre eden kurumlar\u0131 tan\u0131yan okullar i\u00e7in bir sertifikasyon sistemi olu\u015fturmaktad\u0131r. Sertifikasyon kriterlerinin geli\u015ftirilmesini, de\u011ferlendiriciler i\u00e7in e\u011fitim verilmesini ve okullarda uygulanmas\u0131n\u0131 i\u00e7ermektedir. Bu giri\u015fim, yap\u0131land\u0131r\u0131lm\u0131\u015f bir \u00e7er\u00e7eve sunarak s\u00fcrd\u00fcr\u00fclebilirlik e\u011fitiminin \u00f6l\u00e7\u00fclebilir, standartla\u015ft\u0131r\u0131lm\u0131\u015f ve farkl\u0131 e\u011fitim ortamlar\u0131nda \u00f6l\u00e7eklendirilebilir olmas\u0131n\u0131 sa\u011flamaktad\u0131r.<\/p>\t\t\t\t\t\t\t\t<\/div>\n\t\t\t\t<\/div>\n\t\t<div class=\"elementor-element elementor-element-89ab64e e-grid e-con-full bdt-backdrop-filter-yes bdt-filter-backdrop e-con e-child\" data-id=\"89ab64e\" data-element_type=\"container\" data-e-type=\"container\" data-settings=\"{&quot;jet_parallax_layout_list&quot;:[]}\">\n\t\t\t\t<div class=\"elementor-element elementor-element-9323fbd elementor-flip-box--effect-push animated-fast elementor-flip-box--direction-up elementor-invisible elementor-widget elementor-widget-flip-box\" data-id=\"9323fbd\" data-element_type=\"widget\" data-e-type=\"widget\" data-settings=\"{&quot;_animation&quot;:&quot;zoomIn&quot;}\" data-widget_type=\"flip-box.default\">\n\t\t\t\t<div class=\"elementor-widget-container\">\n\t\t\t\t\t\t\t<div class=\"elementor-flip-box\" tabindex=\"0\">\n\t\t\t<div class=\"elementor-flip-box__layer elementor-flip-box__front\">\n\t\t\t\t<div class=\"elementor-flip-box__layer__overlay\">\n\t\t\t\t\t<div class=\"elementor-flip-box__layer__inner\">\n\t\t\t\t\t\t\n\t\t\t\t\t\t\t\t\t\t\t\t\t<h3 class=\"elementor-flip-box__layer__title\">\n\t\t\t\t\t\t\t\tS\u00fcrd\u00fcr\u00fclebilirlik E\u011fitiminde Okullar\u0131n Sertifikaland\u0131r\u0131lmas\u0131 Modeli\t\t\t\t\t\t\t<\/h3>\n\t\t\t\t\t\t\n\t\t\t\t\t\t\t\t\t\t\t<\/div>\n\t\t\t\t<\/div>\n\t\t\t<\/div>\n\t\t\t<div class=\"elementor-flip-box__layer elementor-flip-box__back\">\n\t\t\t<div class=\"elementor-flip-box__layer__overlay\">\n\t\t\t\t<div class=\"elementor-flip-box__layer__inner\">\n\t\t\t\t\t\n\t\t\t\t\t\t\t\t\t\t\t<div class=\"elementor-flip-box__layer__description\">\n\t\t\t\t\t\t\tA structured certification framework that defines three levels of recognition (bronze, silver, and gold) for schools integrating sustainability competences. It includes assessment tools, evaluation criteria, and implementation guidelines. This model ensures that schools can measure progress, receive recognition for their efforts, and continually improve their sustainability education practices. \n\n\n\t\t\t\t\t\t<\/div>\n\t\t\t\t\t\n\t\t\t\t\t\t\t\t\t\t\t<a class=\"elementor-flip-box__button elementor-button elementor-size-sm\">\n\t\t\t\t\t\t\tTo download the model, click here.\t\t\t\t\t\t<\/a>\n\t\t\t\t\t\t\t\t<\/div>\n\t\t<\/div>\n\t\t<\/div>\n\t\t<\/div>\n\t\t\t\t\t\t<\/div>\n\t\t\t\t<\/div>\n\t\t\t\t<div class=\"elementor-element elementor-element-b2fc355 elementor-flip-box--effect-push animated-fast elementor-flip-box--direction-up elementor-invisible elementor-widget elementor-widget-flip-box\" data-id=\"b2fc355\" data-element_type=\"widget\" data-e-type=\"widget\" data-settings=\"{&quot;_animation&quot;:&quot;zoomIn&quot;}\" data-widget_type=\"flip-box.default\">\n\t\t\t\t<div class=\"elementor-widget-container\">\n\t\t\t\t\t\t\t<div class=\"elementor-flip-box\" tabindex=\"0\">\n\t\t\t<div class=\"elementor-flip-box__layer elementor-flip-box__front\">\n\t\t\t\t<div class=\"elementor-flip-box__layer__overlay\">\n\t\t\t\t\t<div class=\"elementor-flip-box__layer__inner\">\n\t\t\t\t\t\t\n\t\t\t\t\t\t\t\t\t\t\t\t\t<h3 class=\"elementor-flip-box__layer__title\">\n\t\t\t\t\t\t\t\t\"Sertifika Sahipleri\" i\u00e7in Karma E\u011fitim\t\t\t\t\t\t\t<\/h3>\n\t\t\t\t\t\t\n\t\t\t\t\t\t\t\t\t\t\t<\/div>\n\t\t\t\t<\/div>\n\t\t\t<\/div>\n\t\t\t<div class=\"elementor-flip-box__layer elementor-flip-box__back\">\n\t\t\t<div class=\"elementor-flip-box__layer__overlay\">\n\t\t\t\t<div class=\"elementor-flip-box__layer__inner\">\n\t\t\t\t\t\n\t\t\t\t\t\t\t\t\t\t\t<div class=\"elementor-flip-box__layer__description\">\n\t\t\t\t\t\t\tOkullar\u0131n de\u011ferlendirilmesinden ve sertifikaland\u0131r\u0131lmas\u0131ndan sorumlu ki\u015filer i\u00e7in \u00f6zel bir e\u011fitim program\u0131. E\u011fitim, sertifika sahiplerinin standartla\u015ft\u0131r\u0131lm\u0131\u015f kriterleri uygulamalar\u0131n\u0131 sa\u011flamak i\u00e7in \u00e7evrimi\u00e7i mod\u00fclleri, y\u00fcz y\u00fcze at\u00f6lye \u00e7al\u0131\u015fmalar\u0131n\u0131 ve pratik de\u011ferlendirme al\u0131\u015ft\u0131rmalar\u0131n\u0131 bir araya getirmektedir. Bu giri\u015fim, uzmanlar\u0131 e\u011fiterek, ortak \u00fclkelerdeki okullarda s\u00fcrd\u00fcr\u00fclebilirlik sertifikasyonunun adil ve tutarl\u0131 bir \u015fekilde uygulanmas\u0131n\u0131 garanti eder.\t\t\t\t\t\t<\/div>\n\t\t\t\t\t\n\t\t\t\t\t\t\t\t\t\t\t<a class=\"elementor-flip-box__button elementor-button elementor-size-sm\">\n\t\t\t\t\t\t\tE\u011fitim program\u0131na kat\u0131lmak i\u00e7in buraya t\u0131klay\u0131n\t\t\t\t\t\t<\/a>\n\t\t\t\t\t\t\t\t<\/div>\n\t\t<\/div>\n\t\t<\/div>\n\t\t<\/div>\n\t\t\t\t\t\t<\/div>\n\t\t\t\t<\/div>\n\t\t\t\t<div class=\"elementor-element elementor-element-d2550fa elementor-flip-box--effect-push animated-fast elementor-flip-box--direction-up elementor-invisible elementor-widget elementor-widget-flip-box\" data-id=\"d2550fa\" data-element_type=\"widget\" data-e-type=\"widget\" data-settings=\"{&quot;_animation&quot;:&quot;zoomIn&quot;}\" data-widget_type=\"flip-box.default\">\n\t\t\t\t<div class=\"elementor-widget-container\">\n\t\t\t\t\t\t\t<div class=\"elementor-flip-box\" tabindex=\"0\">\n\t\t\t<div class=\"elementor-flip-box__layer elementor-flip-box__front\">\n\t\t\t\t<div class=\"elementor-flip-box__layer__overlay\">\n\t\t\t\t\t<div class=\"elementor-flip-box__layer__inner\">\n\t\t\t\t\t\t\n\t\t\t\t\t\t\t\t\t\t\t\t\t<h3 class=\"elementor-flip-box__layer__title\">\n\t\t\t\t\t\t\t\tOnline Map of Certified Schools\t\t\t\t\t\t\t<\/h3>\n\t\t\t\t\t\t\n\t\t\t\t\t\t\t\t\t\t\t<\/div>\n\t\t\t\t<\/div>\n\t\t\t<\/div>\n\t\t\t<div class=\"elementor-flip-box__layer elementor-flip-box__back\">\n\t\t\t<div class=\"elementor-flip-box__layer__overlay\">\n\t\t\t\t<div class=\"elementor-flip-box__layer__inner\">\n\t\t\t\t\t\n\t\t\t\t\t\t\t\t\t\t\t<div class=\"elementor-flip-box__layer__description\">\n\t\t\t\t\t\t\tS\u00fcrd\u00fcr\u00fclebilirlik sertifikas\u0131 alan okullar\u0131 sergileyen interaktif bir \u00e7evrimi\u00e7i platform. Harita, kullan\u0131c\u0131lar\u0131n sertifikal\u0131 okullar\u0131 \u00fclkeye, seviyeye ve s\u00fcrd\u00fcr\u00fclebilirlik uygulamalar\u0131na g\u00f6re aramas\u0131na olanak tan\u0131yarak ye\u015fil okullardan olu\u015fan bir a\u011f olu\u015fturmaktad\u0131r. Bu platform bilgi al\u0131\u015fveri\u015fini te\u015fvik etmekte, en iyi uygulamalar\u0131 tan\u0131tmakta ve di\u011fer kurumlara s\u00fcrd\u00fcr\u00fclebilirlik sertifikas\u0131 giri\u015fimine kat\u0131lmalar\u0131 i\u00e7in ilham vermektedir.\t\t\t\t\t\t<\/div>\n\t\t\t\t\t\n\t\t\t\t\t\t\t\t\t\t\t<a class=\"elementor-flip-box__button elementor-button elementor-size-sm\">\n\t\t\t\t\t\t\tHaritay\u0131 g\u00f6rmek i\u00e7in buraya t\u0131klay\u0131n\t\t\t\t\t\t<\/a>\n\t\t\t\t\t\t\t\t<\/div>\n\t\t<\/div>\n\t\t<\/div>\n\t\t<\/div>\n\t\t\t\t\t\t<\/div>\n\t\t\t\t<\/div>\n\t\t\t\t<\/div>\n\t\t\t\t\t<\/div>\n\t\t\t\t<\/div>\n\t\t\t\t<\/div>\n\t\t","protected":false},"excerpt":{"rendered":"<p>SERTIFIKASYON VE TANINMA Bu giri\u015fim, s\u00fcrd\u00fcr\u00fclebilirlik yetkinliklerini e\u011fitim uygulamalar\u0131na ba\u015far\u0131l\u0131 bir \u015fekilde entegre eden kurumlar\u0131 tan\u0131yan okullar i\u00e7in bir sertifikasyon [&hellip;]<\/p>\n","protected":false},"author":1,"featured_media":0,"parent":0,"menu_order":0,"comment_status":"closed","ping_status":"closed","template":"","meta":{"site-sidebar-layout":"no-sidebar","site-content-layout":"","ast-site-content-layout":"full-width-container","site-content-style":"default","site-sidebar-style":"default","ast-global-header-display":"","ast-banner-title-visibility":"","ast-main-header-display":"","ast-hfb-above-header-display":"","ast-hfb-below-header-display":"","ast-hfb-mobile-header-display":"","site-post-title":"disabled","ast-breadcrumbs-content":"","ast-featured-img":"disabled","footer-sml-layout":"","ast-disable-related-posts":"","theme-transparent-header-meta":"default","adv-header-id-meta":"","stick-header-meta":"","header-above-stick-meta":"","header-main-stick-meta":"","header-below-stick-meta":"","astra-migrate-meta-layouts":"set","ast-page-background-enabled":"default","ast-page-background-meta":{"desktop":{"background-color":"var(--ast-global-color-5)","background-image":"","background-repeat":"repeat","background-position":"center center","background-size":"auto","background-attachment":"scroll","background-type":"","background-media":"","overlay-type":"","overlay-color":"","overlay-opacity":"","overlay-gradient":""},"tablet":{"background-color":"","background-image":"","background-repeat":"repeat","background-position":"center center","background-size":"auto","background-attachment":"scroll","background-type":"","background-media":"","overlay-type":"","overlay-color":"","overlay-opacity":"","overlay-gradient":""},"mobile":{"background-color":"","background-image":"","background-repeat":"repeat","background-position":"center center","background-size":"auto","background-attachment":"scroll","background-type":"","background-media":"","overlay-type":"","overlay-color":"","overlay-opacity":"","overlay-gradient":""}},"ast-content-background-meta":{"desktop":{"background-color":"var(--ast-global-color-4)","background-image":"","background-repeat":"repeat","background-position":"center center","background-size":"auto","background-attachment":"scroll","background-type":"","background-media":"","overlay-type":"","overlay-color":"","overlay-opacity":"","overlay-gradient":""},"tablet":{"background-color":"var(--ast-global-color-4)","background-image":"","background-repeat":"repeat","background-position":"center center","background-size":"auto","background-attachment":"scroll","background-type":"","background-media":"","overlay-type":"","overlay-color":"","overlay-opacity":"","overlay-gradient":""},"mobile":{"background-color":"var(--ast-global-color-4)","background-image":"","background-repeat":"repeat","background-position":"center center","background-size":"auto","background-attachment":"scroll","background-type":"","background-media":"","overlay-type":"","overlay-color":"","overlay-opacity":"","overlay-gradient":""}},"footnotes":""},"class_list":["post-4786","page","type-page","status-publish","hentry"],"_links":{"self":[{"href":"https:\/\/inclusive-future.eu\/tr\/wp-json\/wp\/v2\/pages\/4786","targetHints":{"allow":["GET"]}}],"collection":[{"href":"https:\/\/inclusive-future.eu\/tr\/wp-json\/wp\/v2\/pages"}],"about":[{"href":"https:\/\/inclusive-future.eu\/tr\/wp-json\/wp\/v2\/types\/page"}],"author":[{"embeddable":true,"href":"https:\/\/inclusive-future.eu\/tr\/wp-json\/wp\/v2\/users\/1"}],"replies":[{"embeddable":true,"href":"https:\/\/inclusive-future.eu\/tr\/wp-json\/wp\/v2\/comments?post=4786"}],"version-history":[{"count":10,"href":"https:\/\/inclusive-future.eu\/tr\/wp-json\/wp\/v2\/pages\/4786\/revisions"}],"predecessor-version":[{"id":5722,"href":"https:\/\/inclusive-future.eu\/tr\/wp-json\/wp\/v2\/pages\/4786\/revisions\/5722"}],"wp:attachment":[{"href":"https:\/\/inclusive-future.eu\/tr\/wp-json\/wp\/v2\/media?parent=4786"}],"curies":[{"name":"wp","href":"https:\/\/api.w.org\/{rel}","templated":true}]}}