{"id":4731,"date":"2025-03-25T10:06:50","date_gmt":"2025-03-25T10:06:50","guid":{"rendered":"https:\/\/inclusive-future.eu\/?page_id=4731"},"modified":"2025-06-10T13:38:05","modified_gmt":"2025-06-10T13:38:05","slug":"capacity-building-and-experimentation","status":"publish","type":"page","link":"https:\/\/inclusive-future.eu\/tr\/capacity-building-and-experimentation","title":{"rendered":"Capacity building and experimentation"},"content":{"rendered":"\t\t<div data-elementor-type=\"wp-page\" data-elementor-id=\"4731\" class=\"elementor elementor-4731 elementor-2419\" data-elementor-post-type=\"page\">\n\t\t\t\t<div class=\"elementor-element elementor-element-6586236 e-con-full e-flex e-con e-parent\" data-id=\"6586236\" data-element_type=\"container\" data-e-type=\"container\" data-settings=\"{&quot;background_background&quot;:&quot;classic&quot;,&quot;jet_parallax_layout_list&quot;:[]}\">\n\t\t\t\t<div class=\"elementor-element elementor-element-e5760d8 elementor-widget__width-initial elementor-invisible elementor-widget elementor-widget-heading\" data-id=\"e5760d8\" data-element_type=\"widget\" data-e-type=\"widget\" data-settings=\"{&quot;_animation&quot;:&quot;fadeInDown&quot;}\" data-widget_type=\"heading.default\">\n\t\t\t\t<div class=\"elementor-widget-container\">\n\t\t\t\t\t<h2 class=\"elementor-heading-title elementor-size-default\">KAPASITE GELI\u015eTIRME VE DENEYIMLEME<\/h2>\t\t\t\t<\/div>\n\t\t\t\t<\/div>\n\t\t\t\t<\/div>\n\t\t<div class=\"elementor-element elementor-element-14ec8d4 e-flex e-con-boxed e-con e-parent\" data-id=\"14ec8d4\" data-element_type=\"container\" data-e-type=\"container\" data-settings=\"{&quot;background_background&quot;:&quot;classic&quot;,&quot;jet_parallax_layout_list&quot;:[]}\">\n\t\t\t\t\t<div class=\"e-con-inner\">\n\t\t\t\t<div class=\"elementor-element elementor-element-16e3863 elementor-widget elementor-widget-text-editor\" data-id=\"16e3863\" data-element_type=\"widget\" data-e-type=\"widget\" data-widget_type=\"text-editor.default\">\n\t\t\t\t<div class=\"elementor-widget-container\">\n\t\t\t\t\t\t\t\t\t<p>Bu giri\u015fim, \u00f6\u011fretmenleri e\u011fiterek, okullar\u0131n ilgisini \u00e7ekerek ve \u00f6\u011frencileri uygulamal\u0131 faaliyetlere dahil ederek s\u00fcrd\u00fcr\u00fclebilirlik e\u011fitimini g\u00fc\u00e7lendirmektedir. Uluslararas\u0131 ve yerel \u00f6\u011fretmen e\u011fitimleri, at\u00f6lye \u00e7al\u0131\u015fmalar\u0131 ve \u00f6\u011frenciler ve veliler i\u00e7in laboratuvarlar i\u00e7ermektedir. \u00d6\u011fretmenler s\u00fcrd\u00fcr\u00fclebilirlik yetkinliklerini s\u0131n\u0131flara entegre etmek i\u00e7in pratik beceriler kazan\u0131rken, okullar da interaktif \u00f6\u011frenme yakla\u015f\u0131mlar\u0131n\u0131 uygulayarak uzun vadeli etki sa\u011fl\u0131yor.<\/p>\t\t\t\t\t\t\t\t<\/div>\n\t\t\t\t<\/div>\n\t\t<div class=\"elementor-element elementor-element-de7dfeb e-grid e-con-full bdt-backdrop-filter-yes bdt-filter-backdrop e-con e-child\" data-id=\"de7dfeb\" data-element_type=\"container\" data-e-type=\"container\" data-settings=\"{&quot;jet_parallax_layout_list&quot;:[]}\">\n\t\t\t\t<div class=\"elementor-element elementor-element-e7e6315 elementor-flip-box--effect-push animated-fast elementor-flip-box--direction-up elementor-invisible elementor-widget elementor-widget-flip-box\" data-id=\"e7e6315\" data-element_type=\"widget\" data-e-type=\"widget\" data-settings=\"{&quot;_animation&quot;:&quot;zoomIn&quot;}\" data-widget_type=\"flip-box.default\">\n\t\t\t\t<div class=\"elementor-widget-container\">\n\t\t\t\t\t\t\t<div class=\"elementor-flip-box\" tabindex=\"0\">\n\t\t\t<div class=\"elementor-flip-box__layer elementor-flip-box__front\">\n\t\t\t\t<div class=\"elementor-flip-box__layer__overlay\">\n\t\t\t\t\t<div class=\"elementor-flip-box__layer__inner\">\n\t\t\t\t\t\t\n\t\t\t\t\t\t\t\t\t\t\t\t\t<h3 class=\"elementor-flip-box__layer__title\">\n\t\t\t\t\t\t\t\tOkul \u00d6\u011fretmenleri ve Y\u00f6neticileri i\u00e7in 3 G\u00fcnl\u00fck Uluslararas\u0131 Hareketlilik:\t\t\t\t\t\t\t<\/h3>\n\t\t\t\t\t\t\n\t\t\t\t\t\t\t\t\t\t\t<\/div>\n\t\t\t\t<\/div>\n\t\t\t<\/div>\n\t\t\t<div class=\"elementor-flip-box__layer elementor-flip-box__back\">\n\t\t\t<div class=\"elementor-flip-box__layer__overlay\">\n\t\t\t\t<div class=\"elementor-flip-box__layer__inner\">\n\t\t\t\t\t\n\t\t\t\t\t\t\t\t\t\t\t<div class=\"elementor-flip-box__layer__description\">\n\t\t\t\t\t\t\t\u0130spanya'da \u00f6\u011fretmenlerin ve okul m\u00fcd\u00fcrlerinin s\u00fcrd\u00fcr\u00fclebilirlik yeterliliklerini entegre etmek i\u00e7in yenilik\u00e7i y\u00f6ntemler \u00f6\u011frendikleri \u00fc\u00e7 g\u00fcnl\u00fck yo\u011fun bir e\u011fitim. E\u011fitim, ger\u00e7ek d\u00fcnya uygulamalar\u0131na odaklanan interaktif at\u00f6lye \u00e7al\u0131\u015fmalar\u0131n\u0131, uzman liderli\u011findeki oturumlar\u0131 ve akran \u00f6\u011frenimini birle\u015ftirmektedir. Kat\u0131l\u0131mc\u0131lar, meslekta\u015flar\u0131n\u0131 e\u011fitmek ve okullar\u0131nda s\u00fcrd\u00fcr\u00fclebilirlik e\u011fitimini uygulamak i\u00e7in donan\u0131ml\u0131 bir \u015fekilde \u00fclkelerine d\u00f6nerler.\t\t\t\t\t\t<\/div>\n\t\t\t\t\t\n\t\t\t\t\t\t\t\t\t\t\t<a class=\"elementor-flip-box__button elementor-button elementor-size-sm\">\n\t\t\t\t\t\t\tHareketlilik hakk\u0131nda daha fazla bilgi i\u00e7in buraya t\u0131klay\u0131n\u0131z\t\t\t\t\t\t<\/a>\n\t\t\t\t\t\t\t\t<\/div>\n\t\t<\/div>\n\t\t<\/div>\n\t\t<\/div>\n\t\t\t\t\t\t<\/div>\n\t\t\t\t<\/div>\n\t\t\t\t<div class=\"elementor-element elementor-element-463988f elementor-flip-box--effect-push animated-fast elementor-flip-box--direction-up elementor-invisible elementor-widget elementor-widget-flip-box\" data-id=\"463988f\" data-element_type=\"widget\" data-e-type=\"widget\" data-settings=\"{&quot;_animation&quot;:&quot;zoomIn&quot;}\" data-widget_type=\"flip-box.default\">\n\t\t\t\t<div class=\"elementor-widget-container\">\n\t\t\t\t\t\t\t<div class=\"elementor-flip-box\" tabindex=\"0\">\n\t\t\t<div class=\"elementor-flip-box__layer elementor-flip-box__front\">\n\t\t\t\t<div class=\"elementor-flip-box__layer__overlay\">\n\t\t\t\t\t<div class=\"elementor-flip-box__layer__inner\">\n\t\t\t\t\t\t\n\t\t\t\t\t\t\t\t\t\t\t\t\t<h3 class=\"elementor-flip-box__layer__title\">\n\t\t\t\t\t\t\t\t\u00d6\u011fretmenler ve Okul M\u00fcd\u00fcrleri i\u00e7in Yerel E\u011fitimler\t\t\t\t\t\t\t<\/h3>\n\t\t\t\t\t\t\n\t\t\t\t\t\t\t\t\t\t\t<\/div>\n\t\t\t\t<\/div>\n\t\t\t<\/div>\n\t\t\t<div class=\"elementor-flip-box__layer elementor-flip-box__back\">\n\t\t\t<div class=\"elementor-flip-box__layer__overlay\">\n\t\t\t\t<div class=\"elementor-flip-box__layer__inner\">\n\t\t\t\t\t\n\t\t\t\t\t\t\t\t\t\t\t<div class=\"elementor-flip-box__layer__description\">\n\t\t\t\t\t\t\tUluslararas\u0131 hareketlilik konusunda e\u011fitim alan \u00f6\u011fretmenler, \u00f6\u011frendiklerini yerelde tekrarlayarak her \u00fclkede iki e\u011fitim oturumu d\u00fczenlemektedir. Bu 25 saatlik oturumlar, s\u00fcrd\u00fcr\u00fclebilirlik yeterliliklerinin m\u00fcfredata entegre edilmesi i\u00e7in pratik ara\u00e7lar sa\u011flamaktad\u0131r. Ama\u00e7, daha fazla e\u011fitimcinin e\u011fitimden yararlanmas\u0131n\u0131 ve okullar\u0131nda s\u00fcrd\u00fcr\u00fclebilirlik e\u011fitiminin te\u015fvik edilmesine katk\u0131da bulunmas\u0131n\u0131 sa\u011flayarak etkiyi \u00f6l\u00e7eklendirmektir.\n\t\t\t\t\t\t<\/div>\n\t\t\t\t\t\n\t\t\t\t\t\t\t\t\t\t\t<a class=\"elementor-flip-box__button elementor-button elementor-size-sm\">\n\t\t\t\t\t\t\tE\u011fitim hakk\u0131nda daha fazla bilgiye buradan ula\u015fabilirsiniz\t\t\t\t\t\t<\/a>\n\t\t\t\t\t\t\t\t<\/div>\n\t\t<\/div>\n\t\t<\/div>\n\t\t<\/div>\n\t\t\t\t\t\t<\/div>\n\t\t\t\t<\/div>\n\t\t\t\t<div class=\"elementor-element elementor-element-0ae95f5 elementor-flip-box--effect-push animated-fast elementor-flip-box--direction-up elementor-invisible elementor-widget elementor-widget-flip-box\" data-id=\"0ae95f5\" data-element_type=\"widget\" data-e-type=\"widget\" data-settings=\"{&quot;_animation&quot;:&quot;zoomIn&quot;}\" data-widget_type=\"flip-box.default\">\n\t\t\t\t<div class=\"elementor-widget-container\">\n\t\t\t\t\t\t\t<div class=\"elementor-flip-box\" tabindex=\"0\">\n\t\t\t<div class=\"elementor-flip-box__layer elementor-flip-box__front\">\n\t\t\t\t<div class=\"elementor-flip-box__layer__overlay\">\n\t\t\t\t\t<div class=\"elementor-flip-box__layer__inner\">\n\t\t\t\t\t\t\n\t\t\t\t\t\t\t\t\t\t\t\t\t<h3 class=\"elementor-flip-box__layer__title\">\n\t\t\t\t\t\t\t\tAt\u00f6lye Malzemeleri Paketi\t\t\t\t\t\t\t<\/h3>\n\t\t\t\t\t\t\n\t\t\t\t\t\t\t\t\t\t\t<\/div>\n\t\t\t\t<\/div>\n\t\t\t<\/div>\n\t\t\t<div class=\"elementor-flip-box__layer elementor-flip-box__back\">\n\t\t\t<div class=\"elementor-flip-box__layer__overlay\">\n\t\t\t\t<div class=\"elementor-flip-box__layer__inner\">\n\t\t\t\t\t\n\t\t\t\t\t\t\t\t\t\t\t<div class=\"elementor-flip-box__layer__description\">\n\t\t\t\t\t\t\tS\u00fcrd\u00fcr\u00fclebilirlik e\u011fitimi i\u00e7in ders planlar\u0131, etkinlik k\u0131lavuzlar\u0131 ve \u00f6\u011fretim materyallerini i\u00e7eren kapsaml\u0131 bir kaynak paketi. \u00d6\u011fretmenler ve okul personeli i\u00e7in tasarlanan bu paket, e\u011fitimde tutarl\u0131l\u0131k sa\u011flamakta ve at\u00f6lye \u00e7al\u0131\u015fmalar\u0131 ve s\u0131n\u0131f etkinlikleri i\u00e7in kullan\u0131ma haz\u0131r i\u00e7erik sunmaktad\u0131r. Materyaller \u00e7e\u015fitli e\u011fitim ortamlar\u0131na uyarlanabilir ve farkl\u0131 konular ve ya\u015f gruplar\u0131nda s\u00fcrd\u00fcr\u00fclebilirlik yeterliliklerini te\u015fvik eder.\t\t\t\t\t\t<\/div>\n\t\t\t\t\t\n\t\t\t\t\t\t\t\t\t\t\t<a class=\"elementor-flip-box__button elementor-button elementor-size-sm\">\n\t\t\t\t\t\t\tAt\u00f6lye malzemesi paketine ula\u015fmak i\u00e7in buraya t\u0131klay\u0131n.\t\t\t\t\t\t<\/a>\n\t\t\t\t\t\t\t\t<\/div>\n\t\t<\/div>\n\t\t<\/div>\n\t\t<\/div>\n\t\t\t\t\t\t<\/div>\n\t\t\t\t<\/div>\n\t\t\t\t<div class=\"elementor-element elementor-element-d2e8c73 elementor-flip-box--effect-push animated-fast elementor-flip-box--direction-up elementor-invisible elementor-widget elementor-widget-flip-box\" data-id=\"d2e8c73\" data-element_type=\"widget\" data-e-type=\"widget\" data-settings=\"{&quot;_animation&quot;:&quot;zoomIn&quot;}\" data-widget_type=\"flip-box.default\">\n\t\t\t\t<div class=\"elementor-widget-container\">\n\t\t\t\t\t\t\t<div class=\"elementor-flip-box\" tabindex=\"0\">\n\t\t\t<div class=\"elementor-flip-box__layer elementor-flip-box__front\">\n\t\t\t\t<div class=\"elementor-flip-box__layer__overlay\">\n\t\t\t\t\t<div class=\"elementor-flip-box__layer__inner\">\n\t\t\t\t\t\t\n\t\t\t\t\t\t\t\t\t\t\t\t\t<h3 class=\"elementor-flip-box__layer__title\">\n\t\t\t\t\t\t\t\tUygulamal\u0131 S\u00fcrd\u00fcr\u00fclebilirlik E\u011fitimi Faaliyetleri \u00dczerine \u00c7ocuklarla Laboratuvarlar\t\t\t\t\t\t\t<\/h3>\n\t\t\t\t\t\t\n\t\t\t\t\t\t\t\t\t\t\t<\/div>\n\t\t\t\t<\/div>\n\t\t\t<\/div>\n\t\t\t<div class=\"elementor-flip-box__layer elementor-flip-box__back\">\n\t\t\t<div class=\"elementor-flip-box__layer__overlay\">\n\t\t\t\t<div class=\"elementor-flip-box__layer__inner\">\n\t\t\t\t\t\n\t\t\t\t\t\t\t\t\t\t\t<div class=\"elementor-flip-box__layer__description\">\n\t\t\t\t\t\t\tOkullarda \u00f6\u011frencilerin ve ebeveynlerin s\u00fcrd\u00fcr\u00fclebilirlik odakl\u0131 faaliyetlere kat\u0131ld\u0131\u011f\u0131 uygulamal\u0131 laboratuvar oturumlar\u0131. Bu interaktif at\u00f6lye \u00e7al\u0131\u015fmalar\u0131, \u00e7ocuklar\u0131n ye\u015fil uygulamalar\u0131 denemelerine, ger\u00e7ek d\u00fcnyadaki s\u00fcrd\u00fcr\u00fclebilirlik sorunlar\u0131n\u0131 ke\u015ffetmelerine ve sorun \u00e7\u00f6zme becerilerini geli\u015ftirmelerine olanak tan\u0131r. Ebeveynlerin kat\u0131l\u0131m\u0131, s\u00fcrd\u00fcr\u00fclebilirlik bilincinin s\u0131n\u0131f\u0131n \u00f6tesine ge\u00e7mesini sa\u011flayarak evlerde ve toplumlarda de\u011fi\u015fimi te\u015fvik eder.\t\t\t\t\t\t<\/div>\n\t\t\t\t\t\n\t\t\t\t\t\t\t\t\t\t\t<a class=\"elementor-flip-box__button elementor-button elementor-size-sm\">\n\t\t\t\t\t\t\tLaboratuvarlar hakk\u0131nda daha fazla bilgi i\u00e7in buraya t\u0131klay\u0131n\t\t\t\t\t\t<\/a>\n\t\t\t\t\t\t\t\t<\/div>\n\t\t<\/div>\n\t\t<\/div>\n\t\t<\/div>\n\t\t\t\t\t\t<\/div>\n\t\t\t\t<\/div>\n\t\t\t\t<\/div>\n\t\t\t\t\t<\/div>\n\t\t\t\t<\/div>\n\t\t\t\t<\/div>\n\t\t","protected":false},"excerpt":{"rendered":"<p>KAPASITE GELI\u015eTIRME VE DENEYIMLEME Bu giri\u015fim, \u00f6\u011fretmenleri e\u011fiterek, okullar\u0131n ilgisini \u00e7ekerek ve \u00f6\u011frencileri uygulamal\u0131 faaliyetlere dahil ederek s\u00fcrd\u00fcr\u00fclebilirlik e\u011fitimini g\u00fc\u00e7lendirmektedir. [&hellip;]<\/p>\n","protected":false},"author":1,"featured_media":0,"parent":0,"menu_order":0,"comment_status":"closed","ping_status":"closed","template":"","meta":{"site-sidebar-layout":"no-sidebar","site-content-layout":"","ast-site-content-layout":"full-width-container","site-content-style":"default","site-sidebar-style":"default","ast-global-header-display":"","ast-banner-title-visibility":"","ast-main-header-display":"","ast-hfb-above-header-display":"","ast-hfb-below-header-display":"","ast-hfb-mobile-header-display":"","site-post-title":"disabled","ast-breadcrumbs-content":"","ast-featured-img":"disabled","footer-sml-layout":"","ast-disable-related-posts":"","theme-transparent-header-meta":"default","adv-header-id-meta":"","stick-header-meta":"","header-above-stick-meta":"","header-main-stick-meta":"","header-below-stick-meta":"","astra-migrate-meta-layouts":"set","ast-page-background-enabled":"default","ast-page-background-meta":{"desktop":{"background-color":"var(--ast-global-color-5)","background-image":"","background-repeat":"repeat","background-position":"center center","background-size":"auto","background-attachment":"scroll","background-type":"","background-media":"","overlay-type":"","overlay-color":"","overlay-opacity":"","overlay-gradient":""},"tablet":{"background-color":"","background-image":"","background-repeat":"repeat","background-position":"center center","background-size":"auto","background-attachment":"scroll","background-type":"","background-media":"","overlay-type":"","overlay-color":"","overlay-opacity":"","overlay-gradient":""},"mobile":{"background-color":"","background-image":"","background-repeat":"repeat","background-position":"center center","background-size":"auto","background-attachment":"scroll","background-type":"","background-media":"","overlay-type":"","overlay-color":"","overlay-opacity":"","overlay-gradient":""}},"ast-content-background-meta":{"desktop":{"background-color":"var(--ast-global-color-4)","background-image":"","background-repeat":"repeat","background-position":"center center","background-size":"auto","background-attachment":"scroll","background-type":"","background-media":"","overlay-type":"","overlay-color":"","overlay-opacity":"","overlay-gradient":""},"tablet":{"background-color":"var(--ast-global-color-4)","background-image":"","background-repeat":"repeat","background-position":"center center","background-size":"auto","background-attachment":"scroll","background-type":"","background-media":"","overlay-type":"","overlay-color":"","overlay-opacity":"","overlay-gradient":""},"mobile":{"background-color":"var(--ast-global-color-4)","background-image":"","background-repeat":"repeat","background-position":"center center","background-size":"auto","background-attachment":"scroll","background-type":"","background-media":"","overlay-type":"","overlay-color":"","overlay-opacity":"","overlay-gradient":""}},"footnotes":""},"class_list":["post-4731","page","type-page","status-publish","hentry"],"_links":{"self":[{"href":"https:\/\/inclusive-future.eu\/tr\/wp-json\/wp\/v2\/pages\/4731","targetHints":{"allow":["GET"]}}],"collection":[{"href":"https:\/\/inclusive-future.eu\/tr\/wp-json\/wp\/v2\/pages"}],"about":[{"href":"https:\/\/inclusive-future.eu\/tr\/wp-json\/wp\/v2\/types\/page"}],"author":[{"embeddable":true,"href":"https:\/\/inclusive-future.eu\/tr\/wp-json\/wp\/v2\/users\/1"}],"replies":[{"embeddable":true,"href":"https:\/\/inclusive-future.eu\/tr\/wp-json\/wp\/v2\/comments?post=4731"}],"version-history":[{"count":7,"href":"https:\/\/inclusive-future.eu\/tr\/wp-json\/wp\/v2\/pages\/4731\/revisions"}],"predecessor-version":[{"id":5749,"href":"https:\/\/inclusive-future.eu\/tr\/wp-json\/wp\/v2\/pages\/4731\/revisions\/5749"}],"wp:attachment":[{"href":"https:\/\/inclusive-future.eu\/tr\/wp-json\/wp\/v2\/media?parent=4731"}],"curies":[{"name":"wp","href":"https:\/\/api.w.org\/{rel}","templated":true}]}}