{"id":4439,"date":"2025-03-18T14:31:42","date_gmt":"2025-03-18T14:31:42","guid":{"rendered":"https:\/\/inclusive-future.eu\/?page_id=4439"},"modified":"2025-06-10T13:55:02","modified_gmt":"2025-06-10T13:55:02","slug":"home","status":"publish","type":"page","link":"https:\/\/inclusive-future.eu\/tr\/home","title":{"rendered":"Our Project"},"content":{"rendered":"\t\t<div data-elementor-type=\"wp-page\" data-elementor-id=\"4439\" class=\"elementor elementor-4439 elementor-38\" data-elementor-post-type=\"page\">\n\t\t\t\t<div class=\"elementor-element elementor-element-9eb532c e-con-full e-flex e-con e-parent\" data-id=\"9eb532c\" data-element_type=\"container\" data-e-type=\"container\" data-settings=\"{&quot;background_background&quot;:&quot;classic&quot;,&quot;jet_parallax_layout_list&quot;:[]}\">\n\t\t<div class=\"elementor-element elementor-element-23f16c6 e-flex e-con-boxed e-con e-child\" data-id=\"23f16c6\" data-element_type=\"container\" data-e-type=\"container\" data-settings=\"{&quot;jet_parallax_layout_list&quot;:[]}\">\n\t\t\t\t\t<div class=\"e-con-inner\">\n\t\t<div class=\"elementor-element elementor-element-fa7b248 e-flex e-con-boxed elementor-invisible e-con e-child\" data-id=\"fa7b248\" data-element_type=\"container\" data-e-type=\"container\" data-settings=\"{&quot;animation&quot;:&quot;fadeInLeft&quot;,&quot;jet_parallax_layout_list&quot;:[]}\">\n\t\t\t\t\t<div class=\"e-con-inner\">\n\t\t\t\t<div class=\"elementor-element elementor-element-8a5ac8a elementor-widget elementor-widget-heading\" data-id=\"8a5ac8a\" data-element_type=\"widget\" data-e-type=\"widget\" data-widget_type=\"heading.default\">\n\t\t\t\t<div class=\"elementor-widget-container\">\n\t\t\t\t\t<h1 class=\"elementor-heading-title elementor-size-default\">BIZIM PROJEMIZ<\/h1>\t\t\t\t<\/div>\n\t\t\t\t<\/div>\n\t\t\t\t<div class=\"elementor-element elementor-element-9bcb83d elementor-widget__width-initial elementor-widget elementor-widget-elementskit-lottie\" data-id=\"9bcb83d\" data-element_type=\"widget\" data-e-type=\"widget\" data-widget_type=\"elementskit-lottie.default\">\n\t\t\t\t<div class=\"elementor-widget-container\">\n\t\t\t\t\t<div class=\"ekit-wid-con\" ><div id=\"ekit_lottie_9bcb83d\" class=\"ekit_lottie\" data-autoplay=\"true\" data-on-scroll=\"\" data-speed=\"1\" data-direction=\"\" data-action=\"\" data-renderer=\"svg\" data-path=\"https:\/\/inclusive-future.eu\/wp-content\/uploads\/2025\/03\/Project-1.json\" data-loop=\"true\">&nbsp;<\/div><\/div>\t\t\t\t<\/div>\n\t\t\t\t<\/div>\n\t\t\t\t\t<\/div>\n\t\t\t\t<\/div>\n\t\t<div class=\"elementor-element elementor-element-9b892f1 e-con-full e-flex elementor-invisible e-con e-child\" data-id=\"9b892f1\" data-element_type=\"container\" data-e-type=\"container\" data-settings=\"{&quot;animation&quot;:&quot;fadeInRight&quot;,&quot;jet_parallax_layout_list&quot;:[]}\">\n\t\t\t\t<div class=\"elementor-element elementor-element-ba12c37 elementor-widget elementor-widget-text-editor\" data-id=\"ba12c37\" data-element_type=\"widget\" data-e-type=\"widget\" data-widget_type=\"text-editor.default\">\n\t\t\t\t<div class=\"elementor-widget-container\">\n\t\t\t\t\t\t\t\t\t<p>Kapsay\u0131c\u0131 Gelecek, kapsay\u0131c\u0131 \u00f6\u011frenme ortamlar\u0131n\u0131 te\u015fvik ederken s\u00fcrd\u00fcr\u00fclebilirlik yetkinliklerini e\u011fitime entegre etmeyi ama\u00e7layan d\u00f6n\u00fc\u015ft\u00fcr\u00fcc\u00fc bir giri\u015fimdir. Erasmus + Program\u0131 taraf\u0131ndan ortakla\u015fa finanse edilen bu proje, \u00f6\u011frencileri ve e\u011fitimcileri g\u00fcn\u00fcm\u00fcz\u00fcn \u00e7evresel, sosyal ve ekonomik zorluklar\u0131n\u0131 a\u015fmak i\u00e7in gerekli bilgi ve becerilerle donatarak s\u00fcrd\u00fcr\u00fclebilir e\u011fitime duyulan acil ihtiyac\u0131 ele almaktad\u0131r.<\/p><p>Misyonumuz, yenilik\u00e7i pedagojik modeller geli\u015ftirerek, \u00f6\u011fretmenler i\u00e7in mesleki geli\u015fim sa\u011flayarak ve politika yap\u0131c\u0131lar, e\u011fitimciler ve topluluklar aras\u0131nda i\u015fbirli\u011fini te\u015fvik ederek okullar\u0131n s\u00fcrd\u00fcr\u00fclebilirlik yeterliliklerini m\u00fcfredatlar\u0131na yerle\u015ftirmelerine destek olmakt\u0131r. GreenComp \u00e7er\u00e7evesinden yararlanarak s\u00fcrd\u00fcr\u00fclebilirlik e\u011fitiminin kapsaml\u0131, kapsay\u0131c\u0131 ve eyleme ge\u00e7irilebilir olmas\u0131n\u0131 sa\u011fl\u0131yoruz.<\/p><p>Bulgaristan, \u0130spanya, Macaristan, Portekiz, Finlandiya, Yunanistan, Romanya ve T\u00fcrkiye dahil olmak \u00fczere bir\u00e7ok Avrupa \u00fclkesine yay\u0131lan Kapsay\u0131c\u0131 Gelecek, s\u0131n\u0131r \u00f6tesi i\u015fbirli\u011fini ve bilgi al\u0131\u015fveri\u015fini te\u015fvik etmektedir. E\u011fitim programlar\u0131, interaktif \u00f6\u011frenme materyalleri ve okul sertifikasyon modelleri arac\u0131l\u0131\u011f\u0131yla \u00f6\u011fretmenleri, \u00f6\u011frencileri ve velileri kendi toplumlar\u0131nda de\u011fi\u015fimin temsilcileri olmalar\u0131 i\u00e7in g\u00fc\u00e7lendiriyoruz.<\/p><p>Yakla\u015f\u0131m\u0131m\u0131z b\u00fct\u00fcnc\u00fcl ve kapsay\u0131c\u0131d\u0131r: k\u0131rsal ve marjinal b\u00f6lgelerdeki okullar\u0131n kat\u0131l\u0131m\u0131na \u00f6ncelik vererek kaliteli s\u00fcrd\u00fcr\u00fclebilirlik e\u011fitimine e\u015fit eri\u015fim sa\u011fl\u0131yoruz. Dijital ara\u00e7lar\u0131, politika deneylerini ve yenilik\u00e7i \u00f6\u011fretim stratejilerini entegre ederek, politika ve uygulama aras\u0131ndaki bo\u015flu\u011fu doldurmay\u0131 ve Avrupa&#8217;daki e\u011fitim sistemleri \u00fczerinde uzun s\u00fcreli bir etki yaratmay\u0131 hedefliyoruz.<\/p><p>E\u011fitimin s\u00fcrd\u00fcr\u00fclebilirlik ve kapsay\u0131c\u0131l\u0131\u011f\u0131n anahtar\u0131 oldu\u011fu daha ye\u015fil, daha adil bir gelecek in\u015fa etmek i\u00e7in bize kat\u0131l\u0131n.<\/p>\t\t\t\t\t\t\t\t<\/div>\n\t\t\t\t<\/div>\n\t\t\t\t<\/div>\n\t\t\t\t\t<\/div>\n\t\t\t\t<\/div>\n\t\t\t\t<\/div>\n\t\t\t\t<\/div>\n\t\t","protected":false},"excerpt":{"rendered":"<p>BIZIM PROJEMIZ &nbsp; Kapsay\u0131c\u0131 Gelecek, kapsay\u0131c\u0131 \u00f6\u011frenme ortamlar\u0131n\u0131 te\u015fvik ederken s\u00fcrd\u00fcr\u00fclebilirlik yetkinliklerini e\u011fitime entegre etmeyi ama\u00e7layan d\u00f6n\u00fc\u015ft\u00fcr\u00fcc\u00fc bir giri\u015fimdir. Erasmus [&hellip;]<\/p>\n","protected":false},"author":1,"featured_media":0,"parent":0,"menu_order":0,"comment_status":"closed","ping_status":"closed","template":"","meta":{"site-sidebar-layout":"no-sidebar","site-content-layout":"","ast-site-content-layout":"full-width-container","site-content-style":"default","site-sidebar-style":"default","ast-global-header-display":"","ast-banner-title-visibility":"","ast-main-header-display":"","ast-hfb-above-header-display":"","ast-hfb-below-header-display":"","ast-hfb-mobile-header-display":"","site-post-title":"disabled","ast-breadcrumbs-content":"","ast-featured-img":"disabled","footer-sml-layout":"","ast-disable-related-posts":"","theme-transparent-header-meta":"default","adv-header-id-meta":"","stick-header-meta":"","header-above-stick-meta":"","header-main-stick-meta":"","header-below-stick-meta":"","astra-migrate-meta-layouts":"set","ast-page-background-enabled":"default","ast-page-background-meta":{"desktop":{"background-color":"var(--ast-global-color-5)","background-image":"","background-repeat":"repeat","background-position":"center center","background-size":"auto","background-attachment":"scroll","background-type":"","background-media":"","overlay-type":"","overlay-color":"","overlay-opacity":"","overlay-gradient":""},"tablet":{"background-color":"","background-image":"","background-repeat":"repeat","background-position":"center center","background-size":"auto","background-attachment":"scroll","background-type":"","background-media":"","overlay-type":"","overlay-color":"","overlay-opacity":"","overlay-gradient":""},"mobile":{"background-color":"","background-image":"","background-repeat":"repeat","background-position":"center center","background-size":"auto","background-attachment":"scroll","background-type":"","background-media":"","overlay-type":"","overlay-color":"","overlay-opacity":"","overlay-gradient":""}},"ast-content-background-meta":{"desktop":{"background-color":"var(--ast-global-color-4)","background-image":"","background-repeat":"repeat","background-position":"center center","background-size":"auto","background-attachment":"scroll","background-type":"","background-media":"","overlay-type":"","overlay-color":"","overlay-opacity":"","overlay-gradient":""},"tablet":{"background-color":"var(--ast-global-color-4)","background-image":"","background-repeat":"repeat","background-position":"center center","background-size":"auto","background-attachment":"scroll","background-type":"","background-media":"","overlay-type":"","overlay-color":"","overlay-opacity":"","overlay-gradient":""},"mobile":{"background-color":"var(--ast-global-color-4)","background-image":"","background-repeat":"repeat","background-position":"center center","background-size":"auto","background-attachment":"scroll","background-type":"","background-media":"","overlay-type":"","overlay-color":"","overlay-opacity":"","overlay-gradient":""}},"footnotes":""},"class_list":["post-4439","page","type-page","status-publish","hentry"],"_links":{"self":[{"href":"https:\/\/inclusive-future.eu\/tr\/wp-json\/wp\/v2\/pages\/4439","targetHints":{"allow":["GET"]}}],"collection":[{"href":"https:\/\/inclusive-future.eu\/tr\/wp-json\/wp\/v2\/pages"}],"about":[{"href":"https:\/\/inclusive-future.eu\/tr\/wp-json\/wp\/v2\/types\/page"}],"author":[{"embeddable":true,"href":"https:\/\/inclusive-future.eu\/tr\/wp-json\/wp\/v2\/users\/1"}],"replies":[{"embeddable":true,"href":"https:\/\/inclusive-future.eu\/tr\/wp-json\/wp\/v2\/comments?post=4439"}],"version-history":[{"count":8,"href":"https:\/\/inclusive-future.eu\/tr\/wp-json\/wp\/v2\/pages\/4439\/revisions"}],"predecessor-version":[{"id":5790,"href":"https:\/\/inclusive-future.eu\/tr\/wp-json\/wp\/v2\/pages\/4439\/revisions\/5790"}],"wp:attachment":[{"href":"https:\/\/inclusive-future.eu\/tr\/wp-json\/wp\/v2\/media?parent=4439"}],"curies":[{"name":"wp","href":"https:\/\/api.w.org\/{rel}","templated":true}]}}