{"id":4840,"date":"2025-03-25T10:07:35","date_gmt":"2025-03-25T10:07:35","guid":{"rendered":"https:\/\/inclusive-future.eu\/?page_id=4840"},"modified":"2025-06-10T13:22:04","modified_gmt":"2025-06-10T13:22:04","slug":"raising-awareness","status":"publish","type":"page","link":"https:\/\/inclusive-future.eu\/ro\/raising-awareness","title":{"rendered":"Raising awareness"},"content":{"rendered":"\t\t<div data-elementor-type=\"wp-page\" data-elementor-id=\"4840\" class=\"elementor elementor-4840 elementor-2423\" data-elementor-post-type=\"page\">\n\t\t\t\t<div class=\"elementor-element elementor-element-b52d114 e-con-full e-flex e-con e-parent\" data-id=\"b52d114\" data-element_type=\"container\" data-e-type=\"container\" data-settings=\"{&quot;background_background&quot;:&quot;classic&quot;,&quot;jet_parallax_layout_list&quot;:[]}\">\n\t\t\t\t<div class=\"elementor-element elementor-element-d79b225 elementor-widget__width-initial elementor-invisible elementor-widget elementor-widget-heading\" data-id=\"d79b225\" data-element_type=\"widget\" data-e-type=\"widget\" data-settings=\"{&quot;_animation&quot;:&quot;fadeInDown&quot;}\" data-widget_type=\"heading.default\">\n\t\t\t\t<div class=\"elementor-widget-container\">\n\t\t\t\t\t<h2 class=\"elementor-heading-title elementor-size-default\">CRE\u0218TEREA CON\u0218TIENTIZ\u0102RII<\/h2>\t\t\t\t<\/div>\n\t\t\t\t<\/div>\n\t\t\t\t<\/div>\n\t\t<div class=\"elementor-element elementor-element-46d9f8b e-flex e-con-boxed e-con e-parent\" data-id=\"46d9f8b\" data-element_type=\"container\" data-e-type=\"container\" data-settings=\"{&quot;background_background&quot;:&quot;classic&quot;,&quot;jet_parallax_layout_list&quot;:[]}\">\n\t\t\t\t\t<div class=\"e-con-inner\">\n\t\t\t\t<div class=\"elementor-element elementor-element-f764f70 elementor-widget elementor-widget-text-editor\" data-id=\"f764f70\" data-element_type=\"widget\" data-e-type=\"widget\" data-widget_type=\"text-editor.default\">\n\t\t\t\t<div class=\"elementor-widget-container\">\n\t\t\t\t\t\t\t\t\t<p>Aceast\u0103 ini\u021biativ\u0103 asigur\u0103 <strong>comunicarea extins\u0103, diseminarea \u0219i sustenabilitatea pe termen lung<\/strong> a rezultatelor proiectului. Include o <strong>strategie de diseminare cuprinz\u0103toare, materiale de branding, ac\u021biuni de advocacy \u0219i implicarea p\u0103r\u021bilor interesate.<\/strong> Prin utilizarea instrumentelor digitale, discu\u021bii de politici \u0219i evenimente de networking, ini\u021biativa maximizeaz\u0103 <strong>vizibilitatea, impactul \u0219i adoptarea<\/strong> educa\u021biei pentru sustenabilitate \u00een \u0219coli.<\/p>\t\t\t\t\t\t\t\t<\/div>\n\t\t\t\t<\/div>\n\t\t<div class=\"elementor-element elementor-element-ab0afd9 e-grid e-con-full bdt-backdrop-filter-yes bdt-filter-backdrop e-con e-child\" data-id=\"ab0afd9\" data-element_type=\"container\" data-e-type=\"container\" data-settings=\"{&quot;jet_parallax_layout_list&quot;:[]}\">\n\t\t\t\t<div class=\"elementor-element elementor-element-b8418a6 elementor-flip-box--effect-push animated-fast elementor-flip-box--direction-up elementor-invisible elementor-widget elementor-widget-flip-box\" data-id=\"b8418a6\" data-element_type=\"widget\" data-e-type=\"widget\" data-settings=\"{&quot;_animation&quot;:&quot;zoomIn&quot;}\" data-widget_type=\"flip-box.default\">\n\t\t\t\t<div class=\"elementor-widget-container\">\n\t\t\t\t\t\t\t<div class=\"elementor-flip-box\" tabindex=\"0\">\n\t\t\t<div class=\"elementor-flip-box__layer elementor-flip-box__front\">\n\t\t\t\t<div class=\"elementor-flip-box__layer__overlay\">\n\t\t\t\t\t<div class=\"elementor-flip-box__layer__inner\">\n\t\t\t\t\t\t\n\t\t\t\t\t\t\t\t\t\t\t\t\t<h3 class=\"elementor-flip-box__layer__title\">\n\t\t\t\t\t\t\t\tMese Rotunde Na\u021bionale de Politici\t\t\t\t\t\t\t<\/h3>\n\t\t\t\t\t\t\n\t\t\t\t\t\t\t\t\t\t\t<\/div>\n\t\t\t\t<\/div>\n\t\t\t<\/div>\n\t\t\t<div class=\"elementor-flip-box__layer elementor-flip-box__back\">\n\t\t\t<div class=\"elementor-flip-box__layer__overlay\">\n\t\t\t\t<div class=\"elementor-flip-box__layer__inner\">\n\t\t\t\t\t\n\t\t\t\t\t\t\t\t\t\t\t<div class=\"elementor-flip-box__layer__description\">\n\t\t\t\t\t\t\tUn <b>rezumat cuprinz\u0103tor<\/b> al discu\u021biilor avute cu factorii de decizie, cadrele didactice \u0219i alte p\u0103r\u021bi implicate \u00een cadrul evenimentelor na\u021bionale. Documentul sintetizeaz\u0103 <b>perspectivele cheie, provoc\u0103rile \u0219i recomand\u0103rile<\/b> pentru integrarea competen\u021belor de sustenabilitate \u00een politicile educa\u021bionale. Sprijin\u0103 <b>eforturile de advocacy<\/b> la nivel na\u021bional \u0219i european.\t\t\t\t\t\t<\/div>\n\t\t\t\t\t\n\t\t\t\t\t\t\t\t\t\t\t<a class=\"elementor-flip-box__button elementor-button elementor-size-sm\">\n\t\t\t\t\t\t\tPentru a desc\u0103rca rezumatul, face\u021bi clic aici\t\t\t\t\t\t<\/a>\n\t\t\t\t\t\t\t\t<\/div>\n\t\t<\/div>\n\t\t<\/div>\n\t\t<\/div>\n\t\t\t\t\t\t<\/div>\n\t\t\t\t<\/div>\n\t\t\t\t<div class=\"elementor-element elementor-element-7f119be elementor-flip-box--effect-push animated-fast elementor-flip-box--direction-up elementor-invisible elementor-widget elementor-widget-flip-box\" data-id=\"7f119be\" data-element_type=\"widget\" data-e-type=\"widget\" data-settings=\"{&quot;_animation&quot;:&quot;zoomIn&quot;}\" data-widget_type=\"flip-box.default\">\n\t\t\t\t<div class=\"elementor-widget-container\">\n\t\t\t\t\t\t\t<div class=\"elementor-flip-box\" tabindex=\"0\">\n\t\t\t<div class=\"elementor-flip-box__layer elementor-flip-box__front\">\n\t\t\t\t<div class=\"elementor-flip-box__layer__overlay\">\n\t\t\t\t\t<div class=\"elementor-flip-box__layer__inner\">\n\t\t\t\t\t\t\n\t\t\t\t\t\t\t\t\t\t\t\t\t<h3 class=\"elementor-flip-box__layer__title\">\n\t\t\t\t\t\t\t\tPolitica Public\u0103\t\t\t\t\t\t\t<\/h3>\n\t\t\t\t\t\t\n\t\t\t\t\t\t\t\t\t\t\t<\/div>\n\t\t\t\t<\/div>\n\t\t\t<\/div>\n\t\t\t<div class=\"elementor-flip-box__layer elementor-flip-box__back\">\n\t\t\t<div class=\"elementor-flip-box__layer__overlay\">\n\t\t\t\t<div class=\"elementor-flip-box__layer__inner\">\n\t\t\t\t\t\n\t\t\t\t\t\t\t\t\t\t\t<div class=\"elementor-flip-box__layer__description\">\n\t\t\t\t\t\t\t<b>Documentul de politic\u0103<\/b> ofer\u0103 <b>o foaie de parcurs pentru integrarea competen\u021belor de sustenabilitate \u00een politicile educa\u021bionale na\u021bionale \u0219i europene.<\/b> Include <b>concluzii din cercetare, feedbackul p\u0103r\u021bilor interesate \u0219i rezultatele proiectului,<\/b> ajust\u00e2nd recomand\u0103rile ini\u021biale. Ofer\u0103 strategii practice pentru includerea sustenabilit\u0103\u021bii \u00een curriculum, formarea profesorilor \u0219i politicile \u0219colare, asigur\u00e2nd <b>impact pe termen lung \u0219i alinierea cu priorit\u0103\u021bile UE.<\/b>\t\t\t\t\t\t<\/div>\n\t\t\t\t\t\n\t\t\t\t\t\t\t\t\t\t\t<a class=\"elementor-flip-box__button elementor-button elementor-size-sm\">\n\t\t\t\t\t\t\tPentru a desc\u0103rca documentul de politic\u0103, face\u021bi clic aici\t\t\t\t\t\t<\/a>\n\t\t\t\t\t\t\t\t<\/div>\n\t\t<\/div>\n\t\t<\/div>\n\t\t<\/div>\n\t\t\t\t\t\t<\/div>\n\t\t\t\t<\/div>\n\t\t\t\t<div class=\"elementor-element elementor-element-25b2671 elementor-flip-box--effect-push animated-fast elementor-flip-box--direction-up elementor-invisible elementor-widget elementor-widget-flip-box\" data-id=\"25b2671\" data-element_type=\"widget\" data-e-type=\"widget\" data-settings=\"{&quot;_animation&quot;:&quot;zoomIn&quot;}\" data-widget_type=\"flip-box.default\">\n\t\t\t\t<div class=\"elementor-widget-container\">\n\t\t\t\t\t\t\t<div class=\"elementor-flip-box\" tabindex=\"0\">\n\t\t\t<div class=\"elementor-flip-box__layer elementor-flip-box__front\">\n\t\t\t\t<div class=\"elementor-flip-box__layer__overlay\">\n\t\t\t\t\t<div class=\"elementor-flip-box__layer__inner\">\n\t\t\t\t\t\t\n\t\t\t\t\t\t\t\t\t\t\t\t\t<h3 class=\"elementor-flip-box__layer__title\">\n\t\t\t\t\t\t\t\tEvenimente \u0218colare pentru Durabilitate\t\t\t\t\t\t\t<\/h3>\n\t\t\t\t\t\t\n\t\t\t\t\t\t\t\t\t\t\t<\/div>\n\t\t\t\t<\/div>\n\t\t\t<\/div>\n\t\t\t<div class=\"elementor-flip-box__layer elementor-flip-box__back\">\n\t\t\t<div class=\"elementor-flip-box__layer__overlay\">\n\t\t\t\t<div class=\"elementor-flip-box__layer__inner\">\n\t\t\t\t\t\n\t\t\t\t\t\t\t\t\t\t\t<div class=\"elementor-flip-box__layer__description\">\n\t\t\t\t\t\t\t<b>Documentarea evenimentelor cu tematic\u0103 sustenabil\u0103<\/b> organizate \u00een \u0219coli din \u021b\u0103rile partenere. Raportul eviden\u021biaz\u0103 <b>ini\u021biative conduse de elevi, ateliere \u0219i proiecte<\/b> care promoveaz\u0103 competen\u021bele de durabilitate. Serve\u0219te drept <b>inspira\u021bie \u0219i ghid<\/b> pentru alte \u0219coli care doresc s\u0103 reproduc\u0103 aceste activit\u0103\u021bi.\t\t\t\t\t\t<\/div>\n\t\t\t\t\t\n\t\t\t\t\t\t\t\t\t\t\t<a class=\"elementor-flip-box__button elementor-button elementor-size-sm\">\n\t\t\t\t\t\t\tMai multe informa\u021bii despre evenimente aici\t\t\t\t\t\t<\/a>\n\t\t\t\t\t\t\t\t<\/div>\n\t\t<\/div>\n\t\t<\/div>\n\t\t<\/div>\n\t\t\t\t\t\t<\/div>\n\t\t\t\t<\/div>\n\t\t\t\t<div class=\"elementor-element elementor-element-6e70f44 elementor-flip-box--effect-push animated-fast elementor-flip-box--direction-up elementor-invisible elementor-widget elementor-widget-flip-box\" data-id=\"6e70f44\" data-element_type=\"widget\" data-e-type=\"widget\" data-settings=\"{&quot;_animation&quot;:&quot;zoomIn&quot;}\" data-widget_type=\"flip-box.default\">\n\t\t\t\t<div class=\"elementor-widget-container\">\n\t\t\t\t\t\t\t<div class=\"elementor-flip-box\" tabindex=\"0\">\n\t\t\t<div class=\"elementor-flip-box__layer elementor-flip-box__front\">\n\t\t\t\t<div class=\"elementor-flip-box__layer__overlay\">\n\t\t\t\t\t<div class=\"elementor-flip-box__layer__inner\">\n\t\t\t\t\t\t\n\t\t\t\t\t\t\t\t\t\t\t\t\t<h3 class=\"elementor-flip-box__layer__title\">\n\t\t\t\t\t\t\t\tColaborare cu Alte Proiecte de Experimentare Politic\u0103\t\t\t\t\t\t\t<\/h3>\n\t\t\t\t\t\t\n\t\t\t\t\t\t\t\t\t\t\t<\/div>\n\t\t\t\t<\/div>\n\t\t\t<\/div>\n\t\t\t<div class=\"elementor-flip-box__layer elementor-flip-box__back\">\n\t\t\t<div class=\"elementor-flip-box__layer__overlay\">\n\t\t\t\t<div class=\"elementor-flip-box__layer__inner\">\n\t\t\t\t\t\n\t\t\t\t\t\t\t\t\t\t\t<div class=\"elementor-flip-box__layer__description\">\n\t\t\t\t\t\t\tUn raport care rezum\u0103 <b>colabor\u0103rile \u0219i schimbul de cuno\u0219tin\u021be<\/b> cu proiecte europene similare. Identific\u0103 <b>sinergii, provoc\u0103ri comune \u0219i recomand\u0103ri interproiect,<\/b> consolid\u00e2nd o <b>abordare colectiv\u0103<\/b> a educa\u021biei pentru durabilitate.\t\t\t\t\t\t<\/div>\n\t\t\t\t\t\n\t\t\t\t\t\t\t\t\t\t\t<a class=\"elementor-flip-box__button elementor-button elementor-size-sm\">\n\t\t\t\t\t\t\tPentru a desc\u0103rca raportul, face\u021bi clic aici\t\t\t\t\t\t<\/a>\n\t\t\t\t\t\t\t\t<\/div>\n\t\t<\/div>\n\t\t<\/div>\n\t\t<\/div>\n\t\t\t\t\t\t<\/div>\n\t\t\t\t<\/div>\n\t\t\t\t<div class=\"elementor-element elementor-element-c654fdb elementor-flip-box--effect-push animated-fast elementor-flip-box--direction-up elementor-invisible elementor-widget elementor-widget-flip-box\" data-id=\"c654fdb\" data-element_type=\"widget\" data-e-type=\"widget\" data-settings=\"{&quot;_animation&quot;:&quot;zoomIn&quot;}\" data-widget_type=\"flip-box.default\">\n\t\t\t\t<div class=\"elementor-widget-container\">\n\t\t\t\t\t\t\t<div class=\"elementor-flip-box\" tabindex=\"0\">\n\t\t\t<div class=\"elementor-flip-box__layer elementor-flip-box__front\">\n\t\t\t\t<div class=\"elementor-flip-box__layer__overlay\">\n\t\t\t\t\t<div class=\"elementor-flip-box__layer__inner\">\n\t\t\t\t\t\t\n\t\t\t\t\t\t\t\t\t\t\t\t\t<h3 class=\"elementor-flip-box__layer__title\">\n\t\t\t\t\t\t\t\tEcosistemul Inclusive Future\t\t\t\t\t\t\t<\/h3>\n\t\t\t\t\t\t\n\t\t\t\t\t\t\t\t\t\t\t<\/div>\n\t\t\t\t<\/div>\n\t\t\t<\/div>\n\t\t\t<div class=\"elementor-flip-box__layer elementor-flip-box__back\">\n\t\t\t<div class=\"elementor-flip-box__layer__overlay\">\n\t\t\t\t<div class=\"elementor-flip-box__layer__inner\">\n\t\t\t\t\t\n\t\t\t\t\t\t\t\t\t\t\t<div class=\"elementor-flip-box__layer__description\">\n\t\t\t\t\t\t\t<b>Ecosistemul Inclusiv Future conecteaz\u0103 actorii cheie pentru a promova educa\u021bia pentru sustenabilitate<\/b> \u0219i inovarea de politici. Include <b>profesori, directori de \u0219coli, deciden\u021bi politici, cercet\u0103tori, dezvoltatori de curriculum \u0219i ONG-uri,<\/b> asigur\u00e2nd un impact larg. Alte p\u0103r\u021bi implicate includ <b>institu\u021bii de \u00eenv\u0103\u021b\u0103m\u00e2nt superior, autorit\u0103\u021bi locale, p\u0103rin\u021bi, elevi, parteneri din sectorul privat \u0219i factori de decizie din UE.<\/b> Acest ecosistem promoveaz\u0103 <b>colaborarea, schimbul de resurse \u0219i alinierea politicilor<\/b> pentru o schimbare sustenabil\u0103.\t\t\t\t\t\t<\/div>\n\t\t\t\t\t\n\t\t\t\t\t\t\t\t\t\t\t<a class=\"elementor-flip-box__button elementor-button elementor-size-sm\">\n\t\t\t\t\t\t\tMai multe informa\u021bii aici\t\t\t\t\t\t<\/a>\n\t\t\t\t\t\t\t\t<\/div>\n\t\t<\/div>\n\t\t<\/div>\n\t\t<\/div>\n\t\t\t\t\t\t<\/div>\n\t\t\t\t<\/div>\n\t\t\t\t<\/div>\n\t\t\t\t\t<\/div>\n\t\t\t\t<\/div>\n\t\t\t\t<\/div>\n\t\t","protected":false},"excerpt":{"rendered":"<p>CRE\u0218TEREA CON\u0218TIENTIZ\u0102RII Aceast\u0103 ini\u021biativ\u0103 asigur\u0103 comunicarea extins\u0103, diseminarea \u0219i sustenabilitatea pe termen lung a rezultatelor proiectului. Include o strategie de [&hellip;]<\/p>\n","protected":false},"author":1,"featured_media":0,"parent":0,"menu_order":0,"comment_status":"closed","ping_status":"closed","template":"","meta":{"site-sidebar-layout":"no-sidebar","site-content-layout":"","ast-site-content-layout":"full-width-container","site-content-style":"default","site-sidebar-style":"default","ast-global-header-display":"","ast-banner-title-visibility":"","ast-main-header-display":"","ast-hfb-above-header-display":"","ast-hfb-below-header-display":"","ast-hfb-mobile-header-display":"","site-post-title":"disabled","ast-breadcrumbs-content":"","ast-featured-img":"disabled","footer-sml-layout":"","ast-disable-related-posts":"","theme-transparent-header-meta":"default","adv-header-id-meta":"","stick-header-meta":"","header-above-stick-meta":"","header-main-stick-meta":"","header-below-stick-meta":"","astra-migrate-meta-layouts":"set","ast-page-background-enabled":"default","ast-page-background-meta":{"desktop":{"background-color":"var(--ast-global-color-5)","background-image":"","background-repeat":"repeat","background-position":"center center","background-size":"auto","background-attachment":"scroll","background-type":"","background-media":"","overlay-type":"","overlay-color":"","overlay-opacity":"","overlay-gradient":""},"tablet":{"background-color":"","background-image":"","background-repeat":"repeat","background-position":"center center","background-size":"auto","background-attachment":"scroll","background-type":"","background-media":"","overlay-type":"","overlay-color":"","overlay-opacity":"","overlay-gradient":""},"mobile":{"background-color":"","background-image":"","background-repeat":"repeat","background-position":"center center","background-size":"auto","background-attachment":"scroll","background-type":"","background-media":"","overlay-type":"","overlay-color":"","overlay-opacity":"","overlay-gradient":""}},"ast-content-background-meta":{"desktop":{"background-color":"var(--ast-global-color-4)","background-image":"","background-repeat":"repeat","background-position":"center center","background-size":"auto","background-attachment":"scroll","background-type":"","background-media":"","overlay-type":"","overlay-color":"","overlay-opacity":"","overlay-gradient":""},"tablet":{"background-color":"var(--ast-global-color-4)","background-image":"","background-repeat":"repeat","background-position":"center center","background-size":"auto","background-attachment":"scroll","background-type":"","background-media":"","overlay-type":"","overlay-color":"","overlay-opacity":"","overlay-gradient":""},"mobile":{"background-color":"var(--ast-global-color-4)","background-image":"","background-repeat":"repeat","background-position":"center center","background-size":"auto","background-attachment":"scroll","background-type":"","background-media":"","overlay-type":"","overlay-color":"","overlay-opacity":"","overlay-gradient":""}},"footnotes":""},"class_list":["post-4840","page","type-page","status-publish","hentry"],"_links":{"self":[{"href":"https:\/\/inclusive-future.eu\/ro\/wp-json\/wp\/v2\/pages\/4840","targetHints":{"allow":["GET"]}}],"collection":[{"href":"https:\/\/inclusive-future.eu\/ro\/wp-json\/wp\/v2\/pages"}],"about":[{"href":"https:\/\/inclusive-future.eu\/ro\/wp-json\/wp\/v2\/types\/page"}],"author":[{"embeddable":true,"href":"https:\/\/inclusive-future.eu\/ro\/wp-json\/wp\/v2\/users\/1"}],"replies":[{"embeddable":true,"href":"https:\/\/inclusive-future.eu\/ro\/wp-json\/wp\/v2\/comments?post=4840"}],"version-history":[{"count":10,"href":"https:\/\/inclusive-future.eu\/ro\/wp-json\/wp\/v2\/pages\/4840\/revisions"}],"predecessor-version":[{"id":5692,"href":"https:\/\/inclusive-future.eu\/ro\/wp-json\/wp\/v2\/pages\/4840\/revisions\/5692"}],"wp:attachment":[{"href":"https:\/\/inclusive-future.eu\/ro\/wp-json\/wp\/v2\/media?parent=4840"}],"curies":[{"name":"wp","href":"https:\/\/api.w.org\/{rel}","templated":true}]}}