{"id":4369,"date":"2025-03-18T14:31:42","date_gmt":"2025-03-18T14:31:42","guid":{"rendered":"https:\/\/inclusive-future.eu\/?page_id=4369"},"modified":"2025-06-10T13:53:50","modified_gmt":"2025-06-10T13:53:50","slug":"our-project","status":"publish","type":"page","link":"https:\/\/inclusive-future.eu\/ro\/our-project","title":{"rendered":"Our Project"},"content":{"rendered":"\t\t<div data-elementor-type=\"wp-page\" data-elementor-id=\"4369\" class=\"elementor elementor-4369 elementor-38\" data-elementor-post-type=\"page\">\n\t\t\t\t<div class=\"elementor-element elementor-element-055b6e1 e-con-full e-flex e-con e-parent\" data-id=\"055b6e1\" data-element_type=\"container\" data-e-type=\"container\" data-settings=\"{&quot;background_background&quot;:&quot;classic&quot;,&quot;jet_parallax_layout_list&quot;:[]}\">\n\t\t<div class=\"elementor-element elementor-element-65f027f e-flex e-con-boxed e-con e-child\" data-id=\"65f027f\" data-element_type=\"container\" data-e-type=\"container\" data-settings=\"{&quot;jet_parallax_layout_list&quot;:[]}\">\n\t\t\t\t\t<div class=\"e-con-inner\">\n\t\t<div class=\"elementor-element elementor-element-f62d5d2 e-flex e-con-boxed elementor-invisible e-con e-child\" data-id=\"f62d5d2\" data-element_type=\"container\" data-e-type=\"container\" data-settings=\"{&quot;animation&quot;:&quot;fadeInLeft&quot;,&quot;jet_parallax_layout_list&quot;:[]}\">\n\t\t\t\t\t<div class=\"e-con-inner\">\n\t\t\t\t<div class=\"elementor-element elementor-element-b7c14a4 elementor-widget elementor-widget-heading\" data-id=\"b7c14a4\" data-element_type=\"widget\" data-e-type=\"widget\" data-widget_type=\"heading.default\">\n\t\t\t\t<div class=\"elementor-widget-container\">\n\t\t\t\t\t<h1 class=\"elementor-heading-title elementor-size-default\">PROIECTUL NOSTRU<\/h1>\t\t\t\t<\/div>\n\t\t\t\t<\/div>\n\t\t\t\t<div class=\"elementor-element elementor-element-048d2c8 elementor-widget__width-initial elementor-widget elementor-widget-elementskit-lottie\" data-id=\"048d2c8\" data-element_type=\"widget\" data-e-type=\"widget\" data-widget_type=\"elementskit-lottie.default\">\n\t\t\t\t<div class=\"elementor-widget-container\">\n\t\t\t\t\t<div class=\"ekit-wid-con\" ><div id=\"ekit_lottie_048d2c8\" class=\"ekit_lottie\" data-autoplay=\"true\" data-on-scroll=\"\" data-speed=\"1\" data-direction=\"\" data-action=\"\" data-renderer=\"svg\" data-path=\"https:\/\/inclusive-future.eu\/wp-content\/uploads\/2025\/03\/Project-1.json\" data-loop=\"true\">&nbsp;<\/div><\/div>\t\t\t\t<\/div>\n\t\t\t\t<\/div>\n\t\t\t\t\t<\/div>\n\t\t\t\t<\/div>\n\t\t<div class=\"elementor-element elementor-element-4ff361f e-con-full e-flex elementor-invisible e-con e-child\" data-id=\"4ff361f\" data-element_type=\"container\" data-e-type=\"container\" data-settings=\"{&quot;animation&quot;:&quot;fadeInRight&quot;,&quot;jet_parallax_layout_list&quot;:[]}\">\n\t\t\t\t<div class=\"elementor-element elementor-element-0186f69 elementor-widget elementor-widget-text-editor\" data-id=\"0186f69\" data-element_type=\"widget\" data-e-type=\"widget\" data-widget_type=\"text-editor.default\">\n\t\t\t\t<div class=\"elementor-widget-container\">\n\t\t\t\t\t\t\t\t\t<p>Inclusive Future este o ini\u021biativ\u0103 transformatoare care urm\u0103re\u0219te integrarea competen\u021belor pentru sustenabilitate \u00een educa\u021bie, promov\u00e2nd totodat\u0103 medii de \u00eenv\u0103\u021bare incluzive. Acest proiect, cofinan\u021bat prin Programul Erasmus+, r\u0103spunde nevoii urgente de educa\u021bie sustenabil\u0103, \u00eenzestr\u00e2nd elevii \u0219i cadrele didactice cu abilit\u0103\u021bile \u0219i cuno\u0219tin\u021bele necesare pentru a face fa\u021b\u0103 provoc\u0103rilor actuale de natur\u0103 ecologic\u0103, social\u0103 \u0219i economic\u0103.<\/p><p>Misiunea noastr\u0103 este s\u0103 sprijinim \u0219colile \u00een integrarea competen\u021belor pentru sustenabilitate \u00een curriculum, prin dezvoltarea unor modele pedagogice inovatoare, oferirea de formare profesional\u0103 pentru profesori \u0219i \u00eencurajarea colabor\u0103rii dintre factori de decizie, cadre didactice \u0219i comunit\u0103\u021bi. Prin valorificarea cadrului european GreenComp, ne asigur\u0103m c\u0103 educa\u021bia pentru sustenabilitate este cuprinz\u0103toare, incluziv\u0103 \u0219i aplicabil\u0103.<\/p><p>Derul\u00e2ndu-se \u00een mai multe \u021b\u0103ri europene\u2014printre care Bulgaria, Spania, Ungaria, Portugalia, Finlanda, Grecia, Rom\u00e2nia \u0219i Turcia\u2014proiectul Inclusiv Future promoveaz\u0103 cooperarea transfrontalier\u0103 \u0219i schimbul de cuno\u0219tin\u021be. Prin programe de formare, materiale interactive de \u00eenv\u0103\u021bare \u0219i modele de certificare a \u0219colilor, oferim sprijin profesorilor, elevilor \u0219i p\u0103rin\u021bilor pentru a deveni agen\u021bi ai schimb\u0103rii \u00een propriile comunit\u0103\u021bi.<\/p><p>Abordarea noastr\u0103 este holistic\u0103 \u0219i incluziv\u0103: acord\u0103m prioritate particip\u0103rii \u0219colilor din zone rurale \u0219i comunit\u0103\u021bi marginalizate, asigur\u00e2nd acces echitabil la o educa\u021bie de calitate \u00een domeniul sustenabilit\u0103\u021bii. Prin integrarea instrumentelor digitale, a experimentelor de politici \u0219i a strategiilor didactice inovatoare, urm\u0103rim reducerea decalajului dintre politic\u0103 \u0219i practic\u0103, gener\u00e2nd un impact durabil asupra sistemelor educa\u021bionale din Europa.<\/p><p>Al\u0103tur\u0103-te nou\u0103 \u00een construirea unui viitor mai verde \u0219i mai echitabil\u2014unde educa\u021bia este cheia sustenabilit\u0103\u021bii \u0219i incluziunii.<\/p>\t\t\t\t\t\t\t\t<\/div>\n\t\t\t\t<\/div>\n\t\t\t\t<\/div>\n\t\t\t\t\t<\/div>\n\t\t\t\t<\/div>\n\t\t\t\t<\/div>\n\t\t\t\t<\/div>\n\t\t","protected":false},"excerpt":{"rendered":"<p>PROIECTUL NOSTRU &nbsp; Inclusive Future este o ini\u021biativ\u0103 transformatoare care urm\u0103re\u0219te integrarea competen\u021belor pentru sustenabilitate \u00een educa\u021bie, promov\u00e2nd totodat\u0103 medii [&hellip;]<\/p>\n","protected":false},"author":1,"featured_media":0,"parent":0,"menu_order":0,"comment_status":"closed","ping_status":"closed","template":"","meta":{"site-sidebar-layout":"no-sidebar","site-content-layout":"","ast-site-content-layout":"full-width-container","site-content-style":"default","site-sidebar-style":"default","ast-global-header-display":"","ast-banner-title-visibility":"","ast-main-header-display":"","ast-hfb-above-header-display":"","ast-hfb-below-header-display":"","ast-hfb-mobile-header-display":"","site-post-title":"disabled","ast-breadcrumbs-content":"","ast-featured-img":"disabled","footer-sml-layout":"","ast-disable-related-posts":"","theme-transparent-header-meta":"default","adv-header-id-meta":"","stick-header-meta":"","header-above-stick-meta":"","header-main-stick-meta":"","header-below-stick-meta":"","astra-migrate-meta-layouts":"set","ast-page-background-enabled":"default","ast-page-background-meta":{"desktop":{"background-color":"var(--ast-global-color-5)","background-image":"","background-repeat":"repeat","background-position":"center center","background-size":"auto","background-attachment":"scroll","background-type":"","background-media":"","overlay-type":"","overlay-color":"","overlay-opacity":"","overlay-gradient":""},"tablet":{"background-color":"","background-image":"","background-repeat":"repeat","background-position":"center center","background-size":"auto","background-attachment":"scroll","background-type":"","background-media":"","overlay-type":"","overlay-color":"","overlay-opacity":"","overlay-gradient":""},"mobile":{"background-color":"","background-image":"","background-repeat":"repeat","background-position":"center center","background-size":"auto","background-attachment":"scroll","background-type":"","background-media":"","overlay-type":"","overlay-color":"","overlay-opacity":"","overlay-gradient":""}},"ast-content-background-meta":{"desktop":{"background-color":"var(--ast-global-color-4)","background-image":"","background-repeat":"repeat","background-position":"center center","background-size":"auto","background-attachment":"scroll","background-type":"","background-media":"","overlay-type":"","overlay-color":"","overlay-opacity":"","overlay-gradient":""},"tablet":{"background-color":"var(--ast-global-color-4)","background-image":"","background-repeat":"repeat","background-position":"center center","background-size":"auto","background-attachment":"scroll","background-type":"","background-media":"","overlay-type":"","overlay-color":"","overlay-opacity":"","overlay-gradient":""},"mobile":{"background-color":"var(--ast-global-color-4)","background-image":"","background-repeat":"repeat","background-position":"center center","background-size":"auto","background-attachment":"scroll","background-type":"","background-media":"","overlay-type":"","overlay-color":"","overlay-opacity":"","overlay-gradient":""}},"footnotes":""},"class_list":["post-4369","page","type-page","status-publish","hentry"],"_links":{"self":[{"href":"https:\/\/inclusive-future.eu\/ro\/wp-json\/wp\/v2\/pages\/4369","targetHints":{"allow":["GET"]}}],"collection":[{"href":"https:\/\/inclusive-future.eu\/ro\/wp-json\/wp\/v2\/pages"}],"about":[{"href":"https:\/\/inclusive-future.eu\/ro\/wp-json\/wp\/v2\/types\/page"}],"author":[{"embeddable":true,"href":"https:\/\/inclusive-future.eu\/ro\/wp-json\/wp\/v2\/users\/1"}],"replies":[{"embeddable":true,"href":"https:\/\/inclusive-future.eu\/ro\/wp-json\/wp\/v2\/comments?post=4369"}],"version-history":[{"count":10,"href":"https:\/\/inclusive-future.eu\/ro\/wp-json\/wp\/v2\/pages\/4369\/revisions"}],"predecessor-version":[{"id":5787,"href":"https:\/\/inclusive-future.eu\/ro\/wp-json\/wp\/v2\/pages\/4369\/revisions\/5787"}],"wp:attachment":[{"href":"https:\/\/inclusive-future.eu\/ro\/wp-json\/wp\/v2\/media?parent=4369"}],"curies":[{"name":"wp","href":"https:\/\/api.w.org\/{rel}","templated":true}]}}