{"id":4838,"date":"2025-03-25T10:07:35","date_gmt":"2025-03-25T10:07:35","guid":{"rendered":"https:\/\/inclusive-future.eu\/?page_id=4838"},"modified":"2025-06-10T13:21:45","modified_gmt":"2025-06-10T13:21:45","slug":"raising-awareness","status":"publish","type":"page","link":"https:\/\/inclusive-future.eu\/hu\/raising-awareness","title":{"rendered":"Raising awareness"},"content":{"rendered":"\t\t<div data-elementor-type=\"wp-page\" data-elementor-id=\"4838\" class=\"elementor elementor-4838 elementor-2423\" data-elementor-post-type=\"page\">\n\t\t\t\t<div class=\"elementor-element elementor-element-b52d114 e-con-full e-flex e-con e-parent\" data-id=\"b52d114\" data-element_type=\"container\" data-e-type=\"container\" data-settings=\"{&quot;background_background&quot;:&quot;classic&quot;,&quot;jet_parallax_layout_list&quot;:[]}\">\n\t\t\t\t<div class=\"elementor-element elementor-element-d79b225 elementor-widget__width-initial elementor-invisible elementor-widget elementor-widget-heading\" data-id=\"d79b225\" data-element_type=\"widget\" data-e-type=\"widget\" data-settings=\"{&quot;_animation&quot;:&quot;fadeInDown&quot;}\" data-widget_type=\"heading.default\">\n\t\t\t\t<div class=\"elementor-widget-container\">\n\t\t\t\t\t<h2 class=\"elementor-heading-title elementor-size-default\">TUDATOSS\u00c1GN\u00d6VEL\u00c9S<\/h2>\t\t\t\t<\/div>\n\t\t\t\t<\/div>\n\t\t\t\t<\/div>\n\t\t<div class=\"elementor-element elementor-element-46d9f8b e-flex e-con-boxed e-con e-parent\" data-id=\"46d9f8b\" data-element_type=\"container\" data-e-type=\"container\" data-settings=\"{&quot;background_background&quot;:&quot;classic&quot;,&quot;jet_parallax_layout_list&quot;:[]}\">\n\t\t\t\t\t<div class=\"e-con-inner\">\n\t\t\t\t<div class=\"elementor-element elementor-element-f764f70 elementor-widget elementor-widget-text-editor\" data-id=\"f764f70\" data-element_type=\"widget\" data-e-type=\"widget\" data-widget_type=\"text-editor.default\">\n\t\t\t\t<div class=\"elementor-widget-container\">\n\t\t\t\t\t\t\t\t\t<p>Ez a kezdem\u00e9nyez\u00e9s biztos\u00edtja a projekt eredm\u00e9nyeinek sz\u00e9les <strong>k\u00f6r\u0171 kommunik\u00e1ci\u00f3j\u00e1t, terjeszt\u00e9s\u00e9t \u00e9s hossz\u00fa t\u00e1v\u00fa<\/strong> fenntarthat\u00f3s\u00e1g\u00e1t. Tartalmaz egy <strong>\u00e1tfog\u00f3 kommunik\u00e1ci\u00f3s strat\u00e9gi\u00e1t, arculati anyagokat, szakpolitikai \u00e9rdekk\u00e9pviseletet<\/strong> \u00e9s az <strong>\u00e9rintettek k\u00f6z\u00f6tti egy\u00fcttm\u0171k\u00f6d\u00e9st.<\/strong> Digit\u00e1lis eszk\u00f6z\u00f6kkel, szakpolitikai f\u00f3rumokkal \u00e9s h\u00e1l\u00f3zat\u00e9p\u00edt\u0151 esem\u00e9nyekkel t\u00e1mogatja a fenntarthat\u00f3s\u00e1gi oktat\u00e1s <strong>l\u00e1that\u00f3s\u00e1g\u00e1nak, hat\u00e1s\u00e1nak \u00e9s elfogad\u00e1s\u00e1nak<\/strong> n\u00f6vel\u00e9s\u00e9t az iskol\u00e1kban.<\/p>\t\t\t\t\t\t\t\t<\/div>\n\t\t\t\t<\/div>\n\t\t<div class=\"elementor-element elementor-element-ab0afd9 e-grid e-con-full bdt-backdrop-filter-yes bdt-filter-backdrop e-con e-child\" data-id=\"ab0afd9\" data-element_type=\"container\" data-e-type=\"container\" data-settings=\"{&quot;jet_parallax_layout_list&quot;:[]}\">\n\t\t\t\t<div class=\"elementor-element elementor-element-b8418a6 elementor-flip-box--effect-push animated-fast elementor-flip-box--direction-up elementor-invisible elementor-widget elementor-widget-flip-box\" data-id=\"b8418a6\" data-element_type=\"widget\" data-e-type=\"widget\" data-settings=\"{&quot;_animation&quot;:&quot;zoomIn&quot;}\" data-widget_type=\"flip-box.default\">\n\t\t\t\t<div class=\"elementor-widget-container\">\n\t\t\t\t\t\t\t<div class=\"elementor-flip-box\" tabindex=\"0\">\n\t\t\t<div class=\"elementor-flip-box__layer elementor-flip-box__front\">\n\t\t\t\t<div class=\"elementor-flip-box__layer__overlay\">\n\t\t\t\t\t<div class=\"elementor-flip-box__layer__inner\">\n\t\t\t\t\t\t\n\t\t\t\t\t\t\t\t\t\t\t\t\t<h3 class=\"elementor-flip-box__layer__title\">\n\t\t\t\t\t\t\t\tNemzeti szakpolitikai kerekasztal\t\t\t\t\t\t\t<\/h3>\n\t\t\t\t\t\t\n\t\t\t\t\t\t\t\t\t\t\t<\/div>\n\t\t\t\t<\/div>\n\t\t\t<\/div>\n\t\t\t<div class=\"elementor-flip-box__layer elementor-flip-box__back\">\n\t\t\t<div class=\"elementor-flip-box__layer__overlay\">\n\t\t\t\t<div class=\"elementor-flip-box__layer__inner\">\n\t\t\t\t\t\n\t\t\t\t\t\t\t\t\t\t\t<div class=\"elementor-flip-box__layer__description\">\n\t\t\t\t\t\t\tEgy \u00f6sszefoglal\u00f3 jelent\u00e9s a d\u00f6nt\u00e9shoz\u00f3kkal, pedag\u00f3gusokkal \u00e9s \u00e9rintettekkel szervezett <b>nemzeti kerekasztal-besz\u00e9lget\u00e9sekr\u0151l.<\/b> A dokumentum \u00f6sszegzi a <b>legfontosabb megl\u00e1t\u00e1sokat, kih\u00edv\u00e1sokat \u00e9s szakpolitikai javaslatokat<\/b> a fenntarthat\u00f3s\u00e1gi kompetenci\u00e1k oktat\u00e1spolitik\u00e1ba val\u00f3 be\u00e9p\u00edt\u00e9s\u00e9re. T\u00e1mogatja a nemzeti \u00e9s uni\u00f3s szint\u0171 <b>szakpolitikai \u00e9rdekk\u00e9pviseletet.<\/b>\t\t\t\t\t\t<\/div>\n\t\t\t\t\t\n\t\t\t\t\t\t\t\t\t\t\t<a class=\"elementor-flip-box__button elementor-button elementor-size-sm\">\n\t\t\t\t\t\t\tA kerekasztal-besz\u00e9lget\u00e9sek \u00f6sszefoglal\u00f3j\u00e1nak let\u00f6lt\u00e9s\u00e9hez kattints ide\t\t\t\t\t\t<\/a>\n\t\t\t\t\t\t\t\t<\/div>\n\t\t<\/div>\n\t\t<\/div>\n\t\t<\/div>\n\t\t\t\t\t\t<\/div>\n\t\t\t\t<\/div>\n\t\t\t\t<div class=\"elementor-element elementor-element-7f119be elementor-flip-box--effect-push animated-fast elementor-flip-box--direction-up elementor-invisible elementor-widget elementor-widget-flip-box\" data-id=\"7f119be\" data-element_type=\"widget\" data-e-type=\"widget\" data-settings=\"{&quot;_animation&quot;:&quot;zoomIn&quot;}\" data-widget_type=\"flip-box.default\">\n\t\t\t\t<div class=\"elementor-widget-container\">\n\t\t\t\t\t\t\t<div class=\"elementor-flip-box\" tabindex=\"0\">\n\t\t\t<div class=\"elementor-flip-box__layer elementor-flip-box__front\">\n\t\t\t\t<div class=\"elementor-flip-box__layer__overlay\">\n\t\t\t\t\t<div class=\"elementor-flip-box__layer__inner\">\n\t\t\t\t\t\t\n\t\t\t\t\t\t\t\t\t\t\t\t\t<h3 class=\"elementor-flip-box__layer__title\">\n\t\t\t\t\t\t\t\tSzakpolitikai aj\u00e1nl\u00e1s\t\t\t\t\t\t\t<\/h3>\n\t\t\t\t\t\t\n\t\t\t\t\t\t\t\t\t\t\t<\/div>\n\t\t\t\t<\/div>\n\t\t\t<\/div>\n\t\t\t<div class=\"elementor-flip-box__layer elementor-flip-box__back\">\n\t\t\t<div class=\"elementor-flip-box__layer__overlay\">\n\t\t\t\t<div class=\"elementor-flip-box__layer__inner\">\n\t\t\t\t\t\n\t\t\t\t\t\t\t\t\t\t\t<div class=\"elementor-flip-box__layer__description\">\n\t\t\t\t\t\t\tEz a dokumentum egy <b>\u00fatitervet<\/b> v\u00e1zol fel a <b>fenntarthat\u00f3s\u00e1gi kompetenci\u00e1k nemzeti \u00e9s eur\u00f3pai oktat\u00e1spolitik\u00e1kba<\/b> t\u00f6rt\u00e9n\u0151 beilleszt\u00e9s\u00e9re. Tartalmazza a <b>kutat\u00e1si eredm\u00e9nyeket, az \u00e9rintettek visszajelz\u00e9seit \u00e9s a projekt tanuls\u00e1gait, finom\u00edtva az eredeti javaslatokat. Gyakorlati strat\u00e9gi\u00e1kat<\/b> k\u00edn\u00e1l a fenntarthat\u00f3s\u00e1g tantervi integr\u00e1l\u00e1s\u00e1ra, a pedag\u00f3gusk\u00e9pz\u00e9sre \u00e9s az iskolai ir\u00e1nyelvekre vonatkoz\u00f3an, biztos\u00edtva az EU priorit\u00e1saival val\u00f3 \u00f6sszhangot.\t\t\t\t\t\t<\/div>\n\t\t\t\t\t\n\t\t\t\t\t\t\t\t\t\t\t<a class=\"elementor-flip-box__button elementor-button elementor-size-sm\">\n\t\t\t\t\t\t\tA szakpolitikai aj\u00e1nl\u00e1s let\u00f6lt\u00e9s\u00e9hez kattints ide\t\t\t\t\t\t<\/a>\n\t\t\t\t\t\t\t\t<\/div>\n\t\t<\/div>\n\t\t<\/div>\n\t\t<\/div>\n\t\t\t\t\t\t<\/div>\n\t\t\t\t<\/div>\n\t\t\t\t<div class=\"elementor-element elementor-element-25b2671 elementor-flip-box--effect-push animated-fast elementor-flip-box--direction-up elementor-invisible elementor-widget elementor-widget-flip-box\" data-id=\"25b2671\" data-element_type=\"widget\" data-e-type=\"widget\" data-settings=\"{&quot;_animation&quot;:&quot;zoomIn&quot;}\" data-widget_type=\"flip-box.default\">\n\t\t\t\t<div class=\"elementor-widget-container\">\n\t\t\t\t\t\t\t<div class=\"elementor-flip-box\" tabindex=\"0\">\n\t\t\t<div class=\"elementor-flip-box__layer elementor-flip-box__front\">\n\t\t\t\t<div class=\"elementor-flip-box__layer__overlay\">\n\t\t\t\t\t<div class=\"elementor-flip-box__layer__inner\">\n\t\t\t\t\t\t\n\t\t\t\t\t\t\t\t\t\t\t\t\t<h3 class=\"elementor-flip-box__layer__title\">\n\t\t\t\t\t\t\t\tFenntarthat\u00f3s\u00e1gi f\u00f3kusz\u00fa iskolai esem\u00e9nyek\t\t\t\t\t\t\t<\/h3>\n\t\t\t\t\t\t\n\t\t\t\t\t\t\t\t\t\t\t<\/div>\n\t\t\t\t<\/div>\n\t\t\t<\/div>\n\t\t\t<div class=\"elementor-flip-box__layer elementor-flip-box__back\">\n\t\t\t<div class=\"elementor-flip-box__layer__overlay\">\n\t\t\t\t<div class=\"elementor-flip-box__layer__inner\">\n\t\t\t\t\t\n\t\t\t\t\t\t\t\t\t\t\t<div class=\"elementor-flip-box__layer__description\">\n\t\t\t\t\t\t\t<b>Dokument\u00e1ci\u00f3 azokr\u00f3l az esem\u00e9nyekr\u0151l, amelyeket a fenntarthat\u00f3s\u00e1g jegy\u00e9ben rendeztek<\/b> a partnerorsz\u00e1gok iskol\u00e1iban. A jelent\u00e9s bemutatja a <b>di\u00e1kok \u00e1ltal kezdem\u00e9nyezett<\/b> programokat, <b>workshopokat \u00e9s projekteket,<\/b> amelyek a fenntarthat\u00f3s\u00e1gi kompetenci\u00e1kat n\u00e9pszer\u0171s\u00edtik. <b>Inspir\u00e1ci\u00f3k\u00e9nt \u00e9s \u00fatmutat\u00f3k\u00e9nt szolg\u00e1l<\/b> m\u00e1s iskol\u00e1k sz\u00e1m\u00e1ra hasonl\u00f3 tev\u00e9kenys\u00e9gek megszervez\u00e9s\u00e9hez.\t\t\t\t\t\t<\/div>\n\t\t\t\t\t\n\t\t\t\t\t\t\t\t\t\t\t<a class=\"elementor-flip-box__button elementor-button elementor-size-sm\">\n\t\t\t\t\t\t\tTov\u00e1bbi inform\u00e1ci\u00f3 az iskolai esem\u00e9nyekr\u0151l itt\t\t\t\t\t\t<\/a>\n\t\t\t\t\t\t\t\t<\/div>\n\t\t<\/div>\n\t\t<\/div>\n\t\t<\/div>\n\t\t\t\t\t\t<\/div>\n\t\t\t\t<\/div>\n\t\t\t\t<div class=\"elementor-element elementor-element-6e70f44 elementor-flip-box--effect-push animated-fast elementor-flip-box--direction-up elementor-invisible elementor-widget elementor-widget-flip-box\" data-id=\"6e70f44\" data-element_type=\"widget\" data-e-type=\"widget\" data-settings=\"{&quot;_animation&quot;:&quot;zoomIn&quot;}\" data-widget_type=\"flip-box.default\">\n\t\t\t\t<div class=\"elementor-widget-container\">\n\t\t\t\t\t\t\t<div class=\"elementor-flip-box\" tabindex=\"0\">\n\t\t\t<div class=\"elementor-flip-box__layer elementor-flip-box__front\">\n\t\t\t\t<div class=\"elementor-flip-box__layer__overlay\">\n\t\t\t\t\t<div class=\"elementor-flip-box__layer__inner\">\n\t\t\t\t\t\t\n\t\t\t\t\t\t\t\t\t\t\t\t\t<h3 class=\"elementor-flip-box__layer__title\">\n\t\t\t\t\t\t\t\tKapcsolat m\u00e1s szakpolitikai k\u00eds\u00e9rleti projektekkel\t\t\t\t\t\t\t<\/h3>\n\t\t\t\t\t\t\n\t\t\t\t\t\t\t\t\t\t\t<\/div>\n\t\t\t\t<\/div>\n\t\t\t<\/div>\n\t\t\t<div class=\"elementor-flip-box__layer elementor-flip-box__back\">\n\t\t\t<div class=\"elementor-flip-box__layer__overlay\">\n\t\t\t\t<div class=\"elementor-flip-box__layer__inner\">\n\t\t\t\t\t\n\t\t\t\t\t\t\t\t\t\t\t<div class=\"elementor-flip-box__layer__description\">\n\t\t\t\t\t\t\tEgy \u00f6sszefoglal\u00f3 jelent\u00e9s azokr\u00f3l az <b>egy\u00fcttm\u0171k\u00f6d\u00e9sekr\u0151l \u00e9s tud\u00e1smegoszt\u00e1sokr\u00f3l,<\/b> amelyek hasonl\u00f3 eur\u00f3pai szakpolitikai k\u00eds\u00e9rleti projektekkel zajlottak. A dokumentum azonos\u00edtja a <b>szinergi\u00e1kat, k\u00f6z\u00f6s kih\u00edv\u00e1sokat \u00e9s javaslatokat,<\/b> er\u0151s\u00edtve a fenntarthat\u00f3s\u00e1gi oktat\u00e1s <b>kollekt\u00edv megk\u00f6zel\u00edt\u00e9s\u00e9t.<\/b>\t\t\t\t\t\t<\/div>\n\t\t\t\t\t\n\t\t\t\t\t\t\t\t\t\t\t<a class=\"elementor-flip-box__button elementor-button elementor-size-sm\">\n\t\t\t\t\t\t\tA jelent\u00e9s let\u00f6lt\u00e9s\u00e9hez kattints ide\t\t\t\t\t\t<\/a>\n\t\t\t\t\t\t\t\t<\/div>\n\t\t<\/div>\n\t\t<\/div>\n\t\t<\/div>\n\t\t\t\t\t\t<\/div>\n\t\t\t\t<\/div>\n\t\t\t\t<div class=\"elementor-element elementor-element-1ae9635 elementor-flip-box--effect-push animated-fast elementor-flip-box--direction-up elementor-invisible elementor-widget elementor-widget-flip-box\" data-id=\"1ae9635\" data-element_type=\"widget\" data-e-type=\"widget\" data-settings=\"{&quot;_animation&quot;:&quot;zoomIn&quot;}\" data-widget_type=\"flip-box.default\">\n\t\t\t\t<div class=\"elementor-widget-container\">\n\t\t\t\t\t\t\t<div class=\"elementor-flip-box\" tabindex=\"0\">\n\t\t\t<div class=\"elementor-flip-box__layer elementor-flip-box__front\">\n\t\t\t\t<div class=\"elementor-flip-box__layer__overlay\">\n\t\t\t\t\t<div class=\"elementor-flip-box__layer__inner\">\n\t\t\t\t\t\t\n\t\t\t\t\t\t\t\t\t\t\t\t\t<h3 class=\"elementor-flip-box__layer__title\">\n\t\t\t\t\t\t\t\tInclusive Future \u00f6kosziszt\u00e9ma\t\t\t\t\t\t\t<\/h3>\n\t\t\t\t\t\t\n\t\t\t\t\t\t\t\t\t\t\t<\/div>\n\t\t\t\t<\/div>\n\t\t\t<\/div>\n\t\t\t<div class=\"elementor-flip-box__layer elementor-flip-box__back\">\n\t\t\t<div class=\"elementor-flip-box__layer__overlay\">\n\t\t\t\t<div class=\"elementor-flip-box__layer__inner\">\n\t\t\t\t\t\n\t\t\t\t\t\t\t\t\t\t\t<div class=\"elementor-flip-box__layer__description\">\n\t\t\t\t\t\t\tAz Inclusive Future \u00f6kosziszt\u00e9ma \u00f6sszek\u00f6ti a kulcsszerepl\u0151ket a fenntarthat\u00f3s\u00e1gi <b>oktat\u00e1s \u00e9s szakpolitikai innov\u00e1ci\u00f3 el\u0151mozd\u00edt\u00e1sa<\/b> \u00e9rdek\u00e9ben. Tagjai k\u00f6z\u00e9 tartoznak <b>pedag\u00f3gusok, iskolaigazgat\u00f3k, d\u00f6nt\u00e9shoz\u00f3k, kutat\u00f3k, tantervk\u00e9sz\u00edt\u0151k \u00e9s civil szervezetek.<\/b> Tov\u00e1bbi partnerek: <b>fels\u0151oktat\u00e1si int\u00e9zm\u00e9nyek, \u00f6nkorm\u00e1nyzatok, sz\u00fcl\u0151k, di\u00e1kok, a mag\u00e1nszektor \u00e9s uni\u00f3s szakpolitikai d\u00f6nt\u00e9shoz\u00f3k.<\/b> Ez az \u00f6kosziszt\u00e9ma el\u0151seg\u00edti az egy\u00fcttm\u0171k\u00f6d\u00e9st, az er\u0151forr\u00e1sok megoszt\u00e1s\u00e1t \u00e9s a szakpolitikai \u00f6sszhangot a hossz\u00fa t\u00e1v\u00fa v\u00e1ltoz\u00e1sok \u00e9rdek\u00e9ben.\t\t\t\t\t\t<\/div>\n\t\t\t\t\t\n\t\t\t\t\t\t\t\t\t\t\t<a class=\"elementor-flip-box__button elementor-button elementor-size-sm\">\n\t\t\t\t\t\t\tTov\u00e1bbi inform\u00e1ci\u00f3 itt\t\t\t\t\t\t<\/a>\n\t\t\t\t\t\t\t\t<\/div>\n\t\t<\/div>\n\t\t<\/div>\n\t\t<\/div>\n\t\t\t\t\t\t<\/div>\n\t\t\t\t<\/div>\n\t\t\t\t<\/div>\n\t\t\t\t\t<\/div>\n\t\t\t\t<\/div>\n\t\t\t\t<\/div>\n\t\t","protected":false},"excerpt":{"rendered":"<p>TUDATOSS\u00c1GN\u00d6VEL\u00c9S Ez a kezdem\u00e9nyez\u00e9s biztos\u00edtja a projekt eredm\u00e9nyeinek sz\u00e9les k\u00f6r\u0171 kommunik\u00e1ci\u00f3j\u00e1t, terjeszt\u00e9s\u00e9t \u00e9s hossz\u00fa t\u00e1v\u00fa fenntarthat\u00f3s\u00e1g\u00e1t. Tartalmaz egy \u00e1tfog\u00f3 kommunik\u00e1ci\u00f3s [&hellip;]<\/p>\n","protected":false},"author":1,"featured_media":0,"parent":0,"menu_order":0,"comment_status":"closed","ping_status":"closed","template":"","meta":{"site-sidebar-layout":"no-sidebar","site-content-layout":"","ast-site-content-layout":"full-width-container","site-content-style":"default","site-sidebar-style":"default","ast-global-header-display":"","ast-banner-title-visibility":"","ast-main-header-display":"","ast-hfb-above-header-display":"","ast-hfb-below-header-display":"","ast-hfb-mobile-header-display":"","site-post-title":"disabled","ast-breadcrumbs-content":"","ast-featured-img":"disabled","footer-sml-layout":"","ast-disable-related-posts":"","theme-transparent-header-meta":"default","adv-header-id-meta":"","stick-header-meta":"","header-above-stick-meta":"","header-main-stick-meta":"","header-below-stick-meta":"","astra-migrate-meta-layouts":"set","ast-page-background-enabled":"default","ast-page-background-meta":{"desktop":{"background-color":"var(--ast-global-color-5)","background-image":"","background-repeat":"repeat","background-position":"center center","background-size":"auto","background-attachment":"scroll","background-type":"","background-media":"","overlay-type":"","overlay-color":"","overlay-opacity":"","overlay-gradient":""},"tablet":{"background-color":"","background-image":"","background-repeat":"repeat","background-position":"center center","background-size":"auto","background-attachment":"scroll","background-type":"","background-media":"","overlay-type":"","overlay-color":"","overlay-opacity":"","overlay-gradient":""},"mobile":{"background-color":"","background-image":"","background-repeat":"repeat","background-position":"center center","background-size":"auto","background-attachment":"scroll","background-type":"","background-media":"","overlay-type":"","overlay-color":"","overlay-opacity":"","overlay-gradient":""}},"ast-content-background-meta":{"desktop":{"background-color":"var(--ast-global-color-4)","background-image":"","background-repeat":"repeat","background-position":"center center","background-size":"auto","background-attachment":"scroll","background-type":"","background-media":"","overlay-type":"","overlay-color":"","overlay-opacity":"","overlay-gradient":""},"tablet":{"background-color":"var(--ast-global-color-4)","background-image":"","background-repeat":"repeat","background-position":"center center","background-size":"auto","background-attachment":"scroll","background-type":"","background-media":"","overlay-type":"","overlay-color":"","overlay-opacity":"","overlay-gradient":""},"mobile":{"background-color":"var(--ast-global-color-4)","background-image":"","background-repeat":"repeat","background-position":"center center","background-size":"auto","background-attachment":"scroll","background-type":"","background-media":"","overlay-type":"","overlay-color":"","overlay-opacity":"","overlay-gradient":""}},"footnotes":""},"class_list":["post-4838","page","type-page","status-publish","hentry"],"_links":{"self":[{"href":"https:\/\/inclusive-future.eu\/hu\/wp-json\/wp\/v2\/pages\/4838","targetHints":{"allow":["GET"]}}],"collection":[{"href":"https:\/\/inclusive-future.eu\/hu\/wp-json\/wp\/v2\/pages"}],"about":[{"href":"https:\/\/inclusive-future.eu\/hu\/wp-json\/wp\/v2\/types\/page"}],"author":[{"embeddable":true,"href":"https:\/\/inclusive-future.eu\/hu\/wp-json\/wp\/v2\/users\/1"}],"replies":[{"embeddable":true,"href":"https:\/\/inclusive-future.eu\/hu\/wp-json\/wp\/v2\/comments?post=4838"}],"version-history":[{"count":7,"href":"https:\/\/inclusive-future.eu\/hu\/wp-json\/wp\/v2\/pages\/4838\/revisions"}],"predecessor-version":[{"id":5686,"href":"https:\/\/inclusive-future.eu\/hu\/wp-json\/wp\/v2\/pages\/4838\/revisions\/5686"}],"wp:attachment":[{"href":"https:\/\/inclusive-future.eu\/hu\/wp-json\/wp\/v2\/media?parent=4838"}],"curies":[{"name":"wp","href":"https:\/\/api.w.org\/{rel}","templated":true}]}}