{"id":4782,"date":"2025-03-25T10:07:25","date_gmt":"2025-03-25T10:07:25","guid":{"rendered":"https:\/\/inclusive-future.eu\/?page_id=4782"},"modified":"2025-06-10T13:24:27","modified_gmt":"2025-06-10T13:24:27","slug":"certification-and-recognition","status":"publish","type":"page","link":"https:\/\/inclusive-future.eu\/hu\/certification-and-recognition","title":{"rendered":"Certification and recognition"},"content":{"rendered":"\t\t<div data-elementor-type=\"wp-page\" data-elementor-id=\"4782\" class=\"elementor elementor-4782 elementor-2421\" data-elementor-post-type=\"page\">\n\t\t\t\t<div class=\"elementor-element elementor-element-6dd5cf7 e-con-full e-flex e-con e-parent\" data-id=\"6dd5cf7\" data-element_type=\"container\" data-e-type=\"container\" data-settings=\"{&quot;background_background&quot;:&quot;classic&quot;,&quot;jet_parallax_layout_list&quot;:[]}\">\n\t\t\t\t<div class=\"elementor-element elementor-element-93ebf6b elementor-widget__width-initial elementor-invisible elementor-widget elementor-widget-heading\" data-id=\"93ebf6b\" data-element_type=\"widget\" data-e-type=\"widget\" data-settings=\"{&quot;_animation&quot;:&quot;fadeInDown&quot;}\" data-widget_type=\"heading.default\">\n\t\t\t\t<div class=\"elementor-widget-container\">\n\t\t\t\t\t<h2 class=\"elementor-heading-title elementor-size-default\">TAN\u00daS\u00cdTV\u00c1NY \u00c9S ELISMERTET\u00c9S<\/h2>\t\t\t\t<\/div>\n\t\t\t\t<\/div>\n\t\t\t\t<\/div>\n\t\t<div class=\"elementor-element elementor-element-91951f3 e-flex e-con-boxed e-con e-parent\" data-id=\"91951f3\" data-element_type=\"container\" data-e-type=\"container\" data-settings=\"{&quot;background_background&quot;:&quot;classic&quot;,&quot;jet_parallax_layout_list&quot;:[]}\">\n\t\t\t\t\t<div class=\"e-con-inner\">\n\t\t\t\t<div class=\"elementor-element elementor-element-282f7fd elementor-widget elementor-widget-text-editor\" data-id=\"282f7fd\" data-element_type=\"widget\" data-e-type=\"widget\" data-widget_type=\"text-editor.default\">\n\t\t\t\t<div class=\"elementor-widget-container\">\n\t\t\t\t\t\t\t\t\t<p>Ez a kezdem\u00e9nyez\u00e9s egy <strong>tan\u00fas\u00edt\u00e1si rendszert<\/strong> hoz l\u00e9tre az iskol\u00e1k sz\u00e1m\u00e1ra, amely elismeri azokat az int\u00e9zm\u00e9nyeket, amelyek sikeresen integr\u00e1lj\u00e1k a <strong>fenntarthat\u00f3s\u00e1gi kompetenci\u00e1kat<\/strong> oktat\u00e1si gyakorlatukba. A program r\u00e9sze a <strong>tan\u00fas\u00edt\u00e1si krit\u00e9riumok kidolgoz\u00e1sa, a tan\u00fas\u00edt\u00f3 szakemberek k\u00e9pz\u00e9se, valamint a rendszer bevezet\u00e9se<\/strong> az iskol\u00e1kban. A struktur\u00e1lt keretrendszer biztos\u00edtja, hogy a fenntarthat\u00f3s\u00e1gi oktat\u00e1s <strong>m\u00e9rhet\u0151, szabv\u00e1nyos\u00edtott<\/strong> \u00e9s k\u00fcl\u00f6nb\u00f6z\u0151 oktat\u00e1si k\u00f6rnyezetekben is <strong>alkalmazhat\u00f3<\/strong> legyen.<\/p>\t\t\t\t\t\t\t\t<\/div>\n\t\t\t\t<\/div>\n\t\t<div class=\"elementor-element elementor-element-89ab64e e-grid e-con-full bdt-backdrop-filter-yes bdt-filter-backdrop e-con e-child\" data-id=\"89ab64e\" data-element_type=\"container\" data-e-type=\"container\" data-settings=\"{&quot;jet_parallax_layout_list&quot;:[]}\">\n\t\t\t\t<div class=\"elementor-element elementor-element-9323fbd elementor-flip-box--effect-push animated-fast elementor-flip-box--direction-up elementor-invisible elementor-widget elementor-widget-flip-box\" data-id=\"9323fbd\" data-element_type=\"widget\" data-e-type=\"widget\" data-settings=\"{&quot;_animation&quot;:&quot;zoomIn&quot;}\" data-widget_type=\"flip-box.default\">\n\t\t\t\t<div class=\"elementor-widget-container\">\n\t\t\t\t\t\t\t<div class=\"elementor-flip-box\" tabindex=\"0\">\n\t\t\t<div class=\"elementor-flip-box__layer elementor-flip-box__front\">\n\t\t\t\t<div class=\"elementor-flip-box__layer__overlay\">\n\t\t\t\t\t<div class=\"elementor-flip-box__layer__inner\">\n\t\t\t\t\t\t\n\t\t\t\t\t\t\t\t\t\t\t\t\t<h3 class=\"elementor-flip-box__layer__title\">\n\t\t\t\t\t\t\t\tTan\u00fas\u00edt\u00e1si modell a fenntarthat\u00f3s\u00e1gi oktat\u00e1sban r\u00e9szt vev\u0151 iskol\u00e1k sz\u00e1m\u00e1ra\t\t\t\t\t\t\t<\/h3>\n\t\t\t\t\t\t\n\t\t\t\t\t\t\t\t\t\t\t<\/div>\n\t\t\t\t<\/div>\n\t\t\t<\/div>\n\t\t\t<div class=\"elementor-flip-box__layer elementor-flip-box__back\">\n\t\t\t<div class=\"elementor-flip-box__layer__overlay\">\n\t\t\t\t<div class=\"elementor-flip-box__layer__inner\">\n\t\t\t\t\t\n\t\t\t\t\t\t\t\t\t\t\t<div class=\"elementor-flip-box__layer__description\">\n\t\t\t\t\t\t\tEgy <b>struktur\u00e1lt tan\u00fas\u00edt\u00e1si keretrendszer,<\/b> amely h\u00e1rom szint\u0171 elismer\u00e9st hat\u00e1roz meg (<b>bronz, ez\u00fcst, arany<\/b>) azoknak az iskol\u00e1knak, amelyek integr\u00e1lj\u00e1k a fenntarthat\u00f3s\u00e1gi kompetenci\u00e1kat. A modell \u00e9rt\u00e9kel\u00e9si <b>eszk\u00f6z\u00f6ket, krit\u00e9riumokat \u00e9s megval\u00f3s\u00edt\u00e1si \u00fatmutat\u00f3kat<\/b> tartalmaz. Lehet\u0151v\u00e9 teszi az iskol\u00e1k sz\u00e1m\u00e1ra az <b>el\u0151rehalad\u00e1s m\u00e9r\u00e9s\u00e9t,<\/b> elismer\u00e9s elnyer\u00e9s\u00e9t \u00e9s folyamatos fejl\u0151d\u00e9st a fenntarthat\u00f3s\u00e1gi oktat\u00e1s ter\u00fclet\u00e9n.\t\t\t\t\t\t<\/div>\n\t\t\t\t\t\n\t\t\t\t\t\t\t\t\t\t\t<a class=\"elementor-flip-box__button elementor-button elementor-size-sm\">\n\t\t\t\t\t\t\tA modell let\u00f6lt\u00e9s\u00e9hez kattints ide\t\t\t\t\t\t<\/a>\n\t\t\t\t\t\t\t\t<\/div>\n\t\t<\/div>\n\t\t<\/div>\n\t\t<\/div>\n\t\t\t\t\t\t<\/div>\n\t\t\t\t<\/div>\n\t\t\t\t<div class=\"elementor-element elementor-element-b2fc355 elementor-flip-box--effect-push animated-fast elementor-flip-box--direction-up elementor-invisible elementor-widget elementor-widget-flip-box\" data-id=\"b2fc355\" data-element_type=\"widget\" data-e-type=\"widget\" data-settings=\"{&quot;_animation&quot;:&quot;zoomIn&quot;}\" data-widget_type=\"flip-box.default\">\n\t\t\t\t<div class=\"elementor-widget-container\">\n\t\t\t\t\t\t\t<div class=\"elementor-flip-box\" tabindex=\"0\">\n\t\t\t<div class=\"elementor-flip-box__layer elementor-flip-box__front\">\n\t\t\t\t<div class=\"elementor-flip-box__layer__overlay\">\n\t\t\t\t\t<div class=\"elementor-flip-box__layer__inner\">\n\t\t\t\t\t\t\n\t\t\t\t\t\t\t\t\t\t\t\t\t<h3 class=\"elementor-flip-box__layer__title\">\n\t\t\t\t\t\t\t\tBlended k\u00e9pz\u00e9s tan\u00fas\u00edt\u00f3 szakemberek sz\u00e1m\u00e1ra\t\t\t\t\t\t\t<\/h3>\n\t\t\t\t\t\t\n\t\t\t\t\t\t\t\t\t\t\t<\/div>\n\t\t\t\t<\/div>\n\t\t\t<\/div>\n\t\t\t<div class=\"elementor-flip-box__layer elementor-flip-box__back\">\n\t\t\t<div class=\"elementor-flip-box__layer__overlay\">\n\t\t\t\t<div class=\"elementor-flip-box__layer__inner\">\n\t\t\t\t\t\n\t\t\t\t\t\t\t\t\t\t\t<div class=\"elementor-flip-box__layer__description\">\n\t\t\t\t\t\t\tEgy <b>speci\u00e1lis k\u00e9pz\u00e9si program<\/b> azok sz\u00e1m\u00e1ra, akik iskol\u00e1k \u00e9rt\u00e9kel\u00e9s\u00e9\u00e9rt \u00e9s tan\u00fas\u00edt\u00e1s\u00e1\u00e9rt felelnek. A k\u00e9pz\u00e9s <b>online modulokat, szem\u00e9lyes workshopokat \u00e9s gyakorlati \u00e9rt\u00e9kel\u00e9si feladatokat<\/b> \u00f6tv\u00f6z, biztos\u00edtva, hogy a <b>tan\u00fas\u00edt\u00f3k egys\u00e9ges krit\u00e9riumokat alkalmazzanak.<\/b> Ez a program garant\u00e1lja a tan\u00fas\u00edt\u00e1s tisztess\u00e9ges \u00e9s k\u00f6vetkezetes alkalmaz\u00e1s\u00e1t a partnerorsz\u00e1gok iskol\u00e1iban.\t\t\t\t\t\t<\/div>\n\t\t\t\t\t\n\t\t\t\t\t\t\t\t\t\t\t<a class=\"elementor-flip-box__button elementor-button elementor-size-sm\">\n\t\t\t\t\t\t\tA k\u00e9pz\u00e9si program el\u00e9r\u00e9s\u00e9hez kattints ide\t\t\t\t\t\t<\/a>\n\t\t\t\t\t\t\t\t<\/div>\n\t\t<\/div>\n\t\t<\/div>\n\t\t<\/div>\n\t\t\t\t\t\t<\/div>\n\t\t\t\t<\/div>\n\t\t\t\t<div class=\"elementor-element elementor-element-d2550fa elementor-flip-box--effect-push animated-fast elementor-flip-box--direction-up elementor-invisible elementor-widget elementor-widget-flip-box\" data-id=\"d2550fa\" data-element_type=\"widget\" data-e-type=\"widget\" data-settings=\"{&quot;_animation&quot;:&quot;zoomIn&quot;}\" data-widget_type=\"flip-box.default\">\n\t\t\t\t<div class=\"elementor-widget-container\">\n\t\t\t\t\t\t\t<div class=\"elementor-flip-box\" tabindex=\"0\">\n\t\t\t<div class=\"elementor-flip-box__layer elementor-flip-box__front\">\n\t\t\t\t<div class=\"elementor-flip-box__layer__overlay\">\n\t\t\t\t\t<div class=\"elementor-flip-box__layer__inner\">\n\t\t\t\t\t\t\n\t\t\t\t\t\t\t\t\t\t\t\t\t<h3 class=\"elementor-flip-box__layer__title\">\n\t\t\t\t\t\t\t\tOnline t\u00e9rk\u00e9p a tan\u00fas\u00edtott iskol\u00e1kr\u00f3l\t\t\t\t\t\t\t<\/h3>\n\t\t\t\t\t\t\n\t\t\t\t\t\t\t\t\t\t\t<\/div>\n\t\t\t\t<\/div>\n\t\t\t<\/div>\n\t\t\t<div class=\"elementor-flip-box__layer elementor-flip-box__back\">\n\t\t\t<div class=\"elementor-flip-box__layer__overlay\">\n\t\t\t\t<div class=\"elementor-flip-box__layer__inner\">\n\t\t\t\t\t\n\t\t\t\t\t\t\t\t\t\t\t<div class=\"elementor-flip-box__layer__description\">\n\t\t\t\t\t\t\tEgy <b>interakt\u00edv online platform,<\/b> amely bemutatja a <b>fenntarthat\u00f3s\u00e1gi tan\u00fas\u00edtv\u00e1nyt elnyert iskol\u00e1kat. A t\u00e9rk\u00e9pen orsz\u00e1g, tan\u00fas\u00edt\u00e1si szint \u00e9s fenntarthat\u00f3s\u00e1gi gyakorlatok szerint lehet keresni,<\/b> \u00edgy l\u00e9trej\u00f6n egy <b>z\u00f6ld iskol\u00e1kb\u00f3l \u00e1ll\u00f3 h\u00e1l\u00f3zat.<\/b> Ez az eszk\u00f6z \u00f6szt\u00f6nzi a tud\u00e1smegoszt\u00e1st, a <b>j\u00f3 gyakorlatok<\/b> terjeszt\u00e9s\u00e9t, \u00e9s inspir\u00e1l m\u00e1s int\u00e9zm\u00e9nyeket is a csatlakoz\u00e1sra.\t\t\t\t\t\t<\/div>\n\t\t\t\t\t\n\t\t\t\t\t\t\t\t\t\t\t<a class=\"elementor-flip-box__button elementor-button elementor-size-sm\">\n\t\t\t\t\t\t\tA t\u00e9rk\u00e9p megtekint\u00e9s\u00e9hez kattints ide\t\t\t\t\t\t<\/a>\n\t\t\t\t\t\t\t\t<\/div>\n\t\t<\/div>\n\t\t<\/div>\n\t\t<\/div>\n\t\t\t\t\t\t<\/div>\n\t\t\t\t<\/div>\n\t\t\t\t<div class=\"elementor-element elementor-element-12a1201 elementor-flip-box--effect-push animated-fast elementor-flip-box--direction-up elementor-invisible elementor-widget elementor-widget-flip-box\" data-id=\"12a1201\" data-element_type=\"widget\" data-e-type=\"widget\" data-settings=\"{&quot;_animation&quot;:&quot;zoomIn&quot;}\" data-widget_type=\"flip-box.default\">\n\t\t\t\t<div class=\"elementor-widget-container\">\n\t\t\t\t\t\t\t<div class=\"elementor-flip-box\" tabindex=\"0\">\n\t\t\t<div class=\"elementor-flip-box__layer elementor-flip-box__front\">\n\t\t\t\t<div class=\"elementor-flip-box__layer__overlay\">\n\t\t\t\t\t<div class=\"elementor-flip-box__layer__inner\">\n\t\t\t\t\t\t\n\t\t\t\t\t\t\t\t\t\t\t\t\t<h3 class=\"elementor-flip-box__layer__title\">\n\t\t\t\t\t\t\t\tModel for Certification of Schools in Sustainability Education\t\t\t\t\t\t\t<\/h3>\n\t\t\t\t\t\t\n\t\t\t\t\t\t\t\t\t\t\t<\/div>\n\t\t\t\t<\/div>\n\t\t\t<\/div>\n\t\t\t<div class=\"elementor-flip-box__layer elementor-flip-box__back\">\n\t\t\t<div class=\"elementor-flip-box__layer__overlay\">\n\t\t\t\t<div class=\"elementor-flip-box__layer__inner\">\n\t\t\t\t\t\n\t\t\t\t\t\t\t\t\t\t\t<div class=\"elementor-flip-box__layer__description\">\n\t\t\t\t\t\t\tA <b>structured certification framework<\/b> that defines <b>three levels of recognition (bronze, silver, and gold)<\/b> for schools integrating sustainability competences. It includes <b>assessment tools, evaluation criteria, and implementation guidelines<\/b>. This model ensures that schools can <b>measure progress<\/b>, receive recognition for their efforts, and continually improve their sustainability education practices.\t\t\t\t\t\t<\/div>\n\t\t\t\t\t\n\t\t\t\t\t\t\t\t\t\t\t<a class=\"elementor-flip-box__button elementor-button elementor-size-sm\">\n\t\t\t\t\t\t\tTo download the model, click here\t\t\t\t\t\t<\/a>\n\t\t\t\t\t\t\t\t<\/div>\n\t\t<\/div>\n\t\t<\/div>\n\t\t<\/div>\n\t\t\t\t\t\t<\/div>\n\t\t\t\t<\/div>\n\t\t\t\t<\/div>\n\t\t\t\t\t<\/div>\n\t\t\t\t<\/div>\n\t\t\t\t<\/div>\n\t\t","protected":false},"excerpt":{"rendered":"<p>TAN\u00daS\u00cdTV\u00c1NY \u00c9S ELISMERTET\u00c9S Ez a kezdem\u00e9nyez\u00e9s egy tan\u00fas\u00edt\u00e1si rendszert hoz l\u00e9tre az iskol\u00e1k sz\u00e1m\u00e1ra, amely elismeri azokat az int\u00e9zm\u00e9nyeket, amelyek [&hellip;]<\/p>\n","protected":false},"author":1,"featured_media":0,"parent":0,"menu_order":0,"comment_status":"closed","ping_status":"closed","template":"","meta":{"site-sidebar-layout":"no-sidebar","site-content-layout":"","ast-site-content-layout":"full-width-container","site-content-style":"default","site-sidebar-style":"default","ast-global-header-display":"","ast-banner-title-visibility":"","ast-main-header-display":"","ast-hfb-above-header-display":"","ast-hfb-below-header-display":"","ast-hfb-mobile-header-display":"","site-post-title":"disabled","ast-breadcrumbs-content":"","ast-featured-img":"disabled","footer-sml-layout":"","ast-disable-related-posts":"","theme-transparent-header-meta":"default","adv-header-id-meta":"","stick-header-meta":"","header-above-stick-meta":"","header-main-stick-meta":"","header-below-stick-meta":"","astra-migrate-meta-layouts":"set","ast-page-background-enabled":"default","ast-page-background-meta":{"desktop":{"background-color":"var(--ast-global-color-5)","background-image":"","background-repeat":"repeat","background-position":"center center","background-size":"auto","background-attachment":"scroll","background-type":"","background-media":"","overlay-type":"","overlay-color":"","overlay-opacity":"","overlay-gradient":""},"tablet":{"background-color":"","background-image":"","background-repeat":"repeat","background-position":"center center","background-size":"auto","background-attachment":"scroll","background-type":"","background-media":"","overlay-type":"","overlay-color":"","overlay-opacity":"","overlay-gradient":""},"mobile":{"background-color":"","background-image":"","background-repeat":"repeat","background-position":"center center","background-size":"auto","background-attachment":"scroll","background-type":"","background-media":"","overlay-type":"","overlay-color":"","overlay-opacity":"","overlay-gradient":""}},"ast-content-background-meta":{"desktop":{"background-color":"var(--ast-global-color-4)","background-image":"","background-repeat":"repeat","background-position":"center center","background-size":"auto","background-attachment":"scroll","background-type":"","background-media":"","overlay-type":"","overlay-color":"","overlay-opacity":"","overlay-gradient":""},"tablet":{"background-color":"var(--ast-global-color-4)","background-image":"","background-repeat":"repeat","background-position":"center center","background-size":"auto","background-attachment":"scroll","background-type":"","background-media":"","overlay-type":"","overlay-color":"","overlay-opacity":"","overlay-gradient":""},"mobile":{"background-color":"var(--ast-global-color-4)","background-image":"","background-repeat":"repeat","background-position":"center center","background-size":"auto","background-attachment":"scroll","background-type":"","background-media":"","overlay-type":"","overlay-color":"","overlay-opacity":"","overlay-gradient":""}},"footnotes":""},"class_list":["post-4782","page","type-page","status-publish","hentry"],"_links":{"self":[{"href":"https:\/\/inclusive-future.eu\/hu\/wp-json\/wp\/v2\/pages\/4782","targetHints":{"allow":["GET"]}}],"collection":[{"href":"https:\/\/inclusive-future.eu\/hu\/wp-json\/wp\/v2\/pages"}],"about":[{"href":"https:\/\/inclusive-future.eu\/hu\/wp-json\/wp\/v2\/types\/page"}],"author":[{"embeddable":true,"href":"https:\/\/inclusive-future.eu\/hu\/wp-json\/wp\/v2\/users\/1"}],"replies":[{"embeddable":true,"href":"https:\/\/inclusive-future.eu\/hu\/wp-json\/wp\/v2\/comments?post=4782"}],"version-history":[{"count":10,"href":"https:\/\/inclusive-future.eu\/hu\/wp-json\/wp\/v2\/pages\/4782\/revisions"}],"predecessor-version":[{"id":5707,"href":"https:\/\/inclusive-future.eu\/hu\/wp-json\/wp\/v2\/pages\/4782\/revisions\/5707"}],"wp:attachment":[{"href":"https:\/\/inclusive-future.eu\/hu\/wp-json\/wp\/v2\/media?parent=4782"}],"curies":[{"name":"wp","href":"https:\/\/api.w.org\/{rel}","templated":true}]}}