{"id":4727,"date":"2025-03-25T10:06:50","date_gmt":"2025-03-25T10:06:50","guid":{"rendered":"https:\/\/inclusive-future.eu\/?page_id=4727"},"modified":"2025-06-10T13:37:02","modified_gmt":"2025-06-10T13:37:02","slug":"capacity-building-and-experimentation","status":"publish","type":"page","link":"https:\/\/inclusive-future.eu\/hu\/capacity-building-and-experimentation","title":{"rendered":"Capacity building and experimentation"},"content":{"rendered":"\t\t<div data-elementor-type=\"wp-page\" data-elementor-id=\"4727\" class=\"elementor elementor-4727 elementor-2419\" data-elementor-post-type=\"page\">\n\t\t\t\t<div class=\"elementor-element elementor-element-6586236 e-con-full e-flex e-con e-parent\" data-id=\"6586236\" data-element_type=\"container\" data-e-type=\"container\" data-settings=\"{&quot;background_background&quot;:&quot;classic&quot;,&quot;jet_parallax_layout_list&quot;:[]}\">\n\t\t\t\t<div class=\"elementor-element elementor-element-e5760d8 elementor-widget__width-initial elementor-invisible elementor-widget elementor-widget-heading\" data-id=\"e5760d8\" data-element_type=\"widget\" data-e-type=\"widget\" data-settings=\"{&quot;_animation&quot;:&quot;fadeInDown&quot;}\" data-widget_type=\"heading.default\">\n\t\t\t\t<div class=\"elementor-widget-container\">\n\t\t\t\t\t<h2 class=\"elementor-heading-title elementor-size-default\">KAPACIT\u00c1S\u00c9P\u00cdT\u00c9S \u00c9S K\u00cdS\u00c9RLETI PROGRAMOK<\/h2>\t\t\t\t<\/div>\n\t\t\t\t<\/div>\n\t\t\t\t<\/div>\n\t\t<div class=\"elementor-element elementor-element-14ec8d4 e-flex e-con-boxed e-con e-parent\" data-id=\"14ec8d4\" data-element_type=\"container\" data-e-type=\"container\" data-settings=\"{&quot;background_background&quot;:&quot;classic&quot;,&quot;jet_parallax_layout_list&quot;:[]}\">\n\t\t\t\t\t<div class=\"e-con-inner\">\n\t\t\t\t<div class=\"elementor-element elementor-element-16e3863 elementor-widget elementor-widget-text-editor\" data-id=\"16e3863\" data-element_type=\"widget\" data-e-type=\"widget\" data-widget_type=\"text-editor.default\">\n\t\t\t\t<div class=\"elementor-widget-container\">\n\t\t\t\t\t\t\t\t\t<p>Ez a kezdem\u00e9nyez\u00e9s a fenntarthat\u00f3s\u00e1gi oktat\u00e1s meger\u0151s\u00edt\u00e9s\u00e9t c\u00e9lozza <strong>pedag\u00f3gusok k\u00e9pz\u00e9s\u00e9vel, iskol\u00e1k bevon\u00e1s\u00e1val \u00e9s a tanul\u00f3k gyakorlati tev\u00e9kenys\u00e9gekbe val\u00f3 akt\u00edv r\u00e9szv\u00e9tel\u00e9vel.<\/strong> A program <strong>nemzetk\u00f6zi \u00e9s helyi tan\u00e1rk\u00e9pz\u00e9seket, workshopokat, valamint di\u00e1kok \u00e9s sz\u00fcl\u0151k sz\u00e1m\u00e1ra szervezett laborfoglalkoz\u00e1sokat<\/strong> foglal mag\u00e1ban. A pedag\u00f3gusok <strong>gyakorlati k\u00e9szs\u00e9geket saj\u00e1t\u00edtanak<\/strong> el a fenntarthat\u00f3s\u00e1gi kompetenci\u00e1k oszt\u00e1lytermi be\u00e9p\u00edt\u00e9s\u00e9hez, m\u00edg az iskol\u00e1k <strong>interakt\u00edv tanul\u00e1si megk\u00f6zel\u00edt\u00e9st<\/strong> alkalmaznak a hossz\u00fa t\u00e1v\u00fa hat\u00e1s \u00e9rdek\u00e9ben.<\/p>\t\t\t\t\t\t\t\t<\/div>\n\t\t\t\t<\/div>\n\t\t<div class=\"elementor-element elementor-element-de7dfeb e-grid e-con-full bdt-backdrop-filter-yes bdt-filter-backdrop e-con e-child\" data-id=\"de7dfeb\" data-element_type=\"container\" data-e-type=\"container\" data-settings=\"{&quot;jet_parallax_layout_list&quot;:[]}\">\n\t\t\t\t<div class=\"elementor-element elementor-element-e7e6315 elementor-flip-box--effect-push animated-fast elementor-flip-box--direction-up elementor-invisible elementor-widget elementor-widget-flip-box\" data-id=\"e7e6315\" data-element_type=\"widget\" data-e-type=\"widget\" data-settings=\"{&quot;_animation&quot;:&quot;zoomIn&quot;}\" data-widget_type=\"flip-box.default\">\n\t\t\t\t<div class=\"elementor-widget-container\">\n\t\t\t\t\t\t\t<div class=\"elementor-flip-box\" tabindex=\"0\">\n\t\t\t<div class=\"elementor-flip-box__layer elementor-flip-box__front\">\n\t\t\t\t<div class=\"elementor-flip-box__layer__overlay\">\n\t\t\t\t\t<div class=\"elementor-flip-box__layer__inner\">\n\t\t\t\t\t\t\n\t\t\t\t\t\t\t\t\t\t\t\t\t<h3 class=\"elementor-flip-box__layer__title\">\n\t\t\t\t\t\t\t\t3 napos nemzetk\u00f6zi mobilit\u00e1s pedag\u00f3gusok \u00e9s iskolaigazgat\u00f3k sz\u00e1m\u00e1ra\t\t\t\t\t\t\t<\/h3>\n\t\t\t\t\t\t\n\t\t\t\t\t\t\t\t\t\t\t<\/div>\n\t\t\t\t<\/div>\n\t\t\t<\/div>\n\t\t\t<div class=\"elementor-flip-box__layer elementor-flip-box__back\">\n\t\t\t<div class=\"elementor-flip-box__layer__overlay\">\n\t\t\t\t<div class=\"elementor-flip-box__layer__inner\">\n\t\t\t\t\t\n\t\t\t\t\t\t\t\t\t\t\t<div class=\"elementor-flip-box__layer__description\">\n\t\t\t\t\t\t\tA mobilit\u00e1s szakmai tartlama egy intenz\u00edv, <b>h\u00e1romnapos k\u00e9pz\u00e9s<\/b> lesz <b>Spanyolorsz\u00e1gban,<\/b> ahol pedag\u00f3gusok \u00e9s iskolaigazgat\u00f3k <b>innovat\u00edv m\u00f3dszereket<\/b> tanulnak a fenntarthat\u00f3s\u00e1gi kompetenci\u00e1k be\u00e9p\u00edt\u00e9s\u00e9re. A k\u00e9pz\u00e9s <b>interakt\u00edv workshopokat, szak\u00e9rt\u0151k \u00e1ltal vezetett el\u0151ad\u00e1sokat<\/b> \u00e9s <b>tapasztalatcser\u00e9t \u00f6tv\u00f6z,<\/b> a <b>gyakorlati alkalmaz\u00e1sra<\/b> f\u00f3kusz\u00e1lva. A r\u00e9sztvev\u0151k \u00fagy t\u00e9rnek vissza haz\u00e1jukba, hogy k\u00e9pesek lesznek <b>koll\u00e9g\u00e1ikat is k\u00e9pezni,<\/b> \u00e9s bevezetni a fenntarthat\u00f3s\u00e1gi oktat\u00e1st saj\u00e1t iskol\u00e1ikban.\n\n\t\t\t\t\t\t<\/div>\n\t\t\t\t\t\n\t\t\t\t\t\t\t\t\t\t\t<a class=\"elementor-flip-box__button elementor-button elementor-size-sm\">\n\t\t\t\t\t\t\tTov\u00e1bbi inform\u00e1ci\u00f3 a mobilit\u00e1sr\u00f3l itt\t\t\t\t\t\t<\/a>\n\t\t\t\t\t\t\t\t<\/div>\n\t\t<\/div>\n\t\t<\/div>\n\t\t<\/div>\n\t\t\t\t\t\t<\/div>\n\t\t\t\t<\/div>\n\t\t\t\t<div class=\"elementor-element elementor-element-463988f elementor-flip-box--effect-push animated-fast elementor-flip-box--direction-up elementor-invisible elementor-widget elementor-widget-flip-box\" data-id=\"463988f\" data-element_type=\"widget\" data-e-type=\"widget\" data-settings=\"{&quot;_animation&quot;:&quot;zoomIn&quot;}\" data-widget_type=\"flip-box.default\">\n\t\t\t\t<div class=\"elementor-widget-container\">\n\t\t\t\t\t\t\t<div class=\"elementor-flip-box\" tabindex=\"0\">\n\t\t\t<div class=\"elementor-flip-box__layer elementor-flip-box__front\">\n\t\t\t\t<div class=\"elementor-flip-box__layer__overlay\">\n\t\t\t\t\t<div class=\"elementor-flip-box__layer__inner\">\n\t\t\t\t\t\t\n\t\t\t\t\t\t\t\t\t\t\t\t\t<h3 class=\"elementor-flip-box__layer__title\">\n\t\t\t\t\t\t\t\tHelyi k\u00e9pz\u00e9sek pedag\u00f3gusoknak \u00e9s iskolaigazgat\u00f3knak\t\t\t\t\t\t\t<\/h3>\n\t\t\t\t\t\t\n\t\t\t\t\t\t\t\t\t\t\t<\/div>\n\t\t\t\t<\/div>\n\t\t\t<\/div>\n\t\t\t<div class=\"elementor-flip-box__layer elementor-flip-box__back\">\n\t\t\t<div class=\"elementor-flip-box__layer__overlay\">\n\t\t\t\t<div class=\"elementor-flip-box__layer__inner\">\n\t\t\t\t\t\n\t\t\t\t\t\t\t\t\t\t\t<div class=\"elementor-flip-box__layer__description\">\n\t\t\t\t\t\t\tA nemzetk\u00f6zi k\u00e9pz\u00e9sen r\u00e9szt vett tan\u00e1rok saj\u00e1t orsz\u00e1gukban is <b>tov\u00e1bbadj\u00e1k<\/b> a megszerzett tud\u00e1st, <b>orsz\u00e1gszerte k\u00e9t k\u00e9pz\u00e9st tartanak.<\/b> Ezek a <b>25 \u00f3r\u00e1s k\u00e9pz\u00e9sek<\/b> gyakorlati eszk\u00f6z\u00f6ket biztos\u00edtanak a fenntarthat\u00f3s\u00e1gi kompetenci\u00e1k tantervbe val\u00f3 integr\u00e1l\u00e1s\u00e1hoz. A c\u00e9l <b>min\u00e9l t\u00f6bb pedag\u00f3gus bevon\u00e1sa<\/b> a k\u00e9pz\u00e9sbe, annak \u00e9rdek\u00e9ben, hogy a fenntarthat\u00f3s\u00e1gi nevel\u00e9s <b>sz\u00e9lesk\u00f6rben elterjedjen<\/b> az iskol\u00e1kban.\t\t\t\t\t\t<\/div>\n\t\t\t\t\t\n\t\t\t\t\t\t\t\t\t\t\t<a class=\"elementor-flip-box__button elementor-button elementor-size-sm\">\n\t\t\t\t\t\t\tTov\u00e1bbi inform\u00e1ci\u00f3 a k\u00e9pz\u00e9sekr\u0151l itt\t\t\t\t\t\t<\/a>\n\t\t\t\t\t\t\t\t<\/div>\n\t\t<\/div>\n\t\t<\/div>\n\t\t<\/div>\n\t\t\t\t\t\t<\/div>\n\t\t\t\t<\/div>\n\t\t\t\t<div class=\"elementor-element elementor-element-0ae95f5 elementor-flip-box--effect-push animated-fast elementor-flip-box--direction-up elementor-invisible elementor-widget elementor-widget-flip-box\" data-id=\"0ae95f5\" data-element_type=\"widget\" data-e-type=\"widget\" data-settings=\"{&quot;_animation&quot;:&quot;zoomIn&quot;}\" data-widget_type=\"flip-box.default\">\n\t\t\t\t<div class=\"elementor-widget-container\">\n\t\t\t\t\t\t\t<div class=\"elementor-flip-box\" tabindex=\"0\">\n\t\t\t<div class=\"elementor-flip-box__layer elementor-flip-box__front\">\n\t\t\t\t<div class=\"elementor-flip-box__layer__overlay\">\n\t\t\t\t\t<div class=\"elementor-flip-box__layer__inner\">\n\t\t\t\t\t\t\n\t\t\t\t\t\t\t\t\t\t\t\t\t<h3 class=\"elementor-flip-box__layer__title\">\n\t\t\t\t\t\t\t\tWorkshop oktat\u00e1si anyagok\t\t\t\t\t\t\t<\/h3>\n\t\t\t\t\t\t\n\t\t\t\t\t\t\t\t\t\t\t<\/div>\n\t\t\t\t<\/div>\n\t\t\t<\/div>\n\t\t\t<div class=\"elementor-flip-box__layer elementor-flip-box__back\">\n\t\t\t<div class=\"elementor-flip-box__layer__overlay\">\n\t\t\t\t<div class=\"elementor-flip-box__layer__inner\">\n\t\t\t\t\t\n\t\t\t\t\t\t\t\t\t\t\t<div class=\"elementor-flip-box__layer__description\">\n\t\t\t\t\t\t\tEgy <b>\u00e1tfog\u00f3 oktat\u00e1si csomag,<\/b> amely tartalmaz <b>\u00f3raterveket, tev\u00e9kenys\u00e9g-\u00fatmutat\u00f3kat<\/b> \u00e9s <b>oktat\u00e1si seg\u00e9dleteket<\/b> a fenntarthat\u00f3s\u00e1g oktat\u00e1s\u00e1hoz. <b>Tan\u00e1rok \u00e9s iskolai dolgoz\u00f3k sz\u00e1m\u00e1ra<\/b> k\u00e9sz\u00fcl, biztos\u00edtva az <b>egys\u00e9ges k\u00e9pz\u00e9st<\/b> \u00e9s az <b>azonnal haszn\u00e1lhat\u00f3 tartalmakat a workshopokhoz \u00e9s tan\u00f3rai foglalkoz\u00e1sokhoz.<\/b> Az anyagok <b>rugalmasan alkalmazhat\u00f3k<\/b> k\u00fcl\u00f6nf\u00e9le oktat\u00e1si k\u00f6rnyezetben, t\u00e1mogatva a fenntarthat\u00f3s\u00e1gi kompetenci\u00e1k fejleszt\u00e9s\u00e9t k\u00fcl\u00f6nb\u00f6z\u0151 tant\u00e1rgyakban \u00e9s koroszt\u00e1lyok sz\u00e1m\u00e1ra.\t\t\t\t\t\t<\/div>\n\t\t\t\t\t\n\t\t\t\t\t\t\t\t\t\t\t<a class=\"elementor-flip-box__button elementor-button elementor-size-sm\">\n\t\t\t\t\t\t\t A workshop anyagcsomag el\u00e9r\u00e9s\u00e9hez kattints ide\t\t\t\t\t\t<\/a>\n\t\t\t\t\t\t\t\t<\/div>\n\t\t<\/div>\n\t\t<\/div>\n\t\t<\/div>\n\t\t\t\t\t\t<\/div>\n\t\t\t\t<\/div>\n\t\t\t\t<div class=\"elementor-element elementor-element-d2e8c73 elementor-flip-box--effect-push animated-fast elementor-flip-box--direction-up elementor-invisible elementor-widget elementor-widget-flip-box\" data-id=\"d2e8c73\" data-element_type=\"widget\" data-e-type=\"widget\" data-settings=\"{&quot;_animation&quot;:&quot;zoomIn&quot;}\" data-widget_type=\"flip-box.default\">\n\t\t\t\t<div class=\"elementor-widget-container\">\n\t\t\t\t\t\t\t<div class=\"elementor-flip-box\" tabindex=\"0\">\n\t\t\t<div class=\"elementor-flip-box__layer elementor-flip-box__front\">\n\t\t\t\t<div class=\"elementor-flip-box__layer__overlay\">\n\t\t\t\t\t<div class=\"elementor-flip-box__layer__inner\">\n\t\t\t\t\t\t\n\t\t\t\t\t\t\t\t\t\t\t\t\t<h3 class=\"elementor-flip-box__layer__title\">\n\t\t\t\t\t\t\t\tGyakorlati fenntarthat\u00f3s\u00e1gi laborfoglalkoz\u00e1sok gyermekekkel\t\t\t\t\t\t\t<\/h3>\n\t\t\t\t\t\t\n\t\t\t\t\t\t\t\t\t\t\t<\/div>\n\t\t\t\t<\/div>\n\t\t\t<\/div>\n\t\t\t<div class=\"elementor-flip-box__layer elementor-flip-box__back\">\n\t\t\t<div class=\"elementor-flip-box__layer__overlay\">\n\t\t\t\t<div class=\"elementor-flip-box__layer__inner\">\n\t\t\t\t\t\n\t\t\t\t\t\t\t\t\t\t\t<div class=\"elementor-flip-box__layer__description\">\n\t\t\t\t\t\t\tIskolai <b>laborfoglalkoz\u00e1sok,<\/b> ahol a <b>tanul\u00f3k \u00e9s sz\u00fcleik fenntarthat\u00f3s\u00e1gra f\u00f3kusz\u00e1l\u00f3<\/b> tev\u00e9kenys\u00e9gekben vesznek r\u00e9szt. Ezek az <b>interakt\u00edv workshopok<\/b> lehet\u0151s\u00e9get adnak a gyermekeknek a <b>z\u00f6ld gyakorlatok kipr\u00f3b\u00e1l\u00e1s\u00e1ra, val\u00f3di fenntarthat\u00f3s\u00e1gi kih\u00edv\u00e1sok felfedez\u00e9s\u00e9re \u00e9s probl\u00e9mamegold\u00f3 k\u00e9szs\u00e9g\u00fck fejleszt\u00e9s\u00e9re.<\/b> A sz\u00fcl\u0151k bevon\u00e1sa biztos\u00edtja, hogy a <b>fenntarthat\u00f3s\u00e1gi szeml\u00e9let<\/b> t\u00falmutasson az iskol\u00e1n, \u00e9s el\u00e9rje az otthonokat \u00e9s kisebb t\u00e1rsadalmi k\u00f6z\u00f6ss\u00e9geket is.\t\t\t\t\t\t<\/div>\n\t\t\t\t\t\n\t\t\t\t\t\t\t\t\t\t\t<a class=\"elementor-flip-box__button elementor-button elementor-size-sm\">\n\t\t\t\t\t\t\tTov\u00e1bbi inform\u00e1ci\u00f3 a laborokr\u00f3l itt\t\t\t\t\t\t<\/a>\n\t\t\t\t\t\t\t\t<\/div>\n\t\t<\/div>\n\t\t<\/div>\n\t\t<\/div>\n\t\t\t\t\t\t<\/div>\n\t\t\t\t<\/div>\n\t\t\t\t<\/div>\n\t\t\t\t\t<\/div>\n\t\t\t\t<\/div>\n\t\t\t\t<\/div>\n\t\t","protected":false},"excerpt":{"rendered":"<p>KAPACIT\u00c1S\u00c9P\u00cdT\u00c9S \u00c9S K\u00cdS\u00c9RLETI PROGRAMOK Ez a kezdem\u00e9nyez\u00e9s a fenntarthat\u00f3s\u00e1gi oktat\u00e1s meger\u0151s\u00edt\u00e9s\u00e9t c\u00e9lozza pedag\u00f3gusok k\u00e9pz\u00e9s\u00e9vel, iskol\u00e1k bevon\u00e1s\u00e1val \u00e9s a tanul\u00f3k gyakorlati [&hellip;]<\/p>\n","protected":false},"author":1,"featured_media":0,"parent":0,"menu_order":0,"comment_status":"closed","ping_status":"closed","template":"","meta":{"site-sidebar-layout":"no-sidebar","site-content-layout":"","ast-site-content-layout":"full-width-container","site-content-style":"default","site-sidebar-style":"default","ast-global-header-display":"","ast-banner-title-visibility":"","ast-main-header-display":"","ast-hfb-above-header-display":"","ast-hfb-below-header-display":"","ast-hfb-mobile-header-display":"","site-post-title":"disabled","ast-breadcrumbs-content":"","ast-featured-img":"disabled","footer-sml-layout":"","ast-disable-related-posts":"","theme-transparent-header-meta":"default","adv-header-id-meta":"","stick-header-meta":"","header-above-stick-meta":"","header-main-stick-meta":"","header-below-stick-meta":"","astra-migrate-meta-layouts":"set","ast-page-background-enabled":"default","ast-page-background-meta":{"desktop":{"background-color":"var(--ast-global-color-5)","background-image":"","background-repeat":"repeat","background-position":"center center","background-size":"auto","background-attachment":"scroll","background-type":"","background-media":"","overlay-type":"","overlay-color":"","overlay-opacity":"","overlay-gradient":""},"tablet":{"background-color":"","background-image":"","background-repeat":"repeat","background-position":"center center","background-size":"auto","background-attachment":"scroll","background-type":"","background-media":"","overlay-type":"","overlay-color":"","overlay-opacity":"","overlay-gradient":""},"mobile":{"background-color":"","background-image":"","background-repeat":"repeat","background-position":"center center","background-size":"auto","background-attachment":"scroll","background-type":"","background-media":"","overlay-type":"","overlay-color":"","overlay-opacity":"","overlay-gradient":""}},"ast-content-background-meta":{"desktop":{"background-color":"var(--ast-global-color-4)","background-image":"","background-repeat":"repeat","background-position":"center center","background-size":"auto","background-attachment":"scroll","background-type":"","background-media":"","overlay-type":"","overlay-color":"","overlay-opacity":"","overlay-gradient":""},"tablet":{"background-color":"var(--ast-global-color-4)","background-image":"","background-repeat":"repeat","background-position":"center center","background-size":"auto","background-attachment":"scroll","background-type":"","background-media":"","overlay-type":"","overlay-color":"","overlay-opacity":"","overlay-gradient":""},"mobile":{"background-color":"var(--ast-global-color-4)","background-image":"","background-repeat":"repeat","background-position":"center center","background-size":"auto","background-attachment":"scroll","background-type":"","background-media":"","overlay-type":"","overlay-color":"","overlay-opacity":"","overlay-gradient":""}},"footnotes":""},"class_list":["post-4727","page","type-page","status-publish","hentry"],"_links":{"self":[{"href":"https:\/\/inclusive-future.eu\/hu\/wp-json\/wp\/v2\/pages\/4727","targetHints":{"allow":["GET"]}}],"collection":[{"href":"https:\/\/inclusive-future.eu\/hu\/wp-json\/wp\/v2\/pages"}],"about":[{"href":"https:\/\/inclusive-future.eu\/hu\/wp-json\/wp\/v2\/types\/page"}],"author":[{"embeddable":true,"href":"https:\/\/inclusive-future.eu\/hu\/wp-json\/wp\/v2\/users\/1"}],"replies":[{"embeddable":true,"href":"https:\/\/inclusive-future.eu\/hu\/wp-json\/wp\/v2\/comments?post=4727"}],"version-history":[{"count":13,"href":"https:\/\/inclusive-future.eu\/hu\/wp-json\/wp\/v2\/pages\/4727\/revisions"}],"predecessor-version":[{"id":5734,"href":"https:\/\/inclusive-future.eu\/hu\/wp-json\/wp\/v2\/pages\/4727\/revisions\/5734"}],"wp:attachment":[{"href":"https:\/\/inclusive-future.eu\/hu\/wp-json\/wp\/v2\/media?parent=4727"}],"curies":[{"name":"wp","href":"https:\/\/api.w.org\/{rel}","templated":true}]}}