{"id":4367,"date":"2025-03-18T14:31:42","date_gmt":"2025-03-18T14:31:42","guid":{"rendered":"https:\/\/inclusive-future.eu\/?page_id=4367"},"modified":"2025-06-03T08:42:53","modified_gmt":"2025-06-03T08:42:53","slug":"our-project","status":"publish","type":"page","link":"https:\/\/inclusive-future.eu\/hu\/our-project","title":{"rendered":"Our Project"},"content":{"rendered":"\t\t<div data-elementor-type=\"wp-page\" data-elementor-id=\"4367\" class=\"elementor elementor-4367 elementor-38\" data-elementor-post-type=\"page\">\n\t\t\t\t<div class=\"elementor-element elementor-element-9a75a19 e-con-full e-flex e-con e-parent\" data-id=\"9a75a19\" data-element_type=\"container\" data-e-type=\"container\" data-settings=\"{&quot;background_background&quot;:&quot;classic&quot;,&quot;jet_parallax_layout_list&quot;:[]}\">\n\t\t<div class=\"elementor-element elementor-element-5c347ac e-flex e-con-boxed e-con e-child\" data-id=\"5c347ac\" data-element_type=\"container\" data-e-type=\"container\" data-settings=\"{&quot;jet_parallax_layout_list&quot;:[]}\">\n\t\t\t\t\t<div class=\"e-con-inner\">\n\t\t<div class=\"elementor-element elementor-element-3ebf83f e-flex e-con-boxed elementor-invisible e-con e-child\" data-id=\"3ebf83f\" data-element_type=\"container\" data-e-type=\"container\" data-settings=\"{&quot;animation&quot;:&quot;fadeInLeft&quot;,&quot;jet_parallax_layout_list&quot;:[]}\">\n\t\t\t\t\t<div class=\"e-con-inner\">\n\t\t\t\t<div class=\"elementor-element elementor-element-2f06cc9 elementor-widget elementor-widget-heading\" data-id=\"2f06cc9\" data-element_type=\"widget\" data-e-type=\"widget\" data-widget_type=\"heading.default\">\n\t\t\t\t<div class=\"elementor-widget-container\">\n\t\t\t\t\t<h1 class=\"elementor-heading-title elementor-size-default\">A PROJEKT\u00dcNK<\/h1>\t\t\t\t<\/div>\n\t\t\t\t<\/div>\n\t\t\t\t<div class=\"elementor-element elementor-element-0ba68e3 elementor-widget__width-initial elementor-widget elementor-widget-elementskit-lottie\" data-id=\"0ba68e3\" data-element_type=\"widget\" data-e-type=\"widget\" data-widget_type=\"elementskit-lottie.default\">\n\t\t\t\t<div class=\"elementor-widget-container\">\n\t\t\t\t\t<div class=\"ekit-wid-con\" ><div id=\"ekit_lottie_0ba68e3\" class=\"ekit_lottie\" data-autoplay=\"true\" data-on-scroll=\"\" data-speed=\"1\" data-direction=\"\" data-action=\"\" data-renderer=\"svg\" data-path=\"https:\/\/inclusive-future.eu\/wp-content\/uploads\/2025\/03\/Project-1.json\" data-loop=\"true\">&nbsp;<\/div><\/div>\t\t\t\t<\/div>\n\t\t\t\t<\/div>\n\t\t\t\t\t<\/div>\n\t\t\t\t<\/div>\n\t\t<div class=\"elementor-element elementor-element-b223332 e-con-full e-flex elementor-invisible e-con e-child\" data-id=\"b223332\" data-element_type=\"container\" data-e-type=\"container\" data-settings=\"{&quot;animation&quot;:&quot;fadeInRight&quot;,&quot;jet_parallax_layout_list&quot;:[]}\">\n\t\t\t\t<div class=\"elementor-element elementor-element-b475d01 elementor-widget elementor-widget-text-editor\" data-id=\"b475d01\" data-element_type=\"widget\" data-e-type=\"widget\" data-widget_type=\"text-editor.default\">\n\t\t\t\t<div class=\"elementor-widget-container\">\n\t\t\t\t\t\t\t\t\t<p>Az Inclusive Future egy olyan \u00e1tfog\u00f3 kezdem\u00e9nyez\u00e9s, amely a fenntarthat\u00f3s\u00e1gi kompetenci\u00e1k oktat\u00e1sba val\u00f3 be\u00e9p\u00edt\u00e9s\u00e9t t\u0171zte ki c\u00e9lul, mik\u00f6zben t\u00e1mogat\u00f3, befogad\u00f3 tanul\u00e1si k\u00f6rnyezetet alak\u00edt ki. A projekt \u2013 amelyet az Erasmus+ program \u00e9s a magyar Korm\u00e1nyzati \u00d6ner\u0151 Alap t\u00e1rsfinansz\u00edroz\u00e1sban t\u00e1mogat \u2013 v\u00e1laszt ad a s\u00fcrget\u0151 kih\u00edv\u00e1sra: hogyan k\u00e9sz\u00edts\u00fck fel di\u00e1kjainkat \u00e9s tan\u00e1rainkat arra, hogy magabiztosan \u00e9s felel\u0151sen tudjanak eligazodni a mai k\u00f6rnyezeti, t\u00e1rsadalmi \u00e9s gazdas\u00e1gi kih\u00edv\u00e1sok k\u00f6z\u00f6tt.<\/p><p>K\u00fcldet\u00e9s\u00fcnk, hogy seg\u00edts\u00fck az iskol\u00e1kat a fenntarthat\u00f3s\u00e1gi szeml\u00e9let mindennapi oktat\u00e1sba t\u00f6rt\u00e9n\u0151 be\u00e9p\u00edt\u00e9s\u00e9ben. Ezt innovat\u00edv pedag\u00f3giai m\u00f3dszerek kidolgoz\u00e1s\u00e1val, tan\u00e1rok tov\u00e1bbk\u00e9pz\u00e9s\u00e9vel \u00e9s az oktat\u00e1s szerepl\u0151i \u2013 d\u00f6nt\u00e9shoz\u00f3k, pedag\u00f3gusok, sz\u00fcl\u0151k \u00e9s k\u00f6z\u00f6ss\u00e9gek \u2013 k\u00f6z\u00f6tti egy\u00fcttm\u0171k\u00f6d\u00e9s \u00f6szt\u00f6nz\u00e9s\u00e9vel \u00e9rj\u00fck el. A GreenComp keretrendszer ment\u00e9n biztos\u00edtjuk, hogy a fenntarthat\u00f3s\u00e1gi oktat\u00e1s ne csak elm\u00e9leti, hanem gyakorlati \u00e9s mindenki sz\u00e1m\u00e1ra el\u00e9rhet\u0151 legyen.<\/p><p>A projekt t\u00f6bb eur\u00f3pai orsz\u00e1gban \u2013 k\u00f6zt\u00fck Bulg\u00e1ri\u00e1ban, Spanyolorsz\u00e1gban, Magyarorsz\u00e1gon, Portug\u00e1li\u00e1ban, Finnorsz\u00e1gban, G\u00f6r\u00f6gorsz\u00e1gban, Rom\u00e1ni\u00e1ban \u00e9s T\u00f6r\u00f6korsz\u00e1gban \u2013 val\u00f3sul meg. A hat\u00e1rokon \u00e1tny\u00fal\u00f3 egy\u00fcttm\u0171k\u00f6d\u00e9s r\u00e9v\u00e9n a r\u00e9sztvev\u0151k k\u00f6z\u00f6sen fejlesztenek ki oktat\u00e1si anyagokat, tan\u00e1rk\u00e9pz\u00e9si programokat \u00e9s iskolai min\u0151s\u00edt\u00e9si rendszereket. C\u00e9lunk, hogy a tan\u00e1rokat, di\u00e1kokat \u00e9s sz\u00fcl\u0151ket k\u00e9pess\u00e9 tegy\u00fck arra, hogy akt\u00edv szerepl\u0151iv\u00e9 v\u00e1ljanak a fenntarthat\u00f3 j\u00f6v\u0151 alak\u00edt\u00e1s\u00e1nak saj\u00e1t k\u00f6z\u00f6ss\u00e9geikben.<\/p><p>Fontos sz\u00e1munkra a h\u00e1tr\u00e1nyos helyzet\u0171 \u00e9s vid\u00e9ki iskol\u00e1k bevon\u00e1sa is \u2013 hisz\u00fcnk benne, hogy a min\u0151s\u00e9gi fenntarthat\u00f3s\u00e1gi oktat\u00e1s mindenki sz\u00e1m\u00e1ra j\u00e1r. Digit\u00e1lis eszk\u00f6z\u00f6k, k\u00eds\u00e9rleti programok \u00e9s korszer\u0171 tan\u00edt\u00e1si m\u00f3dszerek r\u00e9v\u00e9n pr\u00f3b\u00e1ljuk \u00e1thidalni az oktat\u00e1spolitika \u00e9s a mindennapi gyakorlat k\u00f6z\u00f6tti szakad\u00e9kot, \u00e9s tart\u00f3s v\u00e1ltoz\u00e1st hozni az eur\u00f3pai oktat\u00e1si rendszerben.<\/p><p>Csatlakozz hozz\u00e1nk, \u00e9s \u00e9p\u00edts\u00fcnk egy\u00fctt egy z\u00f6ldebb, igazs\u00e1gosabb j\u00f6v\u0151t \u2013 ahol az oktat\u00e1s a fenntarthat\u00f3s\u00e1g \u00e9s a t\u00e1rsadalmi befogad\u00e1s kulcsa!<\/p>\t\t\t\t\t\t\t\t<\/div>\n\t\t\t\t<\/div>\n\t\t\t\t<\/div>\n\t\t\t\t\t<\/div>\n\t\t\t\t<\/div>\n\t\t\t\t<\/div>\n\t\t\t\t<\/div>\n\t\t","protected":false},"excerpt":{"rendered":"<p>A PROJEKT\u00dcNK &nbsp; Az Inclusive Future egy olyan \u00e1tfog\u00f3 kezdem\u00e9nyez\u00e9s, amely a fenntarthat\u00f3s\u00e1gi kompetenci\u00e1k oktat\u00e1sba val\u00f3 be\u00e9p\u00edt\u00e9s\u00e9t t\u0171zte ki c\u00e9lul, [&hellip;]<\/p>\n","protected":false},"author":1,"featured_media":0,"parent":0,"menu_order":0,"comment_status":"closed","ping_status":"closed","template":"","meta":{"site-sidebar-layout":"no-sidebar","site-content-layout":"","ast-site-content-layout":"full-width-container","site-content-style":"default","site-sidebar-style":"default","ast-global-header-display":"","ast-banner-title-visibility":"","ast-main-header-display":"","ast-hfb-above-header-display":"","ast-hfb-below-header-display":"","ast-hfb-mobile-header-display":"","site-post-title":"disabled","ast-breadcrumbs-content":"","ast-featured-img":"disabled","footer-sml-layout":"","ast-disable-related-posts":"","theme-transparent-header-meta":"default","adv-header-id-meta":"","stick-header-meta":"","header-above-stick-meta":"","header-main-stick-meta":"","header-below-stick-meta":"","astra-migrate-meta-layouts":"set","ast-page-background-enabled":"default","ast-page-background-meta":{"desktop":{"background-color":"var(--ast-global-color-5)","background-image":"","background-repeat":"repeat","background-position":"center center","background-size":"auto","background-attachment":"scroll","background-type":"","background-media":"","overlay-type":"","overlay-color":"","overlay-opacity":"","overlay-gradient":""},"tablet":{"background-color":"","background-image":"","background-repeat":"repeat","background-position":"center center","background-size":"auto","background-attachment":"scroll","background-type":"","background-media":"","overlay-type":"","overlay-color":"","overlay-opacity":"","overlay-gradient":""},"mobile":{"background-color":"","background-image":"","background-repeat":"repeat","background-position":"center center","background-size":"auto","background-attachment":"scroll","background-type":"","background-media":"","overlay-type":"","overlay-color":"","overlay-opacity":"","overlay-gradient":""}},"ast-content-background-meta":{"desktop":{"background-color":"var(--ast-global-color-4)","background-image":"","background-repeat":"repeat","background-position":"center center","background-size":"auto","background-attachment":"scroll","background-type":"","background-media":"","overlay-type":"","overlay-color":"","overlay-opacity":"","overlay-gradient":""},"tablet":{"background-color":"var(--ast-global-color-4)","background-image":"","background-repeat":"repeat","background-position":"center center","background-size":"auto","background-attachment":"scroll","background-type":"","background-media":"","overlay-type":"","overlay-color":"","overlay-opacity":"","overlay-gradient":""},"mobile":{"background-color":"var(--ast-global-color-4)","background-image":"","background-repeat":"repeat","background-position":"center center","background-size":"auto","background-attachment":"scroll","background-type":"","background-media":"","overlay-type":"","overlay-color":"","overlay-opacity":"","overlay-gradient":""}},"footnotes":""},"class_list":["post-4367","page","type-page","status-publish","hentry"],"_links":{"self":[{"href":"https:\/\/inclusive-future.eu\/hu\/wp-json\/wp\/v2\/pages\/4367","targetHints":{"allow":["GET"]}}],"collection":[{"href":"https:\/\/inclusive-future.eu\/hu\/wp-json\/wp\/v2\/pages"}],"about":[{"href":"https:\/\/inclusive-future.eu\/hu\/wp-json\/wp\/v2\/types\/page"}],"author":[{"embeddable":true,"href":"https:\/\/inclusive-future.eu\/hu\/wp-json\/wp\/v2\/users\/1"}],"replies":[{"embeddable":true,"href":"https:\/\/inclusive-future.eu\/hu\/wp-json\/wp\/v2\/comments?post=4367"}],"version-history":[{"count":10,"href":"https:\/\/inclusive-future.eu\/hu\/wp-json\/wp\/v2\/pages\/4367\/revisions"}],"predecessor-version":[{"id":4471,"href":"https:\/\/inclusive-future.eu\/hu\/wp-json\/wp\/v2\/pages\/4367\/revisions\/4471"}],"wp:attachment":[{"href":"https:\/\/inclusive-future.eu\/hu\/wp-json\/wp\/v2\/media?parent=4367"}],"curies":[{"name":"wp","href":"https:\/\/api.w.org\/{rel}","templated":true}]}}