{"id":4836,"date":"2025-03-25T10:07:35","date_gmt":"2025-03-25T10:07:35","guid":{"rendered":"https:\/\/inclusive-future.eu\/?page_id=4836"},"modified":"2025-06-10T13:21:21","modified_gmt":"2025-06-10T13:21:21","slug":"raising-awareness","status":"publish","type":"page","link":"https:\/\/inclusive-future.eu\/fi\/raising-awareness","title":{"rendered":"Raising awareness"},"content":{"rendered":"\t\t<div data-elementor-type=\"wp-page\" data-elementor-id=\"4836\" class=\"elementor elementor-4836 elementor-2423\" data-elementor-post-type=\"page\">\n\t\t\t\t<div class=\"elementor-element elementor-element-b52d114 e-con-full e-flex e-con e-parent\" data-id=\"b52d114\" data-element_type=\"container\" data-e-type=\"container\" data-settings=\"{&quot;background_background&quot;:&quot;classic&quot;,&quot;jet_parallax_layout_list&quot;:[]}\">\n\t\t\t\t<div class=\"elementor-element elementor-element-d79b225 elementor-widget__width-initial elementor-invisible elementor-widget elementor-widget-heading\" data-id=\"d79b225\" data-element_type=\"widget\" data-e-type=\"widget\" data-settings=\"{&quot;_animation&quot;:&quot;fadeInDown&quot;}\" data-widget_type=\"heading.default\">\n\t\t\t\t<div class=\"elementor-widget-container\">\n\t\t\t\t\t<h2 class=\"elementor-heading-title elementor-size-default\">TIETOISUUDEN LIS\u00c4\u00c4MINEN<\/h2>\t\t\t\t<\/div>\n\t\t\t\t<\/div>\n\t\t\t\t<\/div>\n\t\t<div class=\"elementor-element elementor-element-46d9f8b e-flex e-con-boxed e-con e-parent\" data-id=\"46d9f8b\" data-element_type=\"container\" data-e-type=\"container\" data-settings=\"{&quot;background_background&quot;:&quot;classic&quot;,&quot;jet_parallax_layout_list&quot;:[]}\">\n\t\t\t\t\t<div class=\"e-con-inner\">\n\t\t\t\t<div class=\"elementor-element elementor-element-f764f70 elementor-widget elementor-widget-text-editor\" data-id=\"f764f70\" data-element_type=\"widget\" data-e-type=\"widget\" data-widget_type=\"text-editor.default\">\n\t\t\t\t<div class=\"elementor-widget-container\">\n\t\t\t\t\t\t\t\t\t<p>T\u00e4m\u00e4 aloite varmistaa laajamittaisen viestinn\u00e4n, tulosten levitt\u00e4misen ja hankkeen pitk\u00e4aikaisen vaikuttavuuden. Siihen sis\u00e4ltyy kokonaisvaltainen levitt\u00e4misstrategia, visuaalinen ilme ja materiaalit, vaikuttamisty\u00f6 koulutuspolitiikkaan sek\u00e4 sidosryhmien sitouttaminen. Hy\u00f6dynt\u00e4m\u00e4ll\u00e4 digitaalisia ty\u00f6kaluja, politiikkakeskusteluja ja verkostoitumistapahtumia aloite maksimoi koulutuksen kest\u00e4vyyteen liittyv\u00e4n n\u00e4kyvyyden, vaikutuksen ja pysyv\u00e4n k\u00e4ytt\u00f6\u00f6noton kouluissa.<\/p>\t\t\t\t\t\t\t\t<\/div>\n\t\t\t\t<\/div>\n\t\t<div class=\"elementor-element elementor-element-ab0afd9 e-grid e-con-full bdt-backdrop-filter-yes bdt-filter-backdrop e-con e-child\" data-id=\"ab0afd9\" data-element_type=\"container\" data-e-type=\"container\" data-settings=\"{&quot;jet_parallax_layout_list&quot;:[]}\">\n\t\t\t\t<div class=\"elementor-element elementor-element-b8418a6 elementor-flip-box--effect-push animated-fast elementor-flip-box--direction-up elementor-invisible elementor-widget elementor-widget-flip-box\" data-id=\"b8418a6\" data-element_type=\"widget\" data-e-type=\"widget\" data-settings=\"{&quot;_animation&quot;:&quot;zoomIn&quot;}\" data-widget_type=\"flip-box.default\">\n\t\t\t\t<div class=\"elementor-widget-container\">\n\t\t\t\t\t\t\t<div class=\"elementor-flip-box\" tabindex=\"0\">\n\t\t\t<div class=\"elementor-flip-box__layer elementor-flip-box__front\">\n\t\t\t\t<div class=\"elementor-flip-box__layer__overlay\">\n\t\t\t\t\t<div class=\"elementor-flip-box__layer__inner\">\n\t\t\t\t\t\t\n\t\t\t\t\t\t\t\t\t\t\t\t\t<h3 class=\"elementor-flip-box__layer__title\">\n\t\t\t\t\t\t\t\tKansallisen Politiikan Keskustelutilaisuudet\t\t\t\t\t\t\t<\/h3>\n\t\t\t\t\t\t\n\t\t\t\t\t\t\t\t\t\t\t<\/div>\n\t\t\t\t<\/div>\n\t\t\t<\/div>\n\t\t\t<div class=\"elementor-flip-box__layer elementor-flip-box__back\">\n\t\t\t<div class=\"elementor-flip-box__layer__overlay\">\n\t\t\t\t<div class=\"elementor-flip-box__layer__inner\">\n\t\t\t\t\t\n\t\t\t\t\t\t\t\t\t\t\t<div class=\"elementor-flip-box__layer__description\">\n\t\t\t\t\t\t\tYhteenveto kansallisen politiikan keskustelujen sis\u00e4ll\u00f6st\u00e4, joissa mukana olivat p\u00e4\u00e4tt\u00e4j\u00e4t, kasvatusalan asiantuntijat ja muut sidosryhm\u00e4t. Dokumentti kokoaa yhteen keskeiset havainnot, haasteet ja politiikkasuositukset, jotka tukevat kest\u00e4v\u00e4n kehityksen osaamisen integroimista koulutuspolitiikkaan.T\u00e4m\u00e4 kooste tukee vaikuttamisty\u00f6t\u00e4 sek\u00e4 kansallisella ett\u00e4 EU-tasolla.\t\t\t\t\t\t<\/div>\n\t\t\t\t\t\n\t\t\t\t\t\t\t\t\t\t\t<a class=\"elementor-flip-box__button elementor-button elementor-size-sm\">\n\t\t\t\t\t\t\tLataa yhteenveto kansallisista politiikkapy\u00f6reist\u00e4 klikkaamalla t\u00e4st\u00e4\t\t\t\t\t\t<\/a>\n\t\t\t\t\t\t\t\t<\/div>\n\t\t<\/div>\n\t\t<\/div>\n\t\t<\/div>\n\t\t\t\t\t\t<\/div>\n\t\t\t\t<\/div>\n\t\t\t\t<div class=\"elementor-element elementor-element-7f119be elementor-flip-box--effect-push animated-fast elementor-flip-box--direction-up elementor-invisible elementor-widget elementor-widget-flip-box\" data-id=\"7f119be\" data-element_type=\"widget\" data-e-type=\"widget\" data-settings=\"{&quot;_animation&quot;:&quot;zoomIn&quot;}\" data-widget_type=\"flip-box.default\">\n\t\t\t\t<div class=\"elementor-widget-container\">\n\t\t\t\t\t\t\t<div class=\"elementor-flip-box\" tabindex=\"0\">\n\t\t\t<div class=\"elementor-flip-box__layer elementor-flip-box__front\">\n\t\t\t\t<div class=\"elementor-flip-box__layer__overlay\">\n\t\t\t\t\t<div class=\"elementor-flip-box__layer__inner\">\n\t\t\t\t\t\t\n\t\t\t\t\t\t\t\t\t\t\t\t\t<h3 class=\"elementor-flip-box__layer__title\">\n\t\t\t\t\t\t\t\tPolitiikkasuositus\t\t\t\t\t\t\t<\/h3>\n\t\t\t\t\t\t\n\t\t\t\t\t\t\t\t\t\t\t<\/div>\n\t\t\t\t<\/div>\n\t\t\t<\/div>\n\t\t\t<div class=\"elementor-flip-box__layer elementor-flip-box__back\">\n\t\t\t<div class=\"elementor-flip-box__layer__overlay\">\n\t\t\t\t<div class=\"elementor-flip-box__layer__inner\">\n\t\t\t\t\t\n\t\t\t\t\t\t\t\t\t\t\t<div class=\"elementor-flip-box__layer__description\">\n\t\t\t\t\t\t\tT\u00e4m\u00e4 politiikkasuositus toimii suunnann\u00e4ytt\u00e4j\u00e4n\u00e4 kest\u00e4v\u00e4n kehityksen osaamisen integroimiseksi kansallisiin ja eurooppalaisiin koulutuspolitiikkoihin. Se pohjautuu tutkimustuloksiin, sidosryhmien palautteeseen ja hankkeen tuottamiin tuloksiin, tarkentaen aiempia suosituksia. Asiakirja tarjoaa k\u00e4yt\u00e4nn\u00f6n strategioita kest\u00e4vyyden sis\u00e4llytt\u00e4miseksi opetussuunnitelmiin, opettajankoulutukseen ja koulun toimintakulttuuriin, varmistaen pitk\u00e4kestoisen vaikuttavuuden ja linjauksen EU:n tavoitteiden kanssa kohti vihre\u00e4mp\u00e4\u00e4 ja osallistavampaa koulutusj\u00e4rjestelm\u00e4\u00e4.\n\n\t\t\t\t\t\t<\/div>\n\t\t\t\t\t\n\t\t\t\t\t\t\t\t\t\t\t<a class=\"elementor-flip-box__button elementor-button elementor-size-sm\">\n\t\t\t\t\t\t\tLataa politiikkasuositus klikkaamalla t\u00e4st\u00e4\t\t\t\t\t\t<\/a>\n\t\t\t\t\t\t\t\t<\/div>\n\t\t<\/div>\n\t\t<\/div>\n\t\t<\/div>\n\t\t\t\t\t\t<\/div>\n\t\t\t\t<\/div>\n\t\t\t\t<div class=\"elementor-element elementor-element-25b2671 elementor-flip-box--effect-push animated-fast elementor-flip-box--direction-up elementor-invisible elementor-widget elementor-widget-flip-box\" data-id=\"25b2671\" data-element_type=\"widget\" data-e-type=\"widget\" data-settings=\"{&quot;_animation&quot;:&quot;zoomIn&quot;}\" data-widget_type=\"flip-box.default\">\n\t\t\t\t<div class=\"elementor-widget-container\">\n\t\t\t\t\t\t\t<div class=\"elementor-flip-box\" tabindex=\"0\">\n\t\t\t<div class=\"elementor-flip-box__layer elementor-flip-box__front\">\n\t\t\t\t<div class=\"elementor-flip-box__layer__overlay\">\n\t\t\t\t\t<div class=\"elementor-flip-box__layer__inner\">\n\t\t\t\t\t\t\n\t\t\t\t\t\t\t\t\t\t\t\t\t<h3 class=\"elementor-flip-box__layer__title\">\n\t\t\t\t\t\t\t\tKest\u00e4v\u00e4n kehityksen koulu\u00adtapahtumat\t\t\t\t\t\t\t<\/h3>\n\t\t\t\t\t\t\n\t\t\t\t\t\t\t\t\t\t\t<\/div>\n\t\t\t\t<\/div>\n\t\t\t<\/div>\n\t\t\t<div class=\"elementor-flip-box__layer elementor-flip-box__back\">\n\t\t\t<div class=\"elementor-flip-box__layer__overlay\">\n\t\t\t\t<div class=\"elementor-flip-box__layer__inner\">\n\t\t\t\t\t\n\t\t\t\t\t\t\t\t\t\t\t<div class=\"elementor-flip-box__layer__description\">\n\t\t\t\t\t\t\tDokumentaatio kest\u00e4v\u00e4\u00e4n kehitykseen keskittyvist\u00e4 koulutapahtumista, joita on j\u00e4rjestetty kouluissa eri kumppanimaissa. Raportti tuo esiin oppilasl\u00e4ht\u00f6isi\u00e4 aloitteita, ty\u00f6pajoja ja projekteja, jotka edist\u00e4v\u00e4t kest\u00e4v\u00e4n kehityksen osaamista.T\u00e4m\u00e4 julkaisu toimii inspiraationa ja oppaana muille kouluille, jotka haluavat toteuttaa vastaavanlaisia toimintoja omassa oppimisymp\u00e4rist\u00f6ss\u00e4\u00e4n.\t\t\t\t\t\t<\/div>\n\t\t\t\t\t\n\t\t\t\t\t\t\t\t\t\t\t<a class=\"elementor-flip-box__button elementor-button elementor-size-sm\">\n\t\t\t\t\t\t\tLis\u00e4tietoa kest\u00e4v\u00e4n kehityksen koulutapahtumista saat t\u00e4\u00e4lt\u00e4\t\t\t\t\t\t<\/a>\n\t\t\t\t\t\t\t\t<\/div>\n\t\t<\/div>\n\t\t<\/div>\n\t\t<\/div>\n\t\t\t\t\t\t<\/div>\n\t\t\t\t<\/div>\n\t\t\t\t<div class=\"elementor-element elementor-element-6e70f44 elementor-flip-box--effect-push animated-fast elementor-flip-box--direction-up elementor-invisible elementor-widget elementor-widget-flip-box\" data-id=\"6e70f44\" data-element_type=\"widget\" data-e-type=\"widget\" data-settings=\"{&quot;_animation&quot;:&quot;zoomIn&quot;}\" data-widget_type=\"flip-box.default\">\n\t\t\t\t<div class=\"elementor-widget-container\">\n\t\t\t\t\t\t\t<div class=\"elementor-flip-box\" tabindex=\"0\">\n\t\t\t<div class=\"elementor-flip-box__layer elementor-flip-box__front\">\n\t\t\t\t<div class=\"elementor-flip-box__layer__overlay\">\n\t\t\t\t\t<div class=\"elementor-flip-box__layer__inner\">\n\t\t\t\t\t\t\n\t\t\t\t\t\t\t\t\t\t\t\t\t<h3 class=\"elementor-flip-box__layer__title\">\n\t\t\t\t\t\t\t\tYhteisty\u00f6 muiden koulutuspolitiikan kokeiluhankkeiden kanssa\t\t\t\t\t\t\t<\/h3>\n\t\t\t\t\t\t\n\t\t\t\t\t\t\t\t\t\t\t<\/div>\n\t\t\t\t<\/div>\n\t\t\t<\/div>\n\t\t\t<div class=\"elementor-flip-box__layer elementor-flip-box__back\">\n\t\t\t<div class=\"elementor-flip-box__layer__overlay\">\n\t\t\t\t<div class=\"elementor-flip-box__layer__inner\">\n\t\t\t\t\t\n\t\t\t\t\t\t\t\t\t\t\t<div class=\"elementor-flip-box__layer__description\">\n\t\t\t\t\t\t\tRaportti, joka kokoaa yhteen yhteisty\u00f6n ja tiedonvaihdon muiden vastaavien eurooppalaisten koulutuspolitiikan kokeiluhankkeiden kanssa. Raportti tunnistaa synergioita, yhteisi\u00e4 haasteita ja hankkeiden v\u00e4lisi\u00e4 suosituksia, vahvistaen yhteist\u00e4 l\u00e4hestymistapaa kest\u00e4v\u00e4n kehityksen kasvatukseen.\t\t\t\t\t\t<\/div>\n\t\t\t\t\t\n\t\t\t\t\t\t\t\t\t\t\t<a class=\"elementor-flip-box__button elementor-button elementor-size-sm\">\n\t\t\t\t\t\t\tLataa raportti klikkaamalla t\u00e4st\u00e4\t\t\t\t\t\t<\/a>\n\t\t\t\t\t\t\t\t<\/div>\n\t\t<\/div>\n\t\t<\/div>\n\t\t<\/div>\n\t\t\t\t\t\t<\/div>\n\t\t\t\t<\/div>\n\t\t\t\t<div class=\"elementor-element elementor-element-c654fdb elementor-flip-box--effect-push animated-fast elementor-flip-box--direction-up elementor-invisible elementor-widget elementor-widget-flip-box\" data-id=\"c654fdb\" data-element_type=\"widget\" data-e-type=\"widget\" data-settings=\"{&quot;_animation&quot;:&quot;zoomIn&quot;}\" data-widget_type=\"flip-box.default\">\n\t\t\t\t<div class=\"elementor-widget-container\">\n\t\t\t\t\t\t\t<div class=\"elementor-flip-box\" tabindex=\"0\">\n\t\t\t<div class=\"elementor-flip-box__layer elementor-flip-box__front\">\n\t\t\t\t<div class=\"elementor-flip-box__layer__overlay\">\n\t\t\t\t\t<div class=\"elementor-flip-box__layer__inner\">\n\t\t\t\t\t\t\n\t\t\t\t\t\t\t\t\t\t\t\t\t<h3 class=\"elementor-flip-box__layer__title\">\n\t\t\t\t\t\t\t\tInclusive Future -ekosysteemi\t\t\t\t\t\t\t<\/h3>\n\t\t\t\t\t\t\n\t\t\t\t\t\t\t\t\t\t\t<\/div>\n\t\t\t\t<\/div>\n\t\t\t<\/div>\n\t\t\t<div class=\"elementor-flip-box__layer elementor-flip-box__back\">\n\t\t\t<div class=\"elementor-flip-box__layer__overlay\">\n\t\t\t\t<div class=\"elementor-flip-box__layer__inner\">\n\t\t\t\t\t\n\t\t\t\t\t\t\t\t\t\t\t<div class=\"elementor-flip-box__layer__description\">\n\t\t\t\t\t\t\tInclusive Future -ekosysteemi yhdist\u00e4\u00e4 keskeiset sidosryhm\u00e4t kest\u00e4v\u00e4n kehityksen kasvatuksen ja koulutuspolitiikan innovoinnin edist\u00e4miseksi. Mukana ovat opettajat, koulun johtajat, p\u00e4\u00e4tt\u00e4j\u00e4t, tutkijat, opetussuunnitelman kehitt\u00e4j\u00e4t ja kansalaisj\u00e4rjest\u00f6t, mik\u00e4 takaa laaja-alaisen vaikuttavuuden.Lis\u00e4ksi ekosysteemiin kuuluvat korkeakoulut, paikallishallinnot, vanhemmat, oppilaat, yksityisen sektorin toimijat sek\u00e4 EU-tason p\u00e4\u00e4tt\u00e4j\u00e4t. T\u00e4m\u00e4 verkosto tukee yhteisty\u00f6t\u00e4, resurssien jakamista ja politiikkalinjausten yhten\u00e4ist\u00e4mist\u00e4, edist\u00e4en kest\u00e4v\u00e4\u00e4 ja pitk\u00e4kestoista muutosta.\n\t\t\t\t\t\t<\/div>\n\t\t\t\t\t\n\t\t\t\t\t\t\t\t\t\t\t<a class=\"elementor-flip-box__button elementor-button elementor-size-sm\">\n\t\t\t\t\t\t\tLis\u00e4tietoa l\u00f6yd\u00e4t t\u00e4\u00e4lt\u00e4\t\t\t\t\t\t<\/a>\n\t\t\t\t\t\t\t\t<\/div>\n\t\t<\/div>\n\t\t<\/div>\n\t\t<\/div>\n\t\t\t\t\t\t<\/div>\n\t\t\t\t<\/div>\n\t\t\t\t<\/div>\n\t\t\t\t\t<\/div>\n\t\t\t\t<\/div>\n\t\t\t\t<\/div>\n\t\t","protected":false},"excerpt":{"rendered":"<p>TIETOISUUDEN LIS\u00c4\u00c4MINEN T\u00e4m\u00e4 aloite varmistaa laajamittaisen viestinn\u00e4n, tulosten levitt\u00e4misen ja hankkeen pitk\u00e4aikaisen vaikuttavuuden. Siihen sis\u00e4ltyy kokonaisvaltainen levitt\u00e4misstrategia, visuaalinen ilme ja [&hellip;]<\/p>\n","protected":false},"author":1,"featured_media":0,"parent":0,"menu_order":0,"comment_status":"closed","ping_status":"closed","template":"","meta":{"site-sidebar-layout":"no-sidebar","site-content-layout":"","ast-site-content-layout":"full-width-container","site-content-style":"default","site-sidebar-style":"default","ast-global-header-display":"","ast-banner-title-visibility":"","ast-main-header-display":"","ast-hfb-above-header-display":"","ast-hfb-below-header-display":"","ast-hfb-mobile-header-display":"","site-post-title":"disabled","ast-breadcrumbs-content":"","ast-featured-img":"disabled","footer-sml-layout":"","ast-disable-related-posts":"","theme-transparent-header-meta":"default","adv-header-id-meta":"","stick-header-meta":"","header-above-stick-meta":"","header-main-stick-meta":"","header-below-stick-meta":"","astra-migrate-meta-layouts":"set","ast-page-background-enabled":"default","ast-page-background-meta":{"desktop":{"background-color":"var(--ast-global-color-5)","background-image":"","background-repeat":"repeat","background-position":"center center","background-size":"auto","background-attachment":"scroll","background-type":"","background-media":"","overlay-type":"","overlay-color":"","overlay-opacity":"","overlay-gradient":""},"tablet":{"background-color":"","background-image":"","background-repeat":"repeat","background-position":"center center","background-size":"auto","background-attachment":"scroll","background-type":"","background-media":"","overlay-type":"","overlay-color":"","overlay-opacity":"","overlay-gradient":""},"mobile":{"background-color":"","background-image":"","background-repeat":"repeat","background-position":"center center","background-size":"auto","background-attachment":"scroll","background-type":"","background-media":"","overlay-type":"","overlay-color":"","overlay-opacity":"","overlay-gradient":""}},"ast-content-background-meta":{"desktop":{"background-color":"var(--ast-global-color-4)","background-image":"","background-repeat":"repeat","background-position":"center center","background-size":"auto","background-attachment":"scroll","background-type":"","background-media":"","overlay-type":"","overlay-color":"","overlay-opacity":"","overlay-gradient":""},"tablet":{"background-color":"var(--ast-global-color-4)","background-image":"","background-repeat":"repeat","background-position":"center center","background-size":"auto","background-attachment":"scroll","background-type":"","background-media":"","overlay-type":"","overlay-color":"","overlay-opacity":"","overlay-gradient":""},"mobile":{"background-color":"var(--ast-global-color-4)","background-image":"","background-repeat":"repeat","background-position":"center center","background-size":"auto","background-attachment":"scroll","background-type":"","background-media":"","overlay-type":"","overlay-color":"","overlay-opacity":"","overlay-gradient":""}},"footnotes":""},"class_list":["post-4836","page","type-page","status-publish","hentry"],"_links":{"self":[{"href":"https:\/\/inclusive-future.eu\/fi\/wp-json\/wp\/v2\/pages\/4836","targetHints":{"allow":["GET"]}}],"collection":[{"href":"https:\/\/inclusive-future.eu\/fi\/wp-json\/wp\/v2\/pages"}],"about":[{"href":"https:\/\/inclusive-future.eu\/fi\/wp-json\/wp\/v2\/types\/page"}],"author":[{"embeddable":true,"href":"https:\/\/inclusive-future.eu\/fi\/wp-json\/wp\/v2\/users\/1"}],"replies":[{"embeddable":true,"href":"https:\/\/inclusive-future.eu\/fi\/wp-json\/wp\/v2\/comments?post=4836"}],"version-history":[{"count":7,"href":"https:\/\/inclusive-future.eu\/fi\/wp-json\/wp\/v2\/pages\/4836\/revisions"}],"predecessor-version":[{"id":5680,"href":"https:\/\/inclusive-future.eu\/fi\/wp-json\/wp\/v2\/pages\/4836\/revisions\/5680"}],"wp:attachment":[{"href":"https:\/\/inclusive-future.eu\/fi\/wp-json\/wp\/v2\/media?parent=4836"}],"curies":[{"name":"wp","href":"https:\/\/api.w.org\/{rel}","templated":true}]}}