{"id":4780,"date":"2025-03-25T10:07:25","date_gmt":"2025-03-25T10:07:25","guid":{"rendered":"https:\/\/inclusive-future.eu\/?page_id=4780"},"modified":"2025-06-10T13:24:41","modified_gmt":"2025-06-10T13:24:41","slug":"certification-and-recognition","status":"publish","type":"page","link":"https:\/\/inclusive-future.eu\/fi\/certification-and-recognition","title":{"rendered":"Certification and recognition"},"content":{"rendered":"\t\t<div data-elementor-type=\"wp-page\" data-elementor-id=\"4780\" class=\"elementor elementor-4780 elementor-2421\" data-elementor-post-type=\"page\">\n\t\t\t\t<div class=\"elementor-element elementor-element-6dd5cf7 e-con-full e-flex e-con e-parent\" data-id=\"6dd5cf7\" data-element_type=\"container\" data-e-type=\"container\" data-settings=\"{&quot;background_background&quot;:&quot;classic&quot;,&quot;jet_parallax_layout_list&quot;:[]}\">\n\t\t\t\t<div class=\"elementor-element elementor-element-93ebf6b elementor-widget__width-initial elementor-invisible elementor-widget elementor-widget-heading\" data-id=\"93ebf6b\" data-element_type=\"widget\" data-e-type=\"widget\" data-settings=\"{&quot;_animation&quot;:&quot;fadeInDown&quot;}\" data-widget_type=\"heading.default\">\n\t\t\t\t<div class=\"elementor-widget-container\">\n\t\t\t\t\t<h2 class=\"elementor-heading-title elementor-size-default\">SERTIFIOINTI JA TUNNUSTAMINEN<\/h2>\t\t\t\t<\/div>\n\t\t\t\t<\/div>\n\t\t\t\t<\/div>\n\t\t<div class=\"elementor-element elementor-element-91951f3 e-flex e-con-boxed e-con e-parent\" data-id=\"91951f3\" data-element_type=\"container\" data-e-type=\"container\" data-settings=\"{&quot;background_background&quot;:&quot;classic&quot;,&quot;jet_parallax_layout_list&quot;:[]}\">\n\t\t\t\t\t<div class=\"e-con-inner\">\n\t\t\t\t<div class=\"elementor-element elementor-element-282f7fd elementor-widget elementor-widget-text-editor\" data-id=\"282f7fd\" data-element_type=\"widget\" data-e-type=\"widget\" data-widget_type=\"text-editor.default\">\n\t\t\t\t<div class=\"elementor-widget-container\">\n\t\t\t\t\t\t\t\t\t<p>T\u00e4m\u00e4 aloite luo sertifiointij\u00e4rjestelm\u00e4n kouluille, tunnustaen oppilaitokset, jotka ovat onnistuneesti integroitaneet kest\u00e4v\u00e4n kehityksen osaamisen osaksi opetusk\u00e4yt\u00e4nt\u00f6j\u00e4\u00e4n. Siihen sis\u00e4ltyy sertifiointikriteerien kehitt\u00e4minen, arvioijien koulutus sek\u00e4 j\u00e4rjestelm\u00e4n k\u00e4ytt\u00f6\u00f6notto kouluissa. Tarjoamalla rakenteellisen viitekehyksen t\u00e4m\u00e4 aloite varmistaa, ett\u00e4 kest\u00e4v\u00e4n kehityksen opetus on mitattavaa, standardoitua ja laajennettavissa eri oppimisymp\u00e4rist\u00f6ihin.<\/p>\t\t\t\t\t\t\t\t<\/div>\n\t\t\t\t<\/div>\n\t\t<div class=\"elementor-element elementor-element-89ab64e e-grid e-con-full bdt-backdrop-filter-yes bdt-filter-backdrop e-con e-child\" data-id=\"89ab64e\" data-element_type=\"container\" data-e-type=\"container\" data-settings=\"{&quot;jet_parallax_layout_list&quot;:[]}\">\n\t\t\t\t<div class=\"elementor-element elementor-element-9323fbd elementor-flip-box--effect-push animated-fast elementor-flip-box--direction-up elementor-invisible elementor-widget elementor-widget-flip-box\" data-id=\"9323fbd\" data-element_type=\"widget\" data-e-type=\"widget\" data-settings=\"{&quot;_animation&quot;:&quot;zoomIn&quot;}\" data-widget_type=\"flip-box.default\">\n\t\t\t\t<div class=\"elementor-widget-container\">\n\t\t\t\t\t\t\t<div class=\"elementor-flip-box\" tabindex=\"0\">\n\t\t\t<div class=\"elementor-flip-box__layer elementor-flip-box__front\">\n\t\t\t\t<div class=\"elementor-flip-box__layer__overlay\">\n\t\t\t\t\t<div class=\"elementor-flip-box__layer__inner\">\n\t\t\t\t\t\t\n\t\t\t\t\t\t\t\t\t\t\t\t\t<h3 class=\"elementor-flip-box__layer__title\">\n\t\t\t\t\t\t\t\tKoulujen sertifiointimalli kest\u00e4v\u00e4n kehityksen kasvatuksessa\t\t\t\t\t\t\t<\/h3>\n\t\t\t\t\t\t\n\t\t\t\t\t\t\t\t\t\t\t<\/div>\n\t\t\t\t<\/div>\n\t\t\t<\/div>\n\t\t\t<div class=\"elementor-flip-box__layer elementor-flip-box__back\">\n\t\t\t<div class=\"elementor-flip-box__layer__overlay\">\n\t\t\t\t<div class=\"elementor-flip-box__layer__inner\">\n\t\t\t\t\t\n\t\t\t\t\t\t\t\t\t\t\t<div class=\"elementor-flip-box__layer__description\">\n\t\t\t\t\t\t\tRakenteellinen sertifiointimalli, joka m\u00e4\u00e4rittelee kolme tunnustustasoa (pronssi, hopea ja kulta) kouluille, jotka integroivat kest\u00e4v\u00e4n kehityksen osaamista opetukseensa. Malliin sis\u00e4ltyy arviointity\u00f6kaluja, kriteerist\u00f6j\u00e4 ja ohjeita toteutukseen.T\u00e4m\u00e4 malli varmistaa, ett\u00e4 koulut voivat mitata edistymist\u00e4\u00e4n, saada tunnustusta tekem\u00e4st\u00e4\u00e4n ty\u00f6st\u00e4 ja jatkuvasti kehitt\u00e4\u00e4 kest\u00e4v\u00e4n kehityksen kasvatustaan.\t\t\t\t\t\t<\/div>\n\t\t\t\t\t\n\t\t\t\t\t\t\t\t\t\t\t<a class=\"elementor-flip-box__button elementor-button elementor-size-sm\">\n\t\t\t\t\t\t\tLataa sertifiointimalli klikkaamalla t\u00e4st\u00e4\t\t\t\t\t\t<\/a>\n\t\t\t\t\t\t\t\t<\/div>\n\t\t<\/div>\n\t\t<\/div>\n\t\t<\/div>\n\t\t\t\t\t\t<\/div>\n\t\t\t\t<\/div>\n\t\t\t\t<div class=\"elementor-element elementor-element-b2fc355 elementor-flip-box--effect-push animated-fast elementor-flip-box--direction-up elementor-invisible elementor-widget elementor-widget-flip-box\" data-id=\"b2fc355\" data-element_type=\"widget\" data-e-type=\"widget\" data-settings=\"{&quot;_animation&quot;:&quot;zoomIn&quot;}\" data-widget_type=\"flip-box.default\">\n\t\t\t\t<div class=\"elementor-widget-container\">\n\t\t\t\t\t\t\t<div class=\"elementor-flip-box\" tabindex=\"0\">\n\t\t\t<div class=\"elementor-flip-box__layer elementor-flip-box__front\">\n\t\t\t\t<div class=\"elementor-flip-box__layer__overlay\">\n\t\t\t\t\t<div class=\"elementor-flip-box__layer__inner\">\n\t\t\t\t\t\t\n\t\t\t\t\t\t\t\t\t\t\t\t\t<h3 class=\"elementor-flip-box__layer__title\">\n\t\t\t\t\t\t\t\tYhdistetty koulutus \"sertifioijille\"\t\t\t\t\t\t\t<\/h3>\n\t\t\t\t\t\t\n\t\t\t\t\t\t\t\t\t\t\t<\/div>\n\t\t\t\t<\/div>\n\t\t\t<\/div>\n\t\t\t<div class=\"elementor-flip-box__layer elementor-flip-box__back\">\n\t\t\t<div class=\"elementor-flip-box__layer__overlay\">\n\t\t\t\t<div class=\"elementor-flip-box__layer__inner\">\n\t\t\t\t\t\n\t\t\t\t\t\t\t\t\t\t\t<div class=\"elementor-flip-box__layer__description\">\n\t\t\t\t\t\t\tErikoistunut koulutusohjelma henkil\u00f6ille, jotka vastaavat koulujen arvioinnista ja sertifioinnista. Koulutus yhdist\u00e4\u00e4 verkkokursseja, l\u00e4hity\u00f6pajoja ja k\u00e4yt\u00e4nn\u00f6n arviointiharjoituksia, varmistaen ett\u00e4 arvioijat soveltavat yhten\u00e4isi\u00e4 ja standardoituja kriteerej\u00e4. Kouluttamalla asiantuntijoita t\u00e4m\u00e4 aloite takaa, ett\u00e4 kest\u00e4v\u00e4n kehityksen sertifiointi toteutetaan oikeudenmukaisesti ja johdonmukaisesti kouluissa kaikissa kumppanimaissa.\n\n\t\t\t\t\t\t<\/div>\n\t\t\t\t\t\n\t\t\t\t\t\t\t\t\t\t\t<a class=\"elementor-flip-box__button elementor-button elementor-size-sm\">\n\t\t\t\t\t\t\tSiirry koulutusohjelmaan klikkaamalla t\u00e4st\u00e4\t\t\t\t\t\t<\/a>\n\t\t\t\t\t\t\t\t<\/div>\n\t\t<\/div>\n\t\t<\/div>\n\t\t<\/div>\n\t\t\t\t\t\t<\/div>\n\t\t\t\t<\/div>\n\t\t\t\t<div class=\"elementor-element elementor-element-d2550fa elementor-flip-box--effect-push animated-fast elementor-flip-box--direction-up elementor-invisible elementor-widget elementor-widget-flip-box\" data-id=\"d2550fa\" data-element_type=\"widget\" data-e-type=\"widget\" data-settings=\"{&quot;_animation&quot;:&quot;zoomIn&quot;}\" data-widget_type=\"flip-box.default\">\n\t\t\t\t<div class=\"elementor-widget-container\">\n\t\t\t\t\t\t\t<div class=\"elementor-flip-box\" tabindex=\"0\">\n\t\t\t<div class=\"elementor-flip-box__layer elementor-flip-box__front\">\n\t\t\t\t<div class=\"elementor-flip-box__layer__overlay\">\n\t\t\t\t\t<div class=\"elementor-flip-box__layer__inner\">\n\t\t\t\t\t\t\n\t\t\t\t\t\t\t\t\t\t\t\t\t<h3 class=\"elementor-flip-box__layer__title\">\n\t\t\t\t\t\t\t\tSertifioitujen koulujen verkkokartta\t\t\t\t\t\t\t<\/h3>\n\t\t\t\t\t\t\n\t\t\t\t\t\t\t\t\t\t\t<\/div>\n\t\t\t\t<\/div>\n\t\t\t<\/div>\n\t\t\t<div class=\"elementor-flip-box__layer elementor-flip-box__back\">\n\t\t\t<div class=\"elementor-flip-box__layer__overlay\">\n\t\t\t\t<div class=\"elementor-flip-box__layer__inner\">\n\t\t\t\t\t\n\t\t\t\t\t\t\t\t\t\t\t<div class=\"elementor-flip-box__layer__description\">\n\t\t\t\t\t\t\tInteraktiivinen verkkopohjainen alusta, joka esittelee sertifioidut kest\u00e4v\u00e4n kehityksen koulut. Kartan avulla k\u00e4ytt\u00e4j\u00e4t voivat etsi\u00e4 sertifioituja kouluja maan, sertifiointitason ja kest\u00e4v\u00e4n kehityksen k\u00e4yt\u00e4nt\u00f6jen mukaan \u2013 luoden verkoston vihreist\u00e4 kouluista.T\u00e4m\u00e4 alusta edist\u00e4\u00e4 tiedonvaihtoa, tuo esiin parhaita k\u00e4yt\u00e4nt\u00f6j\u00e4 ja innoittaa muita oppilaitoksia liittym\u00e4\u00e4n mukaan kest\u00e4v\u00e4n kehityksen sertifiointialoitteeseen.\n\t\t\t\t\t\t<\/div>\n\t\t\t\t\t\n\t\t\t\t\t\t\t\t\t\t\t<a class=\"elementor-flip-box__button elementor-button elementor-size-sm\">\n\t\t\t\t\t\t\tKatso kartta klikkaamalla t\u00e4st\u00e4\t\t\t\t\t\t<\/a>\n\t\t\t\t\t\t\t\t<\/div>\n\t\t<\/div>\n\t\t<\/div>\n\t\t<\/div>\n\t\t\t\t\t\t<\/div>\n\t\t\t\t<\/div>\n\t\t\t\t<\/div>\n\t\t\t\t\t<\/div>\n\t\t\t\t<\/div>\n\t\t\t\t<\/div>\n\t\t","protected":false},"excerpt":{"rendered":"<p>SERTIFIOINTI JA TUNNUSTAMINEN T\u00e4m\u00e4 aloite luo sertifiointij\u00e4rjestelm\u00e4n kouluille, tunnustaen oppilaitokset, jotka ovat onnistuneesti integroitaneet kest\u00e4v\u00e4n kehityksen osaamisen osaksi opetusk\u00e4yt\u00e4nt\u00f6j\u00e4\u00e4n. Siihen [&hellip;]<\/p>\n","protected":false},"author":1,"featured_media":0,"parent":0,"menu_order":0,"comment_status":"closed","ping_status":"closed","template":"","meta":{"site-sidebar-layout":"no-sidebar","site-content-layout":"","ast-site-content-layout":"full-width-container","site-content-style":"default","site-sidebar-style":"default","ast-global-header-display":"","ast-banner-title-visibility":"","ast-main-header-display":"","ast-hfb-above-header-display":"","ast-hfb-below-header-display":"","ast-hfb-mobile-header-display":"","site-post-title":"disabled","ast-breadcrumbs-content":"","ast-featured-img":"disabled","footer-sml-layout":"","ast-disable-related-posts":"","theme-transparent-header-meta":"default","adv-header-id-meta":"","stick-header-meta":"","header-above-stick-meta":"","header-main-stick-meta":"","header-below-stick-meta":"","astra-migrate-meta-layouts":"set","ast-page-background-enabled":"default","ast-page-background-meta":{"desktop":{"background-color":"var(--ast-global-color-5)","background-image":"","background-repeat":"repeat","background-position":"center center","background-size":"auto","background-attachment":"scroll","background-type":"","background-media":"","overlay-type":"","overlay-color":"","overlay-opacity":"","overlay-gradient":""},"tablet":{"background-color":"","background-image":"","background-repeat":"repeat","background-position":"center center","background-size":"auto","background-attachment":"scroll","background-type":"","background-media":"","overlay-type":"","overlay-color":"","overlay-opacity":"","overlay-gradient":""},"mobile":{"background-color":"","background-image":"","background-repeat":"repeat","background-position":"center center","background-size":"auto","background-attachment":"scroll","background-type":"","background-media":"","overlay-type":"","overlay-color":"","overlay-opacity":"","overlay-gradient":""}},"ast-content-background-meta":{"desktop":{"background-color":"var(--ast-global-color-4)","background-image":"","background-repeat":"repeat","background-position":"center center","background-size":"auto","background-attachment":"scroll","background-type":"","background-media":"","overlay-type":"","overlay-color":"","overlay-opacity":"","overlay-gradient":""},"tablet":{"background-color":"var(--ast-global-color-4)","background-image":"","background-repeat":"repeat","background-position":"center center","background-size":"auto","background-attachment":"scroll","background-type":"","background-media":"","overlay-type":"","overlay-color":"","overlay-opacity":"","overlay-gradient":""},"mobile":{"background-color":"var(--ast-global-color-4)","background-image":"","background-repeat":"repeat","background-position":"center center","background-size":"auto","background-attachment":"scroll","background-type":"","background-media":"","overlay-type":"","overlay-color":"","overlay-opacity":"","overlay-gradient":""}},"footnotes":""},"class_list":["post-4780","page","type-page","status-publish","hentry"],"_links":{"self":[{"href":"https:\/\/inclusive-future.eu\/fi\/wp-json\/wp\/v2\/pages\/4780","targetHints":{"allow":["GET"]}}],"collection":[{"href":"https:\/\/inclusive-future.eu\/fi\/wp-json\/wp\/v2\/pages"}],"about":[{"href":"https:\/\/inclusive-future.eu\/fi\/wp-json\/wp\/v2\/types\/page"}],"author":[{"embeddable":true,"href":"https:\/\/inclusive-future.eu\/fi\/wp-json\/wp\/v2\/users\/1"}],"replies":[{"embeddable":true,"href":"https:\/\/inclusive-future.eu\/fi\/wp-json\/wp\/v2\/comments?post=4780"}],"version-history":[{"count":7,"href":"https:\/\/inclusive-future.eu\/fi\/wp-json\/wp\/v2\/pages\/4780\/revisions"}],"predecessor-version":[{"id":5713,"href":"https:\/\/inclusive-future.eu\/fi\/wp-json\/wp\/v2\/pages\/4780\/revisions\/5713"}],"wp:attachment":[{"href":"https:\/\/inclusive-future.eu\/fi\/wp-json\/wp\/v2\/media?parent=4780"}],"curies":[{"name":"wp","href":"https:\/\/api.w.org\/{rel}","templated":true}]}}