{"id":4725,"date":"2025-03-25T10:06:50","date_gmt":"2025-03-25T10:06:50","guid":{"rendered":"https:\/\/inclusive-future.eu\/?page_id=4725"},"modified":"2025-06-10T13:26:37","modified_gmt":"2025-06-10T13:26:37","slug":"capacity-building-and-experimentation","status":"publish","type":"page","link":"https:\/\/inclusive-future.eu\/fi\/capacity-building-and-experimentation","title":{"rendered":"Capacity building and experimentation"},"content":{"rendered":"\t\t<div data-elementor-type=\"wp-page\" data-elementor-id=\"4725\" class=\"elementor elementor-4725 elementor-2419\" data-elementor-post-type=\"page\">\n\t\t\t\t<div class=\"elementor-element elementor-element-6586236 e-con-full e-flex e-con e-parent\" data-id=\"6586236\" data-element_type=\"container\" data-e-type=\"container\" data-settings=\"{&quot;background_background&quot;:&quot;classic&quot;,&quot;jet_parallax_layout_list&quot;:[]}\">\n\t\t\t\t<div class=\"elementor-element elementor-element-e5760d8 elementor-widget__width-initial elementor-invisible elementor-widget elementor-widget-heading\" data-id=\"e5760d8\" data-element_type=\"widget\" data-e-type=\"widget\" data-settings=\"{&quot;_animation&quot;:&quot;fadeInDown&quot;}\" data-widget_type=\"heading.default\">\n\t\t\t\t<div class=\"elementor-widget-container\">\n\t\t\t\t\t<h2 class=\"elementor-heading-title elementor-size-default\">OSAAMISEN VAHVISTAMINEN JA KOKEILUTOIMINTA<\/h2>\t\t\t\t<\/div>\n\t\t\t\t<\/div>\n\t\t\t\t<\/div>\n\t\t<div class=\"elementor-element elementor-element-14ec8d4 e-flex e-con-boxed e-con e-parent\" data-id=\"14ec8d4\" data-element_type=\"container\" data-e-type=\"container\" data-settings=\"{&quot;background_background&quot;:&quot;classic&quot;,&quot;jet_parallax_layout_list&quot;:[]}\">\n\t\t\t\t\t<div class=\"e-con-inner\">\n\t\t\t\t<div class=\"elementor-element elementor-element-16e3863 elementor-widget elementor-widget-text-editor\" data-id=\"16e3863\" data-element_type=\"widget\" data-e-type=\"widget\" data-widget_type=\"text-editor.default\">\n\t\t\t\t<div class=\"elementor-widget-container\">\n\t\t\t\t\t\t\t\t\t<p>T\u00e4m\u00e4 aloite vahvistaa kest\u00e4v\u00e4n kehityksen opetusta kouluttamalla opettajia, aktivoimalla kouluja ja osallistamalla oppilaita k\u00e4yt\u00e4nn\u00f6nl\u00e4heisiin toimintoihin. Kokonaisuuteen sis\u00e4ltyy kansainv\u00e4lisi\u00e4 ja paikallisia opettajakoulutuksia, ty\u00f6pajoja sek\u00e4 oppilaille ja vanhemmille suunnattuja oppimislaboratorioita. Opettajat saavat k\u00e4yt\u00e4nn\u00f6n taitoja kest\u00e4v\u00e4n kehityksen osaamisen integroimiseksi luokkahuoneisiin, kun taas koulut ottavat k\u00e4ytt\u00f6\u00f6n vuorovaikutteisia oppimismenetelmi\u00e4, jotka varmistavat pitk\u00e4kestoisen vaikuttavuuden.<\/p>\t\t\t\t\t\t\t\t<\/div>\n\t\t\t\t<\/div>\n\t\t<div class=\"elementor-element elementor-element-de7dfeb e-grid e-con-full bdt-backdrop-filter-yes bdt-filter-backdrop e-con e-child\" data-id=\"de7dfeb\" data-element_type=\"container\" data-e-type=\"container\" data-settings=\"{&quot;jet_parallax_layout_list&quot;:[]}\">\n\t\t\t\t<div class=\"elementor-element elementor-element-e7e6315 elementor-flip-box--effect-push animated-fast elementor-flip-box--direction-up elementor-invisible elementor-widget elementor-widget-flip-box\" data-id=\"e7e6315\" data-element_type=\"widget\" data-e-type=\"widget\" data-settings=\"{&quot;_animation&quot;:&quot;zoomIn&quot;}\" data-widget_type=\"flip-box.default\">\n\t\t\t\t<div class=\"elementor-widget-container\">\n\t\t\t\t\t\t\t<div class=\"elementor-flip-box\" tabindex=\"0\">\n\t\t\t<div class=\"elementor-flip-box__layer elementor-flip-box__front\">\n\t\t\t\t<div class=\"elementor-flip-box__layer__overlay\">\n\t\t\t\t\t<div class=\"elementor-flip-box__layer__inner\">\n\t\t\t\t\t\t\n\t\t\t\t\t\t\t\t\t\t\t\t\t<h3 class=\"elementor-flip-box__layer__title\">\n\t\t\t\t\t\t\t\t3 p\u00e4iv\u00e4n kansainv\u00e4linen liikkuvuusjakso koulun opettajille ja johtajille\t\t\t\t\t\t\t<\/h3>\n\t\t\t\t\t\t\n\t\t\t\t\t\t\t\t\t\t\t<\/div>\n\t\t\t\t<\/div>\n\t\t\t<\/div>\n\t\t\t<div class=\"elementor-flip-box__layer elementor-flip-box__back\">\n\t\t\t<div class=\"elementor-flip-box__layer__overlay\">\n\t\t\t\t<div class=\"elementor-flip-box__layer__inner\">\n\t\t\t\t\t\n\t\t\t\t\t\t\t\t\t\t\t<div class=\"elementor-flip-box__layer__description\">\n\t\t\t\t\t\t\tKolmen p\u00e4iv\u00e4n intensiivikoulutus Espanjassa, jossa opettajat ja koulun johtajat oppivat innovatiivisia menetelmi\u00e4 kest\u00e4v\u00e4n kehityksen osaamisen integroimiseksi opetukseen. Koulutus sis\u00e4lt\u00e4\u00e4 vuorovaikutteisia ty\u00f6pajoja, asiantuntijavetoisia sessioita ja vertaisoppimista, painottaen k\u00e4yt\u00e4nn\u00f6n soveltamista kouluty\u00f6ss\u00e4. Osallistujat palaavat kotimaihinsa valmiina kouluttamaan kollegoitaan ja ottamaan k\u00e4ytt\u00f6\u00f6n kest\u00e4v\u00e4n kehityksen opetusta omissa kouluissaan.\t\t\t\t\t\t<\/div>\n\t\t\t\t\t\n\t\t\t\t\t\t\t\t\t\t\t<a class=\"elementor-flip-box__button elementor-button elementor-size-sm\">\n\t\t\t\t\t\t\tLis\u00e4tietoa liikkuvuusjaksosta saat t\u00e4\u00e4lt\u00e4\t\t\t\t\t\t<\/a>\n\t\t\t\t\t\t\t\t<\/div>\n\t\t<\/div>\n\t\t<\/div>\n\t\t<\/div>\n\t\t\t\t\t\t<\/div>\n\t\t\t\t<\/div>\n\t\t\t\t<div class=\"elementor-element elementor-element-463988f elementor-flip-box--effect-push animated-fast elementor-flip-box--direction-up elementor-invisible elementor-widget elementor-widget-flip-box\" data-id=\"463988f\" data-element_type=\"widget\" data-e-type=\"widget\" data-settings=\"{&quot;_animation&quot;:&quot;zoomIn&quot;}\" data-widget_type=\"flip-box.default\">\n\t\t\t\t<div class=\"elementor-widget-container\">\n\t\t\t\t\t\t\t<div class=\"elementor-flip-box\" tabindex=\"0\">\n\t\t\t<div class=\"elementor-flip-box__layer elementor-flip-box__front\">\n\t\t\t\t<div class=\"elementor-flip-box__layer__overlay\">\n\t\t\t\t\t<div class=\"elementor-flip-box__layer__inner\">\n\t\t\t\t\t\t\n\t\t\t\t\t\t\t\t\t\t\t\t\t<h3 class=\"elementor-flip-box__layer__title\">\n\t\t\t\t\t\t\t\tPaikalliset koulutukset opettajille ja koulun johtajille\t\t\t\t\t\t\t<\/h3>\n\t\t\t\t\t\t\n\t\t\t\t\t\t\t\t\t\t\t<\/div>\n\t\t\t\t<\/div>\n\t\t\t<\/div>\n\t\t\t<div class=\"elementor-flip-box__layer elementor-flip-box__back\">\n\t\t\t<div class=\"elementor-flip-box__layer__overlay\">\n\t\t\t\t<div class=\"elementor-flip-box__layer__inner\">\n\t\t\t\t\t\n\t\t\t\t\t\t\t\t\t\t\t<div class=\"elementor-flip-box__layer__description\">\n\t\t\t\t\t\t\tKansainv\u00e4lisess\u00e4 liikkuvuudessa koulutetut opettajat siirt\u00e4v\u00e4t oppimaansa paikallistasolle, j\u00e4rjest\u00e4en kaksi koulutuskertaa kussakin maassa. N\u00e4m\u00e4 25 tunnin mittaiset koulutukset tarjoavat k\u00e4yt\u00e4nn\u00f6n ty\u00f6kaluja kest\u00e4v\u00e4n kehityksen osaamisen integroimiseksi opetussuunnitelmaan. Tavoitteena on laajentaa vaikuttavuutta, jotta yh\u00e4 useammat opettajat hy\u00f6tyv\u00e4t koulutuksesta ja voivat edist\u00e4\u00e4 kest\u00e4v\u00e4n kehityksen opetusta omissa kouluissaan.\t\t\t\t\t\t<\/div>\n\t\t\t\t\t\n\t\t\t\t\t\t\t\t\t\t\t<a class=\"elementor-flip-box__button elementor-button elementor-size-sm\">\n\t\t\t\t\t\t\tLis\u00e4tietoa koulutuksesta saat t\u00e4\u00e4lt\u00e4\t\t\t\t\t\t<\/a>\n\t\t\t\t\t\t\t\t<\/div>\n\t\t<\/div>\n\t\t<\/div>\n\t\t<\/div>\n\t\t\t\t\t\t<\/div>\n\t\t\t\t<\/div>\n\t\t\t\t<div class=\"elementor-element elementor-element-0ae95f5 elementor-flip-box--effect-push animated-fast elementor-flip-box--direction-up elementor-invisible elementor-widget elementor-widget-flip-box\" data-id=\"0ae95f5\" data-element_type=\"widget\" data-e-type=\"widget\" data-settings=\"{&quot;_animation&quot;:&quot;zoomIn&quot;}\" data-widget_type=\"flip-box.default\">\n\t\t\t\t<div class=\"elementor-widget-container\">\n\t\t\t\t\t\t\t<div class=\"elementor-flip-box\" tabindex=\"0\">\n\t\t\t<div class=\"elementor-flip-box__layer elementor-flip-box__front\">\n\t\t\t\t<div class=\"elementor-flip-box__layer__overlay\">\n\t\t\t\t\t<div class=\"elementor-flip-box__layer__inner\">\n\t\t\t\t\t\t\n\t\t\t\t\t\t\t\t\t\t\t\t\t<h3 class=\"elementor-flip-box__layer__title\">\n\t\t\t\t\t\t\t\tTy\u00f6pajamateriaalipaketti\t\t\t\t\t\t\t<\/h3>\n\t\t\t\t\t\t\n\t\t\t\t\t\t\t\t\t\t\t<\/div>\n\t\t\t\t<\/div>\n\t\t\t<\/div>\n\t\t\t<div class=\"elementor-flip-box__layer elementor-flip-box__back\">\n\t\t\t<div class=\"elementor-flip-box__layer__overlay\">\n\t\t\t\t<div class=\"elementor-flip-box__layer__inner\">\n\t\t\t\t\t\n\t\t\t\t\t\t\t\t\t\t\t<div class=\"elementor-flip-box__layer__description\">\n\t\t\t\t\t\t\tKattava materiaalipaketti kest\u00e4v\u00e4n kehityksen opetukseen, joka sis\u00e4lt\u00e4\u00e4 tuntisuunnitelmia, toimintaohjeita ja opetusmateriaaleja. Paketti on suunniteltu opettajille ja koulun henkil\u00f6kunnalle, ja se tukee koulutusten yhten\u00e4ist\u00e4 toteutusta sek\u00e4 tarjoaa valmiita sis\u00e4lt\u00f6j\u00e4 ty\u00f6pajoihin ja oppitunneille. Materiaalit ovat muokattavissa eri oppimisymp\u00e4rist\u00f6ihin, ja ne edist\u00e4v\u00e4t kest\u00e4v\u00e4n kehityksen osaamista eri oppiaineissa ja ik\u00e4ryhmiss\u00e4.\t\t\t\t\t\t<\/div>\n\t\t\t\t\t\n\t\t\t\t\t\t\t\t\t\t\t<a class=\"elementor-flip-box__button elementor-button elementor-size-sm\">\n\t\t\t\t\t\t\tSiirry ty\u00f6pajamateriaalipakettiin klikkaamalla t\u00e4st\u00e4\t\t\t\t\t\t<\/a>\n\t\t\t\t\t\t\t\t<\/div>\n\t\t<\/div>\n\t\t<\/div>\n\t\t<\/div>\n\t\t\t\t\t\t<\/div>\n\t\t\t\t<\/div>\n\t\t\t\t<div class=\"elementor-element elementor-element-d2e8c73 elementor-flip-box--effect-push animated-fast elementor-flip-box--direction-up elementor-invisible elementor-widget elementor-widget-flip-box\" data-id=\"d2e8c73\" data-element_type=\"widget\" data-e-type=\"widget\" data-settings=\"{&quot;_animation&quot;:&quot;zoomIn&quot;}\" data-widget_type=\"flip-box.default\">\n\t\t\t\t<div class=\"elementor-widget-container\">\n\t\t\t\t\t\t\t<div class=\"elementor-flip-box\" tabindex=\"0\">\n\t\t\t<div class=\"elementor-flip-box__layer elementor-flip-box__front\">\n\t\t\t\t<div class=\"elementor-flip-box__layer__overlay\">\n\t\t\t\t\t<div class=\"elementor-flip-box__layer__inner\">\n\t\t\t\t\t\t\n\t\t\t\t\t\t\t\t\t\t\t\t\t<h3 class=\"elementor-flip-box__layer__title\">\n\t\t\t\t\t\t\t\tLasten kest\u00e4v\u00e4n kehityksen oppimislaboratoriot: k\u00e4yt\u00e4nn\u00f6nl\u00e4heiset opetustoiminnot\t\t\t\t\t\t\t<\/h3>\n\t\t\t\t\t\t\n\t\t\t\t\t\t\t\t\t\t\t<\/div>\n\t\t\t\t<\/div>\n\t\t\t<\/div>\n\t\t\t<div class=\"elementor-flip-box__layer elementor-flip-box__back\">\n\t\t\t<div class=\"elementor-flip-box__layer__overlay\">\n\t\t\t\t<div class=\"elementor-flip-box__layer__inner\">\n\t\t\t\t\t\n\t\t\t\t\t\t\t\t\t\t\t<div class=\"elementor-flip-box__layer__description\">\n\t\t\t\t\t\t\tK\u00e4yt\u00e4nn\u00f6nl\u00e4heiset oppimislaboratoriot kouluissa, joissa oppilaat ja vanhemmat osallistuvat kest\u00e4vyyteen keskittyviin toimintoihin. N\u00e4m\u00e4 vuorovaikutteiset ty\u00f6pajat tarjoavat lapsille mahdollisuuden kokeilla vihreit\u00e4 k\u00e4yt\u00e4nt\u00f6j\u00e4, tutkia todellisia kest\u00e4vyyshaasteita ja kehitt\u00e4\u00e4 ongelmanratkaisutaitojaan. Vanhempien osallistuminen varmistaa, ett\u00e4 kest\u00e4vyystietoisuus laajenee luokkahuoneen ulkopuolelle, edist\u00e4en muutosta kodeissa ja yhteis\u00f6iss\u00e4.\n\n\t\t\t\t\t\t<\/div>\n\t\t\t\t\t\n\t\t\t\t\t\t\t\t\t\t\t<a class=\"elementor-flip-box__button elementor-button elementor-size-sm\">\n\t\t\t\t\t\t\tLis\u00e4tietoa laboratorioista saat t\u00e4\u00e4lt\u00e4\t\t\t\t\t\t<\/a>\n\t\t\t\t\t\t\t\t<\/div>\n\t\t<\/div>\n\t\t<\/div>\n\t\t<\/div>\n\t\t\t\t\t\t<\/div>\n\t\t\t\t<\/div>\n\t\t\t\t<\/div>\n\t\t\t\t\t<\/div>\n\t\t\t\t<\/div>\n\t\t\t\t<\/div>\n\t\t","protected":false},"excerpt":{"rendered":"<p>OSAAMISEN VAHVISTAMINEN JA KOKEILUTOIMINTA T\u00e4m\u00e4 aloite vahvistaa kest\u00e4v\u00e4n kehityksen opetusta kouluttamalla opettajia, aktivoimalla kouluja ja osallistamalla oppilaita k\u00e4yt\u00e4nn\u00f6nl\u00e4heisiin toimintoihin. Kokonaisuuteen [&hellip;]<\/p>\n","protected":false},"author":1,"featured_media":0,"parent":0,"menu_order":0,"comment_status":"closed","ping_status":"closed","template":"","meta":{"site-sidebar-layout":"no-sidebar","site-content-layout":"","ast-site-content-layout":"full-width-container","site-content-style":"default","site-sidebar-style":"default","ast-global-header-display":"","ast-banner-title-visibility":"","ast-main-header-display":"","ast-hfb-above-header-display":"","ast-hfb-below-header-display":"","ast-hfb-mobile-header-display":"","site-post-title":"disabled","ast-breadcrumbs-content":"","ast-featured-img":"disabled","footer-sml-layout":"","ast-disable-related-posts":"","theme-transparent-header-meta":"default","adv-header-id-meta":"","stick-header-meta":"","header-above-stick-meta":"","header-main-stick-meta":"","header-below-stick-meta":"","astra-migrate-meta-layouts":"set","ast-page-background-enabled":"default","ast-page-background-meta":{"desktop":{"background-color":"var(--ast-global-color-5)","background-image":"","background-repeat":"repeat","background-position":"center center","background-size":"auto","background-attachment":"scroll","background-type":"","background-media":"","overlay-type":"","overlay-color":"","overlay-opacity":"","overlay-gradient":""},"tablet":{"background-color":"","background-image":"","background-repeat":"repeat","background-position":"center center","background-size":"auto","background-attachment":"scroll","background-type":"","background-media":"","overlay-type":"","overlay-color":"","overlay-opacity":"","overlay-gradient":""},"mobile":{"background-color":"","background-image":"","background-repeat":"repeat","background-position":"center center","background-size":"auto","background-attachment":"scroll","background-type":"","background-media":"","overlay-type":"","overlay-color":"","overlay-opacity":"","overlay-gradient":""}},"ast-content-background-meta":{"desktop":{"background-color":"var(--ast-global-color-4)","background-image":"","background-repeat":"repeat","background-position":"center center","background-size":"auto","background-attachment":"scroll","background-type":"","background-media":"","overlay-type":"","overlay-color":"","overlay-opacity":"","overlay-gradient":""},"tablet":{"background-color":"var(--ast-global-color-4)","background-image":"","background-repeat":"repeat","background-position":"center center","background-size":"auto","background-attachment":"scroll","background-type":"","background-media":"","overlay-type":"","overlay-color":"","overlay-opacity":"","overlay-gradient":""},"mobile":{"background-color":"var(--ast-global-color-4)","background-image":"","background-repeat":"repeat","background-position":"center center","background-size":"auto","background-attachment":"scroll","background-type":"","background-media":"","overlay-type":"","overlay-color":"","overlay-opacity":"","overlay-gradient":""}},"footnotes":""},"class_list":["post-4725","page","type-page","status-publish","hentry"],"_links":{"self":[{"href":"https:\/\/inclusive-future.eu\/fi\/wp-json\/wp\/v2\/pages\/4725","targetHints":{"allow":["GET"]}}],"collection":[{"href":"https:\/\/inclusive-future.eu\/fi\/wp-json\/wp\/v2\/pages"}],"about":[{"href":"https:\/\/inclusive-future.eu\/fi\/wp-json\/wp\/v2\/types\/page"}],"author":[{"embeddable":true,"href":"https:\/\/inclusive-future.eu\/fi\/wp-json\/wp\/v2\/users\/1"}],"replies":[{"embeddable":true,"href":"https:\/\/inclusive-future.eu\/fi\/wp-json\/wp\/v2\/comments?post=4725"}],"version-history":[{"count":7,"href":"https:\/\/inclusive-future.eu\/fi\/wp-json\/wp\/v2\/pages\/4725\/revisions"}],"predecessor-version":[{"id":5728,"href":"https:\/\/inclusive-future.eu\/fi\/wp-json\/wp\/v2\/pages\/4725\/revisions\/5728"}],"wp:attachment":[{"href":"https:\/\/inclusive-future.eu\/fi\/wp-json\/wp\/v2\/media?parent=4725"}],"curies":[{"name":"wp","href":"https:\/\/api.w.org\/{rel}","templated":true}]}}