{"id":4365,"date":"2025-03-18T14:31:42","date_gmt":"2025-03-18T14:31:42","guid":{"rendered":"https:\/\/inclusive-future.eu\/?page_id=4365"},"modified":"2025-06-03T08:41:38","modified_gmt":"2025-06-03T08:41:38","slug":"our-project","status":"publish","type":"page","link":"https:\/\/inclusive-future.eu\/fi\/our-project","title":{"rendered":"Our Project"},"content":{"rendered":"\t\t<div data-elementor-type=\"wp-page\" data-elementor-id=\"4365\" class=\"elementor elementor-4365 elementor-38\" data-elementor-post-type=\"page\">\n\t\t\t\t<div class=\"elementor-element elementor-element-c7f8856 e-con-full e-flex e-con e-parent\" data-id=\"c7f8856\" data-element_type=\"container\" data-e-type=\"container\" data-settings=\"{&quot;background_background&quot;:&quot;classic&quot;,&quot;jet_parallax_layout_list&quot;:[]}\">\n\t\t<div class=\"elementor-element elementor-element-cce1204 e-flex e-con-boxed e-con e-child\" data-id=\"cce1204\" data-element_type=\"container\" data-e-type=\"container\" data-settings=\"{&quot;jet_parallax_layout_list&quot;:[]}\">\n\t\t\t\t\t<div class=\"e-con-inner\">\n\t\t<div class=\"elementor-element elementor-element-c185779 e-flex e-con-boxed elementor-invisible e-con e-child\" data-id=\"c185779\" data-element_type=\"container\" data-e-type=\"container\" data-settings=\"{&quot;animation&quot;:&quot;fadeInLeft&quot;,&quot;jet_parallax_layout_list&quot;:[]}\">\n\t\t\t\t\t<div class=\"e-con-inner\">\n\t\t\t\t<div class=\"elementor-element elementor-element-46183e9 elementor-widget elementor-widget-heading\" data-id=\"46183e9\" data-element_type=\"widget\" data-e-type=\"widget\" data-widget_type=\"heading.default\">\n\t\t\t\t<div class=\"elementor-widget-container\">\n\t\t\t\t\t<h1 class=\"elementor-heading-title elementor-size-default\">TIETOA PROJEKTISTA<\/h1>\t\t\t\t<\/div>\n\t\t\t\t<\/div>\n\t\t\t\t<div class=\"elementor-element elementor-element-fcf402f elementor-widget__width-initial elementor-widget elementor-widget-elementskit-lottie\" data-id=\"fcf402f\" data-element_type=\"widget\" data-e-type=\"widget\" data-widget_type=\"elementskit-lottie.default\">\n\t\t\t\t<div class=\"elementor-widget-container\">\n\t\t\t\t\t<div class=\"ekit-wid-con\" ><div id=\"ekit_lottie_fcf402f\" class=\"ekit_lottie\" data-autoplay=\"true\" data-on-scroll=\"\" data-speed=\"1\" data-direction=\"\" data-action=\"\" data-renderer=\"svg\" data-path=\"https:\/\/inclusive-future.eu\/wp-content\/uploads\/2025\/03\/Project-1.json\" data-loop=\"true\">&nbsp;<\/div><\/div>\t\t\t\t<\/div>\n\t\t\t\t<\/div>\n\t\t\t\t\t<\/div>\n\t\t\t\t<\/div>\n\t\t<div class=\"elementor-element elementor-element-d1808cd e-con-full e-flex elementor-invisible e-con e-child\" data-id=\"d1808cd\" data-element_type=\"container\" data-e-type=\"container\" data-settings=\"{&quot;animation&quot;:&quot;fadeInRight&quot;,&quot;jet_parallax_layout_list&quot;:[]}\">\n\t\t\t\t<div class=\"elementor-element elementor-element-990a476 elementor-widget elementor-widget-text-editor\" data-id=\"990a476\" data-element_type=\"widget\" data-e-type=\"widget\" data-widget_type=\"text-editor.default\">\n\t\t\t\t<div class=\"elementor-widget-container\">\n\t\t\t\t\t\t\t\t\t<p>Inclusive Future on muutosvoimainen aloite, jonka tavoitteena on integroida kest\u00e4v\u00e4n kehityksen osaaminen osaksi koulutusta ja samalla edist\u00e4\u00e4 osallistavia oppimisymp\u00e4rist\u00f6j\u00e4. Erasmus+ -ohjelman yhteisrahoittama hanke vastaa kiireelliseen tarpeeseen lis\u00e4t\u00e4 kest\u00e4v\u00e4n kehityksen koulutusta tarjoamalla oppilaille ja opettajille tarvittavat taidot ja tiedot ymp\u00e4rist\u00f6llisten, sosiaalisten ja taloudellisten haasteiden kohtaamiseen.<\/p><p>Missiomme on tukea kouluja kest\u00e4vyyteen liittyv\u00e4n osaamisen sis\u00e4llytt\u00e4misess\u00e4 opetussuunnitelmiin kehitt\u00e4m\u00e4ll\u00e4 innovatiivisia pedagogisia malleja, tarjoamalla opettajille t\u00e4ydennyskoulutusta sek\u00e4 edist\u00e4m\u00e4ll\u00e4 yhteisty\u00f6t\u00e4 p\u00e4\u00e4tt\u00e4jien, opetusalan toimijoiden ja yhteis\u00f6jen v\u00e4lill\u00e4. Hy\u00f6dynt\u00e4m\u00e4ll\u00e4 GreenComp-viitekehyst\u00e4 varmistamme, ett\u00e4 kest\u00e4vyyskasvatus on kokonaisvaltaista, osallistavaa ja k\u00e4yt\u00e4nn\u00f6nl\u00e4heist\u00e4.<\/p><p>Toimintaamme toteutetaan useissa Euroopan maissa \u2013 Bulgariassa, Espanjassa, Unkarissa, Portugalissa, Suomessa, Kreikassa, Romaniassa ja Turkissa \u2013 ja se edist\u00e4\u00e4 valtioiden v\u00e4list\u00e4 yhteisty\u00f6t\u00e4 ja tiedonvaihtoa. Koulutusohjelmien, vuorovaikutteisten oppimateriaalien ja kouluille suunnatun sertifiointimallin avulla annamme opettajille, oppilaille ja vanhemmille v\u00e4lineit\u00e4 toimia muutoksen tekij\u00f6in\u00e4 omissa yhteis\u00f6iss\u00e4\u00e4n.<\/p><p>L\u00e4hestymistapamme on kokonaisvaltainen ja osallistava: asetamme etusijalle maaseutualueiden ja syrj\u00e4ytymisvaarassa olevien alueiden koulujen osallistumisen varmistaaksemme tasa-arvoisen p\u00e4\u00e4syn laadukkaaseen kest\u00e4vyyskasvatukseen. Yhdist\u00e4m\u00e4ll\u00e4 digitaaliset ty\u00f6kalut, kokeilevia linjauksia ja innovatiiviset opetusmenetelm\u00e4t pyrimme kuromaan umpeen linjausten ja k\u00e4yt\u00e4nn\u00f6n v\u00e4list\u00e4 kuilua ja luomaan pysyv\u00e4\u00e4 vaikutusta Euroopan koulutusj\u00e4rjestelmiin.<\/p><p>Liity mukaan rakentamaan vihre\u00e4mp\u00e4\u00e4 ja oikeudenmukaisempaa tulevaisuutta \u2013 jossa koulutus on avain kest\u00e4vyyteen ja inklusiivisuuteen.<\/p>\t\t\t\t\t\t\t\t<\/div>\n\t\t\t\t<\/div>\n\t\t\t\t<\/div>\n\t\t\t\t\t<\/div>\n\t\t\t\t<\/div>\n\t\t\t\t<\/div>\n\t\t\t\t<\/div>\n\t\t","protected":false},"excerpt":{"rendered":"<p>TIETOA PROJEKTISTA &nbsp; Inclusive Future on muutosvoimainen aloite, jonka tavoitteena on integroida kest\u00e4v\u00e4n kehityksen osaaminen osaksi koulutusta ja samalla edist\u00e4\u00e4 [&hellip;]<\/p>\n","protected":false},"author":1,"featured_media":0,"parent":0,"menu_order":0,"comment_status":"closed","ping_status":"closed","template":"","meta":{"site-sidebar-layout":"no-sidebar","site-content-layout":"","ast-site-content-layout":"full-width-container","site-content-style":"default","site-sidebar-style":"default","ast-global-header-display":"","ast-banner-title-visibility":"","ast-main-header-display":"","ast-hfb-above-header-display":"","ast-hfb-below-header-display":"","ast-hfb-mobile-header-display":"","site-post-title":"disabled","ast-breadcrumbs-content":"","ast-featured-img":"disabled","footer-sml-layout":"","ast-disable-related-posts":"","theme-transparent-header-meta":"default","adv-header-id-meta":"","stick-header-meta":"","header-above-stick-meta":"","header-main-stick-meta":"","header-below-stick-meta":"","astra-migrate-meta-layouts":"set","ast-page-background-enabled":"default","ast-page-background-meta":{"desktop":{"background-color":"var(--ast-global-color-5)","background-image":"","background-repeat":"repeat","background-position":"center center","background-size":"auto","background-attachment":"scroll","background-type":"","background-media":"","overlay-type":"","overlay-color":"","overlay-opacity":"","overlay-gradient":""},"tablet":{"background-color":"","background-image":"","background-repeat":"repeat","background-position":"center center","background-size":"auto","background-attachment":"scroll","background-type":"","background-media":"","overlay-type":"","overlay-color":"","overlay-opacity":"","overlay-gradient":""},"mobile":{"background-color":"","background-image":"","background-repeat":"repeat","background-position":"center center","background-size":"auto","background-attachment":"scroll","background-type":"","background-media":"","overlay-type":"","overlay-color":"","overlay-opacity":"","overlay-gradient":""}},"ast-content-background-meta":{"desktop":{"background-color":"var(--ast-global-color-4)","background-image":"","background-repeat":"repeat","background-position":"center center","background-size":"auto","background-attachment":"scroll","background-type":"","background-media":"","overlay-type":"","overlay-color":"","overlay-opacity":"","overlay-gradient":""},"tablet":{"background-color":"var(--ast-global-color-4)","background-image":"","background-repeat":"repeat","background-position":"center center","background-size":"auto","background-attachment":"scroll","background-type":"","background-media":"","overlay-type":"","overlay-color":"","overlay-opacity":"","overlay-gradient":""},"mobile":{"background-color":"var(--ast-global-color-4)","background-image":"","background-repeat":"repeat","background-position":"center center","background-size":"auto","background-attachment":"scroll","background-type":"","background-media":"","overlay-type":"","overlay-color":"","overlay-opacity":"","overlay-gradient":""}},"footnotes":""},"class_list":["post-4365","page","type-page","status-publish","hentry"],"_links":{"self":[{"href":"https:\/\/inclusive-future.eu\/fi\/wp-json\/wp\/v2\/pages\/4365","targetHints":{"allow":["GET"]}}],"collection":[{"href":"https:\/\/inclusive-future.eu\/fi\/wp-json\/wp\/v2\/pages"}],"about":[{"href":"https:\/\/inclusive-future.eu\/fi\/wp-json\/wp\/v2\/types\/page"}],"author":[{"embeddable":true,"href":"https:\/\/inclusive-future.eu\/fi\/wp-json\/wp\/v2\/users\/1"}],"replies":[{"embeddable":true,"href":"https:\/\/inclusive-future.eu\/fi\/wp-json\/wp\/v2\/comments?post=4365"}],"version-history":[{"count":10,"href":"https:\/\/inclusive-future.eu\/fi\/wp-json\/wp\/v2\/pages\/4365\/revisions"}],"predecessor-version":[{"id":4465,"href":"https:\/\/inclusive-future.eu\/fi\/wp-json\/wp\/v2\/pages\/4365\/revisions\/4465"}],"wp:attachment":[{"href":"https:\/\/inclusive-future.eu\/fi\/wp-json\/wp\/v2\/media?parent=4365"}],"curies":[{"name":"wp","href":"https:\/\/api.w.org\/{rel}","templated":true}]}}