{"id":4370,"date":"2025-03-18T14:31:42","date_gmt":"2025-03-18T14:31:42","guid":{"rendered":"https:\/\/inclusive-future.eu\/?page_id=4370"},"modified":"2025-06-03T08:45:03","modified_gmt":"2025-06-03T08:45:03","slug":"our-project","status":"publish","type":"page","link":"https:\/\/inclusive-future.eu\/es\/our-project","title":{"rendered":"Our Project"},"content":{"rendered":"\t\t<div data-elementor-type=\"wp-page\" data-elementor-id=\"4370\" class=\"elementor elementor-4370 elementor-38\" data-elementor-post-type=\"page\">\n\t\t\t\t<div class=\"elementor-element elementor-element-12d4a51 e-con-full e-flex e-con e-parent\" data-id=\"12d4a51\" data-element_type=\"container\" data-e-type=\"container\" data-settings=\"{&quot;background_background&quot;:&quot;classic&quot;,&quot;jet_parallax_layout_list&quot;:[]}\">\n\t\t<div class=\"elementor-element elementor-element-881bb56 e-flex e-con-boxed e-con e-child\" data-id=\"881bb56\" data-element_type=\"container\" data-e-type=\"container\" data-settings=\"{&quot;jet_parallax_layout_list&quot;:[]}\">\n\t\t\t\t\t<div class=\"e-con-inner\">\n\t\t<div class=\"elementor-element elementor-element-0992292 e-flex e-con-boxed elementor-invisible e-con e-child\" data-id=\"0992292\" data-element_type=\"container\" data-e-type=\"container\" data-settings=\"{&quot;animation&quot;:&quot;fadeInLeft&quot;,&quot;jet_parallax_layout_list&quot;:[]}\">\n\t\t\t\t\t<div class=\"e-con-inner\">\n\t\t\t\t<div class=\"elementor-element elementor-element-dabc4eb elementor-widget elementor-widget-heading\" data-id=\"dabc4eb\" data-element_type=\"widget\" data-e-type=\"widget\" data-widget_type=\"heading.default\">\n\t\t\t\t<div class=\"elementor-widget-container\">\n\t\t\t\t\t<h1 class=\"elementor-heading-title elementor-size-default\">NUESTRO PROYECTO<\/h1>\t\t\t\t<\/div>\n\t\t\t\t<\/div>\n\t\t\t\t<div class=\"elementor-element elementor-element-1b356d9 elementor-widget__width-initial elementor-widget elementor-widget-elementskit-lottie\" data-id=\"1b356d9\" data-element_type=\"widget\" data-e-type=\"widget\" data-widget_type=\"elementskit-lottie.default\">\n\t\t\t\t<div class=\"elementor-widget-container\">\n\t\t\t\t\t<div class=\"ekit-wid-con\" ><div id=\"ekit_lottie_1b356d9\" class=\"ekit_lottie\" data-autoplay=\"true\" data-on-scroll=\"\" data-speed=\"1\" data-direction=\"\" data-action=\"\" data-renderer=\"svg\" data-path=\"https:\/\/inclusive-future.eu\/wp-content\/uploads\/2025\/03\/Project-1.json\" data-loop=\"true\">&nbsp;<\/div><\/div>\t\t\t\t<\/div>\n\t\t\t\t<\/div>\n\t\t\t\t\t<\/div>\n\t\t\t\t<\/div>\n\t\t<div class=\"elementor-element elementor-element-a1faa6c e-con-full e-flex elementor-invisible e-con e-child\" data-id=\"a1faa6c\" data-element_type=\"container\" data-e-type=\"container\" data-settings=\"{&quot;animation&quot;:&quot;fadeInRight&quot;,&quot;jet_parallax_layout_list&quot;:[]}\">\n\t\t\t\t<div class=\"elementor-element elementor-element-772a039 elementor-widget elementor-widget-text-editor\" data-id=\"772a039\" data-element_type=\"widget\" data-e-type=\"widget\" data-widget_type=\"text-editor.default\">\n\t\t\t\t<div class=\"elementor-widget-container\">\n\t\t\t\t\t\t\t\t\t<p>Inclusive Future es una iniciativa transformadora destinada a integrar las competencias de sostenibilidad en la educaci\u00f3n, fomentando al mismo tiempo entornos de aprendizaje inclusivos. Este proyecto, cofinanciado por el Programa Erasmus+, aborda la urgente necesidad de una educaci\u00f3n sostenible dotando a estudiantes y docentes de las habilidades y conocimientos necesarios para afrontar los retos medioambientales, sociales y econ\u00f3micos actuales.<\/p><p>Nuestra misi\u00f3n es ayudar a las escuelas a integrar las competencias de sostenibilidad en sus planes de estudios desarrollando modelos pedag\u00f3gicos innovadores, ofreciendo formaci\u00f3n profesional a los profesores y fomentando la colaboraci\u00f3n entre los responsables pol\u00edticos, los educadores y las comunidades. Aprovechando el marco GreenComp, nos aseguramos de que la educaci\u00f3n para la sostenibilidad sea completa, integradora y pr\u00e1ctica.<\/p><p>Abarcando varios pa\u00edses europeos, como Bulgaria, Espa\u00f1a, Hungr\u00eda, Portugal, Finlandia, Grecia, Ruman\u00eda y Turqu\u00eda, el proyecto promueve la cooperaci\u00f3n transfronteriza y el intercambio de conocimientos. Mediante programas de formaci\u00f3n, material did\u00e1ctico interactivo y modelos de certificaci\u00f3n escolar, capacitamos a profesores, alumnos y padres para que se conviertan en agentes del cambio en sus comunidades.<\/p><p>Nuestro enfoque es hol\u00edstico e integrador: damos prioridad a la participaci\u00f3n de las escuelas de las zonas rurales y marginadas, garantizando un acceso equitativo a una educaci\u00f3n de calidad en materia de sostenibilidad. Mediante la integraci\u00f3n de herramientas digitales, experimentaci\u00f3n pol\u00edtica y estrategias pedag\u00f3gicas innovadoras, pretendemos salvar la distancia entre la pol\u00edtica y la pr\u00e1ctica, creando un impacto duradero en los sistemas educativos de toda Europa.<\/p><p>\u00danete a nosotros en la construcci\u00f3n de un futuro m\u00e1s verde y justo, en el que la educaci\u00f3n sea la clave de la sostenibilidad y la inclusi\u00f3n.<\/p>\t\t\t\t\t\t\t\t<\/div>\n\t\t\t\t<\/div>\n\t\t\t\t<\/div>\n\t\t\t\t\t<\/div>\n\t\t\t\t<\/div>\n\t\t\t\t<\/div>\n\t\t\t\t<\/div>\n\t\t","protected":false},"excerpt":{"rendered":"<p>NUESTRO PROYECTO &nbsp; Inclusive Future es una iniciativa transformadora destinada a integrar las competencias de sostenibilidad en la educaci\u00f3n, fomentando [&hellip;]<\/p>\n","protected":false},"author":1,"featured_media":0,"parent":0,"menu_order":0,"comment_status":"closed","ping_status":"closed","template":"","meta":{"site-sidebar-layout":"no-sidebar","site-content-layout":"","ast-site-content-layout":"full-width-container","site-content-style":"default","site-sidebar-style":"default","ast-global-header-display":"","ast-banner-title-visibility":"","ast-main-header-display":"","ast-hfb-above-header-display":"","ast-hfb-below-header-display":"","ast-hfb-mobile-header-display":"","site-post-title":"disabled","ast-breadcrumbs-content":"","ast-featured-img":"disabled","footer-sml-layout":"","ast-disable-related-posts":"","theme-transparent-header-meta":"default","adv-header-id-meta":"","stick-header-meta":"","header-above-stick-meta":"","header-main-stick-meta":"","header-below-stick-meta":"","astra-migrate-meta-layouts":"set","ast-page-background-enabled":"default","ast-page-background-meta":{"desktop":{"background-color":"var(--ast-global-color-5)","background-image":"","background-repeat":"repeat","background-position":"center center","background-size":"auto","background-attachment":"scroll","background-type":"","background-media":"","overlay-type":"","overlay-color":"","overlay-opacity":"","overlay-gradient":""},"tablet":{"background-color":"","background-image":"","background-repeat":"repeat","background-position":"center center","background-size":"auto","background-attachment":"scroll","background-type":"","background-media":"","overlay-type":"","overlay-color":"","overlay-opacity":"","overlay-gradient":""},"mobile":{"background-color":"","background-image":"","background-repeat":"repeat","background-position":"center center","background-size":"auto","background-attachment":"scroll","background-type":"","background-media":"","overlay-type":"","overlay-color":"","overlay-opacity":"","overlay-gradient":""}},"ast-content-background-meta":{"desktop":{"background-color":"var(--ast-global-color-4)","background-image":"","background-repeat":"repeat","background-position":"center center","background-size":"auto","background-attachment":"scroll","background-type":"","background-media":"","overlay-type":"","overlay-color":"","overlay-opacity":"","overlay-gradient":""},"tablet":{"background-color":"var(--ast-global-color-4)","background-image":"","background-repeat":"repeat","background-position":"center center","background-size":"auto","background-attachment":"scroll","background-type":"","background-media":"","overlay-type":"","overlay-color":"","overlay-opacity":"","overlay-gradient":""},"mobile":{"background-color":"var(--ast-global-color-4)","background-image":"","background-repeat":"repeat","background-position":"center center","background-size":"auto","background-attachment":"scroll","background-type":"","background-media":"","overlay-type":"","overlay-color":"","overlay-opacity":"","overlay-gradient":""}},"footnotes":""},"class_list":["post-4370","page","type-page","status-publish","hentry"],"_links":{"self":[{"href":"https:\/\/inclusive-future.eu\/es\/wp-json\/wp\/v2\/pages\/4370","targetHints":{"allow":["GET"]}}],"collection":[{"href":"https:\/\/inclusive-future.eu\/es\/wp-json\/wp\/v2\/pages"}],"about":[{"href":"https:\/\/inclusive-future.eu\/es\/wp-json\/wp\/v2\/types\/page"}],"author":[{"embeddable":true,"href":"https:\/\/inclusive-future.eu\/es\/wp-json\/wp\/v2\/users\/1"}],"replies":[{"embeddable":true,"href":"https:\/\/inclusive-future.eu\/es\/wp-json\/wp\/v2\/comments?post=4370"}],"version-history":[{"count":4,"href":"https:\/\/inclusive-future.eu\/es\/wp-json\/wp\/v2\/pages\/4370\/revisions"}],"predecessor-version":[{"id":4480,"href":"https:\/\/inclusive-future.eu\/es\/wp-json\/wp\/v2\/pages\/4370\/revisions\/4480"}],"wp:attachment":[{"href":"https:\/\/inclusive-future.eu\/es\/wp-json\/wp\/v2\/media?parent=4370"}],"curies":[{"name":"wp","href":"https:\/\/api.w.org\/{rel}","templated":true}]}}